{"id":1954,"date":"2023-09-05T16:33:21","date_gmt":"2023-09-05T16:33:21","guid":{"rendered":"https:\/\/www.calisi.rs\/lokacija\/"},"modified":"2023-12-21T23:53:42","modified_gmt":"2023-12-21T23:53:42","slug":"lokacija","status":"publish","type":"page","link":"https:\/\/www.calisi.rs\/sr\/lokacija\/","title":{"rendered":"LOKACIJA"},"content":{"rendered":"<section class=\"wpb-content-wrapper\"><p>[vc_row css=&#8220;.vc_custom_1693936143991{margin-bottom: 50px !important;}&#8220;][vc_column][vc_row_inner][vc_column_inner][vc_column_text css=&#8220;.vc_custom_1703202779298{margin-bottom: 50px !important;}&#8220;]<\/p>\n<h2 style=\"text-align: center;\">ZNAMENITOSTI U BLIZINI CALISI HOTELA<\/h2>\n<p>[\/vc_column_text]<div class=\"qodef-blog-list-holder qodef-bl-standard qodef-bl-four-columns qodef-normal-space qodef-bl-pag-no-pagination\"  data-type=standard data-number-of-posts=4 data-number-of-columns=4 data-space-between-items=normal data-orderby=date data-order=ASC data-image-size=iver_select_square data-title-tag=h3 data-excerpt-length=40 data-post-info-section=yes data-post-info-image=yes data-post-info-author=no data-post-info-date=yes data-post-info-category=no data-post-info-comments=yes data-post-info-excerpt=no data-post-info-button=no data-post-info-like=no data-post-info-share=no data-pagination-type=no-pagination data-max-num-pages=3 data-next-page=2>\n\t<div class=\"qodef-bl-wrapper qodef-outer-space\">\n\t\t<ul class=\"qodef-blog-list\">\n\t\t\t<li class=\"qodef-bl-item qodef-item-space clearfix\">\n    <div class=\"qodef-bli-inner\">\n        \n\t<div class=\"qodef-post-image\">\n\t\t\t\t\t<a itemprop=\"url\" href=\"https:\/\/www.calisi.rs\/sr\/saborna-crkva\/\" title=\"Saborna Crkva\">\n\t\t\t\t\t<img loading=\"lazy\" decoding=\"async\" width=\"550\" height=\"400\" src=\"https:\/\/www.calisi.rs\/wp-content\/uploads\/2023\/11\/saborna-crkva-1-550x400.jpg\" class=\"attachment-iver_select_square size-iver_select_square wp-post-image\" alt=\"\" \/>\t\t\t\t\t<\/a>\n\t\t\t\t\t<\/div>\n        <div class=\"qodef-bli-content\">\n            \n<h3 itemprop=\"name\" class=\"entry-title qodef-post-title\" >\n            <a itemprop=\"url\" href=\"https:\/\/www.calisi.rs\/sr\/saborna-crkva\/\" title=\"Saborna Crkva\">\n            Saborna Crkva            <\/a>\n    <\/h3>\n                            <div class=\"qodef-bli-info\">\n                    <div itemprop=\"dateCreated\" class=\"qodef-post-info-date entry-date published updated\">\n            <a itemprop=\"url\" href=\"https:\/\/www.calisi.rs\/sr\/2023\/09\/\">\n    \n        05\/09\/2023        <\/a>\n    <meta itemprop=\"interactionCount\" content=\"UserComments: 0\"\/>\n<\/div>\t<div class=\"qodef-post-info-comments-holder\">\n\t\t<a itemprop=\"url\" class=\"qodef-post-info-comments\" href=\"https:\/\/www.calisi.rs\/sr\/saborna-crkva\/#respond\">\n\t\t\t0 Comments\t\t<\/a>\n\t<\/div>\n                <\/div>\n            \n                    <\/div>\n    <\/div>\n<\/li><li class=\"qodef-bl-item qodef-item-space clearfix\">\n    <div class=\"qodef-bli-inner\">\n        \n\t<div class=\"qodef-post-image\">\n\t\t\t\t\t<a itemprop=\"url\" href=\"https:\/\/www.calisi.rs\/sr\/kalemegdan\/\" title=\"Kalemegdan\">\n\t\t\t\t\t<img loading=\"lazy\" decoding=\"async\" width=\"550\" height=\"400\" src=\"https:\/\/www.calisi.rs\/wp-content\/uploads\/2023\/11\/kalemegdan-cal-1-550x400.jpg\" class=\"attachment-iver_select_square size-iver_select_square wp-post-image\" alt=\"\" \/>\t\t\t\t\t<\/a>\n\t\t\t\t\t<\/div>\n        <div class=\"qodef-bli-content\">\n            \n<h3 itemprop=\"name\" class=\"entry-title qodef-post-title\" >\n            <a itemprop=\"url\" href=\"https:\/\/www.calisi.rs\/sr\/kalemegdan\/\" title=\"Kalemegdan\">\n            Kalemegdan            <\/a>\n    <\/h3>\n                            <div class=\"qodef-bli-info\">\n                    <div itemprop=\"dateCreated\" class=\"qodef-post-info-date entry-date published updated\">\n            <a itemprop=\"url\" href=\"https:\/\/www.calisi.rs\/sr\/2023\/09\/\">\n    \n        05\/09\/2023        <\/a>\n    <meta itemprop=\"interactionCount\" content=\"UserComments: 0\"\/>\n<\/div>\t<div class=\"qodef-post-info-comments-holder\">\n\t\t<a itemprop=\"url\" class=\"qodef-post-info-comments\" href=\"https:\/\/www.calisi.rs\/sr\/kalemegdan\/#respond\">\n\t\t\t0 Comments\t\t<\/a>\n\t<\/div>\n                <\/div>\n            \n                    <\/div>\n    <\/div>\n<\/li><li class=\"qodef-bl-item qodef-item-space clearfix\">\n    <div class=\"qodef-bli-inner\">\n        \n\t<div class=\"qodef-post-image\">\n\t\t\t\t\t<a itemprop=\"url\" href=\"https:\/\/www.calisi.rs\/sr\/knez-mihailova-ulica\/\" title=\"Knez Mihailova ulica\">\n\t\t\t\t\t<img loading=\"lazy\" decoding=\"async\" width=\"550\" height=\"400\" src=\"https:\/\/www.calisi.rs\/wp-content\/uploads\/2023\/11\/cal-knez-mihailova-2-550x400.jpg\" class=\"attachment-iver_select_square size-iver_select_square wp-post-image\" alt=\"\" \/>\t\t\t\t\t<\/a>\n\t\t\t\t\t<\/div>\n        <div class=\"qodef-bli-content\">\n            \n<h3 itemprop=\"name\" class=\"entry-title qodef-post-title\" >\n            <a itemprop=\"url\" href=\"https:\/\/www.calisi.rs\/sr\/knez-mihailova-ulica\/\" title=\"Knez Mihailova ulica\">\n            Knez Mihailova ulica            <\/a>\n    <\/h3>\n                            <div class=\"qodef-bli-info\">\n                    <div itemprop=\"dateCreated\" class=\"qodef-post-info-date entry-date published updated\">\n            <a itemprop=\"url\" href=\"https:\/\/www.calisi.rs\/sr\/2023\/09\/\">\n    \n        05\/09\/2023        <\/a>\n    <meta itemprop=\"interactionCount\" content=\"UserComments: 0\"\/>\n<\/div>\t<div class=\"qodef-post-info-comments-holder\">\n\t\t<a itemprop=\"url\" class=\"qodef-post-info-comments\" href=\"https:\/\/www.calisi.rs\/sr\/knez-mihailova-ulica\/#respond\">\n\t\t\t0 Comments\t\t<\/a>\n\t<\/div>\n                <\/div>\n            \n                    <\/div>\n    <\/div>\n<\/li><li class=\"qodef-bl-item qodef-item-space clearfix\">\n    <div class=\"qodef-bli-inner\">\n        \n\t<div class=\"qodef-post-image\">\n\t\t\t\t\t<a itemprop=\"url\" href=\"https:\/\/www.calisi.rs\/sr\/beton-hala\/\" title=\"Beton Hala\">\n\t\t\t\t\t<img loading=\"lazy\" decoding=\"async\" width=\"550\" height=\"400\" src=\"https:\/\/www.calisi.rs\/wp-content\/uploads\/2023\/09\/cal-bet-2-550x400.jpg\" class=\"attachment-iver_select_square size-iver_select_square wp-post-image\" alt=\"\" \/>\t\t\t\t\t<\/a>\n\t\t\t\t\t<\/div>\n        <div class=\"qodef-bli-content\">\n            \n<h3 itemprop=\"name\" class=\"entry-title qodef-post-title\" >\n            <a itemprop=\"url\" href=\"https:\/\/www.calisi.rs\/sr\/beton-hala\/\" title=\"Beton Hala\">\n            Beton Hala            <\/a>\n    <\/h3>\n                            <div class=\"qodef-bli-info\">\n                    <div itemprop=\"dateCreated\" class=\"qodef-post-info-date entry-date published updated\">\n            <a itemprop=\"url\" href=\"https:\/\/www.calisi.rs\/sr\/2023\/09\/\">\n    \n        05\/09\/2023        <\/a>\n    <meta itemprop=\"interactionCount\" content=\"UserComments: 0\"\/>\n<\/div>\t<div class=\"qodef-post-info-comments-holder\">\n\t\t<a itemprop=\"url\" class=\"qodef-post-info-comments\" href=\"https:\/\/www.calisi.rs\/sr\/beton-hala\/#respond\">\n\t\t\t0 Comments\t\t<\/a>\n\t<\/div>\n                <\/div>\n            \n                    <\/div>\n    <\/div>\n<\/li>\t\t<\/ul>\n\t<\/div>\n\t<\/div>[\/vc_column_inner][\/vc_row_inner][\/vc_column][\/vc_row][vc_row full_width=&#8220;stretch_row_content_no_spaces&#8220; el_class=&#8220;riverview-rev-wrapper&#8220;][vc_column el_class=&#8220;riverview-rev&#8220;]\n\t\t\t\t<p class=\"rs-p-wp-fix\"><\/p>\n\t\t\t\t<sr7-module data-alias=\"bgd-1\" data-id=\"17\" id=\"SR7_17_1\" class=\"rs-ov-hidden\" data-version=\"6.7.4\">\n\t\t\t\t\t<sr7-adjuster><\/sr7-adjuster>\n\t\t\t\t\t<sr7-content>\n\t\t\t\t\t\t<sr7-slide id=\"SR7_17_1-28\" data-key=\"28\">\n\t\t\t\t\t\t\t<sr7-txt id=\"SR7_17_1-28-1\" class=\"sr7-layer\">U SRCU BEOGRADA<\/sr7-txt>\n\t\t\t\t\t\t\t<sr7-txt id=\"SR7_17_1-28-2\" class=\"sr7-layer\">U\u017eivajte u savskom re\u010dnom spokoju\nDo\u017eivite su\u0161tinu poznatog noc\u0301nog \u017eivota Beograda\nSa na\u0161im Calisi, prona\u0111ite sebe izme\u0111u<\/sr7-txt>\n\t\t\t\t\t\t\t<a id=\"SR7_17_1-28-3\" class=\"sr7-layer\" href=\"https:\/\/www.google.com\/maps\/place\/Calisi+Hotel+%26+Restaurant\/@44.8157392,20.4501604,15z\/data=!4m6!3m5!1s0x475a651b55982a1b:0xa760f0e9dfa5811d!8m2!3d44.8157392!4d20.4501604!16s%2Fg%2F11k52rcm1w\" target=\"_blank\" rel=\"noopener\">LOKACIJA<\/a>\n\t\t\t\t\t\t<\/sr7-slide>\n\t\t\t\t\t\t<sr7-slide id=\"SR7_17_1-54\" data-key=\"54\">\n\t\t\t\t\t\t<\/sr7-slide>\n\t\t\t\t\t<\/sr7-content>\n\t\t\t\t\t<image_lists style=\"display:none\">\n\t\t\t\t\t\t<img data-src=\"BdgnbdoVkyY\" alt=\"cdn_helper\" width=\"0\" height=\"0\" data-dbsrc=\"QmRnbmJkb1ZreVk=\"\/>\n\t\t\t\t\t<\/image_lists>\n\t\t\t\t<\/sr7-module>\n\t\t\t\t<script>\n\t\t\t\t\tSR7.PMH ??={}; SR7.PMH[\"SR7_17_1\"] = {cn:0,state:false,fn: function() { if (_tpt!==undefined && _tpt.prepareModuleHeight !== undefined) {  _tpt.prepareModuleHeight({id:\"SR7_17_1\",el:[900,900,768,960,720],type:'standard',shdw:'0',gh:[900,900,,,],gw:[1240,1240,1024,778,480],vpt:['100px'],size:{fullWidth:true, fullHeight:false},mh:'0',onh:0,onw:0,bg:{color:'{\"orig\":\"transparent\",\"type\":\"solid\",\"string\":\"transparent\"}'}});   SR7.PMH[\"SR7_17_1\"].state=true;} else if((SR7.PMH[\"SR7_17_1\"].cn++)<100)\tsetTimeout( SR7.PMH[\"SR7_17_1\"].fn,19);}};SR7.PMH[\"SR7_17_1\" ].fn();\n\t\t\t\t<\/script>\n[\/vc_column][\/vc_row][vc_row css=&#8220;.vc_custom_1693932557946{margin-top: 100px !important;margin-bottom: 50px !important;}&#8220;][vc_column][vc_row_inner row_content_width=&#8220;grid&#8220;][vc_column_inner width=&#8220;1\/2&#8243;]\n<div class=\"wpcf7 no-js\" id=\"wpcf7-f1045-o1\" lang=\"sr-RS\" dir=\"ltr\" data-wpcf7-id=\"1045\">\n<div class=\"screen-reader-response\"><p role=\"status\" aria-live=\"polite\" aria-atomic=\"true\"><\/p> <ul><\/ul><\/div>\n<form action=\"\/sr\/wp-json\/wp\/v2\/pages\/1954#wpcf7-f1045-o1\" method=\"post\" class=\"wpcf7-form init cf7_custom_style_3\" aria-label=\"Contact form\" novalidate=\"novalidate\" data-status=\"init\">\n<fieldset class=\"hidden-fields-container\"><input type=\"hidden\" name=\"_wpcf7\" value=\"1045\" \/><input type=\"hidden\" name=\"_wpcf7_version\" value=\"6.1.3\" \/><input type=\"hidden\" name=\"_wpcf7_locale\" value=\"sr_RS\" \/><input type=\"hidden\" name=\"_wpcf7_unit_tag\" value=\"wpcf7-f1045-o1\" \/><input type=\"hidden\" name=\"_wpcf7_container_post\" value=\"0\" \/><input type=\"hidden\" name=\"_wpcf7_posted_data_hash\" value=\"\" \/>\n<\/fieldset>\n<p><label> Va\u0161e ime<br \/>\n<span class=\"wpcf7-form-control-wrap\" data-name=\"your-name\"><input size=\"40\" maxlength=\"400\" class=\"wpcf7-form-control wpcf7-text wpcf7-validates-as-required\" aria-required=\"true\" aria-invalid=\"false\" value=\"\" type=\"text\" name=\"your-name\" \/><\/span> <\/label>\n<\/p>\n<p><label> Va\u0161 email<br \/>\n<span class=\"wpcf7-form-control-wrap\" data-name=\"your-email\"><input size=\"40\" maxlength=\"400\" class=\"wpcf7-form-control wpcf7-email wpcf7-validates-as-required wpcf7-text wpcf7-validates-as-email\" aria-required=\"true\" aria-invalid=\"false\" value=\"\" type=\"email\" name=\"your-email\" \/><\/span> <\/label>\n<\/p>\n<p><label> Naslov<br \/>\n<span class=\"wpcf7-form-control-wrap\" data-name=\"your-subject\"><input size=\"40\" maxlength=\"400\" class=\"wpcf7-form-control wpcf7-text wpcf7-validates-as-required\" aria-required=\"true\" aria-invalid=\"false\" value=\"\" type=\"text\" name=\"your-subject\" \/><\/span> <\/label>\n<\/p>\n<p><label> Poruka (optional)<br \/>\n<span class=\"wpcf7-form-control-wrap\" data-name=\"your-message\"><textarea cols=\"40\" rows=\"10\" maxlength=\"2000\" class=\"wpcf7-form-control wpcf7-textarea\" aria-invalid=\"false\" name=\"your-message\"><\/textarea><\/span> <\/label>\n<\/p>\n<p><input class=\"wpcf7-form-control wpcf7-submit has-spinner\" type=\"submit\" value=\"Po\u0161alji\" \/>\n<\/p><div class=\"wpcf7-response-output\" aria-hidden=\"true\"><\/div>\n<\/form>\n<\/div>\n[\/vc_column_inner][vc_column_inner width=&#8220;1\/2&#8243;][vc_column_text]<\/p>\n<h3>KONTAKTIRAJTE NAS<\/h3>\n<h4>CALISI BEOGRAD<\/h4>\n<p>Tel: +381 11 69 65 800<\/p>\n<p>Tel: +381 11 69 65 800 43<\/p>\n<p>email: hotel@calisi.rs<\/p>\n<p>Adresa: Karadjordjeva 35[\/vc_column_text][\/vc_column_inner][\/vc_row_inner][\/vc_column][\/vc_row][vc_row full_width=&#8220;stretch_row_content_no_spaces&#8220; el_class=&#8220;cal-gmap-location&#8220;][vc_column][vc_raw_html]PGRpdiBjbGFzcz0iY2FsaXNpLWctbWFwIj48aWZyYW1lIHNyYz0iaHR0cHM6Ly93d3cuZ29vZ2xlLmNvbS9tYXBzL2VtYmVkP3BiPSExbTE4ITFtMTIhMW0zITFkMTQxNS4xNDAwNzczMjc0OTA2ITJkMjAuNDUwNjE5ODI2OTQxMjk2ITNkNDQuODE1ODU2OTQ0ODk0MDEhMm0zITFmMCEyZjAhM2YwITNtMiExaTEwMjQhMmk3NjghNGYxMy4xITNtMyExbTIhMXMweDQ3NWE2NTUyNzIzNTg5MjklM0EweGNlMGMwZDM3Nzk3NDUxODghMnNIb3RlbCUyMENhbGlzaSE1ZTAhM20yITFzc3IhMnNycyE0djE2OTM5MzIxNjIwMzMhNW0yITFzc3IhMnNycyIgd2lkdGg9IjgwMCIgaGVpZ2h0PSI2MDAiIHN0eWxlPSJib3JkZXI6MDsiIGFsbG93ZnVsbHNjcmVlbj0iIiBsb2FkaW5nPSJsYXp5IiByZWZlcnJlcnBvbGljeT0ibm8tcmVmZXJyZXItd2hlbi1kb3duZ3JhZGUiPjwvaWZyYW1lPjwvZGl2Pg==[\/vc_raw_html][\/vc_column][\/vc_row]<\/p>\n<\/section>","protected":false},"excerpt":{"rendered":"<p>[vc_row css=&#8220;.vc_custom_1693936143991{margin-bottom: 50px !important;}&#8220;][vc_column][vc_row_inner][vc_column_inner][vc_column_text css=&#8220;.vc_custom_1703202779298{margin-bottom: 50px !important;}&#8220;] ZNAMENITOSTI U BLIZINI CALISI HOTELA [\/vc_column_text][\/vc_column_inner][\/vc_row_inner][\/vc_column][\/vc_row][vc_row full_width=&#8220;stretch_row_content_no_spaces&#8220; el_class=&#8220;riverview-rev-wrapper&#8220;][vc_column el_class=&#8220;riverview-rev&#8220;][\/vc_column][\/vc_row][vc_row css=&#8220;.vc_custom_1693932557946{margin-top: 100px !important;margin-bottom: 50px !important;}&#8220;][vc_column][vc_row_inner row_content_width=&#8220;grid&#8220;][vc_column_inner width=&#8220;1\/2&#8243;][\/vc_column_inner][vc_column_inner width=&#8220;1\/2&#8243;][vc_column_text] KONTAKTIRAJTE NAS CALISI BEOGRAD Tel: +381 11 69 65 800 Tel: +381 11 69 65 800 [&hellip;]<\/p>\n","protected":false},"author":1,"featured_media":0,"parent":0,"menu_order":0,"comment_status":"closed","ping_status":"closed","template":"","meta":{"footnotes":""},"class_list":["post-1954","page","type-page","status-publish","hentry"],"_links":{"self":[{"href":"https:\/\/www.calisi.rs\/sr\/wp-json\/wp\/v2\/pages\/1954","targetHints":{"allow":["GET"]}}],"collection":[{"href":"https:\/\/www.calisi.rs\/sr\/wp-json\/wp\/v2\/pages"}],"about":[{"href":"https:\/\/www.calisi.rs\/sr\/wp-json\/wp\/v2\/types\/page"}],"author":[{"embeddable":true,"href":"https:\/\/www.calisi.rs\/sr\/wp-json\/wp\/v2\/users\/1"}],"replies":[{"embeddable":true,"href":"https:\/\/www.calisi.rs\/sr\/wp-json\/wp\/v2\/comments?post=1954"}],"version-history":[{"count":9,"href":"https:\/\/www.calisi.rs\/sr\/wp-json\/wp\/v2\/pages\/1954\/revisions"}],"predecessor-version":[{"id":1975,"href":"https:\/\/www.calisi.rs\/sr\/wp-json\/wp\/v2\/pages\/1954\/revisions\/1975"}],"wp:attachment":[{"href":"https:\/\/www.calisi.rs\/sr\/wp-json\/wp\/v2\/media?parent=1954"}],"curies":[{"name":"wp","href":"https:\/\/api.w.org\/{rel}","templated":true}]}}