{"id":1976,"date":"2023-09-04T17:16:41","date_gmt":"2023-09-04T17:16:41","guid":{"rendered":"https:\/\/www.calisi.rs\/restoran\/"},"modified":"2024-01-27T23:37:39","modified_gmt":"2024-01-27T23:37:39","slug":"restoran","status":"publish","type":"page","link":"https:\/\/www.calisi.rs\/sr\/restoran\/","title":{"rendered":"RESTORAN"},"content":{"rendered":"<section class=\"wpb-content-wrapper\"><p>[vc_row full_width=&#8220;stretch_row_content_no_spaces&#8220; css=&#8220;.vc_custom_1693848148376{margin-bottom: 50px !important;}&#8220;][vc_column]<div class=\"qodef-section-title-holder calisi-homepage-title qodef-st-standard qodef-st-title-left qodef-st-custom-title-font qodef-st-normal-space  \" style=\"text-align: right\">\n\t<div class=\"qodef-st-inner\">\n                    <span class=\"qodef-st-subtitle\" style=\"color: #ffffff;font-size: 18px\">\n                ZADOVOLJITE SVOJU GURMANSKU RADOZNALOST            <\/span>\n        \t\t\t\t\t<h2 class=\"qodef-st-title\" style=\"color: #ffffff;font-size: 48px\">\n\t\t\t\tUZ NA\u0160U ODLI\u010cNU KUHINJU\t\t\t<\/h2>\n\t\t\t\t\t<\/div>\n<\/div>[\/vc_column][\/vc_row][vc_row css=&#8220;.vc_custom_1693853159272{margin-top: 50px !important;margin-bottom: 40px !important;}&#8220;][vc_column][vc_text_separator title=&#8220;MENI&#8220; color=&#8220;custom&#8220; el_class=&#8220;restaurant-calisi-sep&#8220; accent_color=&#8220;#000000&#8243;][\/vc_column][\/vc_row][vc_row][vc_column][vc_row_inner][vc_column_inner width=&#8220;1\/2&#8243;][vc_raw_html]JTNDZGl2JTIwY2xhc3MlM0QlMjJyZXMtY2FsLWJveCUyMiUzRSUwQSUyMCUyMCUzQ2ElMjBocmVmJTNEJTIyJTJGc3IlMkZqZWxvdm5payUyRiUyMiUzRSUzQ2ltZyUyMHNyYyUzRCUyMmh0dHBzJTNBJTJGJTJGd3d3LmNhbGlzaS5ycyUyRndwLWNvbnRlbnQlMkZ1cGxvYWRzJTJGMjAyMyUyRjA5JTJGY2FsaXNpX2Zvb2RfMWsuanBnJTIyJTIwc3R5bGUlM0QlMjJ3aWR0aCUzQTEwMCUyNSUzQiUyMiUzRSUzQ2RpdiUyMGNsYXNzJTNEJTIyY2VudGVyZWQtY2FsJTIyJTNFJTNDaDElM0VIUkFOQSUzQyUyRmgxJTNFJTNDJTJGZGl2JTNFJTNDJTJGYSUzRSUwQSUyMCUyMCUwQSUzQyUyRmRpdiUzRSUyMA==[\/vc_raw_html][\/vc_column_inner][vc_column_inner width=&#8220;1\/2&#8243;][vc_raw_html]JTNDZGl2JTIwY2xhc3MlM0QlMjJyZXMtY2FsLWJveCUyMiUzRSUwQSUyMCUyMCUzQ2ElMjBocmVmJTNEJTIyJTJGc3IlMkZwaWNhJTJGJTIyJTNFJTNDaW1nJTIwc3JjJTNEJTIyaHR0cHMlM0ElMkYlMkZjYWxpc2kuYi1jZG4ubmV0JTJGd3AtY29udGVudCUyRnVwbG9hZHMlMkYyMDIzJTJGMDklMkZjYWxpc2lfZHJpbmtzXzFrLmpwZyUyMiUyMHN0eWxlJTNEJTIyd2lkdGglM0ExMDAlMjUlM0IlMjIlM0UlM0NkaXYlMjBjbGFzcyUzRCUyMmNlbnRlcmVkLWNhbCUyMiUzRSUzQ2gxJTNFUEklQzQlODZFJTNDJTJGaDElM0UlM0MlMkZkaXYlM0UlM0MlMkZhJTNFJTBBJTIwJTIwJTBBJTNDJTJGZGl2JTNFJTIw[\/vc_raw_html][\/vc_column_inner][\/vc_row_inner][\/vc_column][\/vc_row][vc_row][vc_column][vc_row_inner][vc_column_inner][vc_column_text]<\/p>\n<div class=\"flex flex-grow flex-col gap-3 max-w-full\">\n<div class=\"min-h-[20px] flex flex-col items-start gap-3 overflow-x-auto whitespace-pre-wrap break-words\">\n<div class=\"markdown prose w-full break-words dark:prose-invert light\">\n<p>Zakora\u010dite u svet kulinarske \u010darolije dok ve\u010derate u na\u0161em restoranu sa otvorenom kuhinjom u na\u0161em izvrsnom hotelu. Ovde \u0107ete imati jedinstvenu priliku da vidite kako se magija na\u0161eg talentovanog kuvara odvija pred va\u0161im o\u010dima. Dok budete u\u017eivali u omiljenim koktelima, bi\u0107ete uronjeni u o\u010daravaju\u0107e arome i cvr\u010dave zvuke jela koja se pripremaju do savr\u0161enstva.<\/p>\n<p>\u0160tavi\u0161e, na\u0161 restoran nudi ne samo obrok, ve\u0107 i o\u010daravaju\u0107e iskustvo u kome umetnost kuvanja postaje sastavni deo va\u0161e avanture u restoranu. Ambijent je dodatno pobolj\u0161an umiruju\u0107im melodijama dobre muzike koje stvaraju savr\u0161eno raspolo\u017eenje za va\u0161e ve\u010de.<\/p>\n<p>Na\u0161e posve\u0107eno i uslu\u017eno osoblje je tu da osigura da va\u0161e iskustvo u restoranu bude ni\u0161ta drugo do izuzetno. Uvek su spremni da vam pomognu, od ponude preporuka za jelovnik do ishrane prema va\u0161im specifi\u010dnim \u017eeljama. Bez obzira da li u\u017eivate u romanti\u010dnoj ve\u010deri, sve\u010danoj gozbi ili le\u017eernom ve\u010dernjem izlasku, na\u0161 restoran sa otvorenom kuhinjom obe\u0107ava nezaboravno gastronomsko putovanje upareno sa divnim koktelima i besprekornom uslugom koja \u0107e pobolj\u0161ati va\u0161e zadovoljstvo u ve\u010deri.<\/p>\n<\/div>\n<\/div>\n<\/div>\n<p>[\/vc_column_text][\/vc_column_inner][\/vc_row_inner][\/vc_column][\/vc_row][vc_row full_width=&#8220;stretch_row_content_no_spaces&#8220;][vc_column][vc_row_inner css=&#8220;.vc_custom_1675435975030{margin-top: 100px !important;padding-top: 10px !important;background-color: #000000 !important;}&#8220; el_class=&#8220;restaurant-homepage-cal&#8220;][vc_column_inner]<div class=\"qodef-portfolio-list-holder qodef-pl-masonry qodef-tiny-space qodef-pl-six-columns qodef-pl-gallery-overlay qodef-masonry-images-fixed  qodef-pl-no-content qodef-pl-pag-no-pagination     \"  data-type=masonry data-item-type=gallery data-number-of-columns=6 data-space-between-items=tiny data-number-of-items=-1 data-image-proportions=full data-enable-fixed-proportions=yes data-enable-image-shadow=no data-orderby=date data-order=ASC data-item-style=gallery-overlay data-enable-title=no data-title-tag=h4 data-enable-category=no data-enable-count-images=yes data-enable-excerpt=no data-excerpt-length=20 data-pagination-type=no-pagination data-filter=no data-filter-order-by=name data-enable-article-animation=no data-portfolio-slider-on=no data-enable-loop=yes data-enable-autoplay=yes data-slider-speed=5000 data-slider-speed-animation=600 data-enable-navigation=yes data-enable-pagination=yes data-max-num-pages=0 data-next-page=2>\n\t\t<div class=\"qodef-pl-inner qodef-outer-space clearfix\">\n\t\t<div class=\"qodef-pl-grid-sizer\"><\/div>\n\t\t<div class=\"qodef-pl-grid-gutter\"><\/div>\n\t\t<article class=\"qodef-pl-item qodef-item-space  post-1006 portfolio-item type-portfolio-item status-publish has-post-thumbnail hentry portfolio-category-restoran\">\n\t<div class=\"qodef-pl-item-inner\">\n\t\t<div class=\"qodef-pli-image\">\n\t<img loading=\"lazy\" decoding=\"async\" width=\"804\" height=\"804\" src=\"https:\/\/www.calisi.rs\/wp-content\/uploads\/2022\/07\/restaurant-sq-angle-wide.jpg\" class=\"attachment-full size-full wp-post-image\" alt=\"\" \/><\/div>\n<div class=\"qodef-pli-text-holder\">\n\t<div class=\"qodef-pli-text-wrapper\">\n\t\t<div class=\"qodef-pli-text\">\n\t\t\t\n            \n                \n                \n            \n            \t\t\t\n                \n            \n            \n\t\t<\/div>\n\t<\/div>\n<\/div>\t\t\n\t\t\t<\/div>\n<\/article><article class=\"qodef-pl-item qodef-item-space qodef-masonry-size-large-width-height qodef-portfolio-masonry-layout-default post-1005 portfolio-item type-portfolio-item status-publish has-post-thumbnail hentry portfolio-category-restoran\">\n\t<div class=\"qodef-pl-item-inner\">\n\t\t<div class=\"qodef-pli-image\">\n\t<img loading=\"lazy\" decoding=\"async\" width=\"950\" height=\"950\" src=\"https:\/\/www.calisi.rs\/wp-content\/uploads\/2022\/07\/restaurant-sq-step-place.jpg\" class=\"attachment-iver_select_huge size-iver_select_huge wp-post-image\" alt=\"\" \/><\/div>\n<div class=\"qodef-pli-text-holder\">\n\t<div class=\"qodef-pli-text-wrapper\">\n\t\t<div class=\"qodef-pli-text\">\n\t\t\t\n            \n                \n                \n            \n            \t\t\t\n                \n            \n            \n\t\t<\/div>\n\t<\/div>\n<\/div>\t\t\n\t\t\t<\/div>\n<\/article><article class=\"qodef-pl-item qodef-item-space  post-1004 portfolio-item type-portfolio-item status-publish has-post-thumbnail hentry portfolio-category-restoran\">\n\t<div class=\"qodef-pl-item-inner\">\n\t\t<div class=\"qodef-pli-image\">\n\t<img loading=\"lazy\" decoding=\"async\" width=\"712\" height=\"712\" src=\"https:\/\/www.calisi.rs\/wp-content\/uploads\/2022\/07\/restaurant-sq-seatings.jpg\" class=\"attachment-full size-full wp-post-image\" alt=\"\" \/><\/div>\n<div class=\"qodef-pli-text-holder\">\n\t<div class=\"qodef-pli-text-wrapper\">\n\t\t<div class=\"qodef-pli-text\">\n\t\t\t\n            \n                \n                \n            \n            \t\t\t\n                \n            \n            \n\t\t<\/div>\n\t<\/div>\n<\/div>\t\t\n\t\t\t<\/div>\n<\/article><article class=\"qodef-pl-item qodef-item-space  post-1003 portfolio-item type-portfolio-item status-publish has-post-thumbnail hentry portfolio-category-restoran\">\n\t<div class=\"qodef-pl-item-inner\">\n\t\t<div class=\"qodef-pli-image\">\n\t<img loading=\"lazy\" decoding=\"async\" width=\"1066\" height=\"1066\" src=\"https:\/\/www.calisi.rs\/wp-content\/uploads\/2022\/07\/WEB-18.jpg\" class=\"attachment-full size-full wp-post-image\" alt=\"\" \/><\/div>\n<div class=\"qodef-pli-text-holder\">\n\t<div class=\"qodef-pli-text-wrapper\">\n\t\t<div class=\"qodef-pli-text\">\n\t\t\t\n            \n                \n                \n            \n            \t\t\t\n                \n            \n            \n\t\t<\/div>\n\t<\/div>\n<\/div>\t\t\n\t\t\t<\/div>\n<\/article><article class=\"qodef-pl-item qodef-item-space  post-1002 portfolio-item type-portfolio-item status-publish has-post-thumbnail hentry portfolio-category-restoran\">\n\t<div class=\"qodef-pl-item-inner\">\n\t\t<div class=\"qodef-pli-image\">\n\t<img loading=\"lazy\" decoding=\"async\" width=\"1064\" height=\"1064\" src=\"https:\/\/www.calisi.rs\/wp-content\/uploads\/2022\/07\/restaurant-sq-bar-wide-1.jpg\" class=\"attachment-full size-full wp-post-image\" alt=\"\" \/><\/div>\n<div class=\"qodef-pli-text-holder\">\n\t<div class=\"qodef-pli-text-wrapper\">\n\t\t<div class=\"qodef-pli-text\">\n\t\t\t\n            \n                \n                \n            \n            \t\t\t\n                \n            \n            \n\t\t<\/div>\n\t<\/div>\n<\/div>\t\t\n\t\t\t<\/div>\n<\/article><article class=\"qodef-pl-item qodef-item-space  post-1001 portfolio-item type-portfolio-item status-publish has-post-thumbnail hentry portfolio-category-restoran\">\n\t<div class=\"qodef-pl-item-inner\">\n\t\t<div class=\"qodef-pli-image\">\n\t<img loading=\"lazy\" decoding=\"async\" width=\"1074\" height=\"1074\" src=\"https:\/\/www.calisi.rs\/wp-content\/uploads\/2022\/07\/restaurant-pr-restaurant-kitchen.jpg\" class=\"attachment-full size-full wp-post-image\" alt=\"\" \/><\/div>\n<div class=\"qodef-pli-text-holder\">\n\t<div class=\"qodef-pli-text-wrapper\">\n\t\t<div class=\"qodef-pli-text\">\n\t\t\t\n            \n                \n                \n            \n            \t\t\t\n                \n            \n            \n\t\t<\/div>\n\t<\/div>\n<\/div>\t\t\n\t\t\t<\/div>\n<\/article><article class=\"qodef-pl-item qodef-item-space  post-1000 portfolio-item type-portfolio-item status-publish has-post-thumbnail hentry portfolio-category-restoran\">\n\t<div class=\"qodef-pl-item-inner\">\n\t\t<div class=\"qodef-pli-image\">\n\t<img loading=\"lazy\" decoding=\"async\" width=\"1006\" height=\"1006\" src=\"https:\/\/www.calisi.rs\/wp-content\/uploads\/2022\/07\/restaurant-sq-lounge.jpg\" class=\"attachment-full size-full wp-post-image\" alt=\"\" \/><\/div>\n<div class=\"qodef-pli-text-holder\">\n\t<div class=\"qodef-pli-text-wrapper\">\n\t\t<div class=\"qodef-pli-text\">\n\t\t\t\n            \n                \n                \n            \n            \t\t\t\n                \n            \n            \n\t\t<\/div>\n\t<\/div>\n<\/div>\t\t\n\t\t\t<\/div>\n<\/article><article class=\"qodef-pl-item qodef-item-space  post-999 portfolio-item type-portfolio-item status-publish has-post-thumbnail hentry portfolio-category-restoran\">\n\t<div class=\"qodef-pl-item-inner\">\n\t\t<div class=\"qodef-pli-image\">\n\t<img loading=\"lazy\" decoding=\"async\" width=\"1575\" height=\"1575\" src=\"https:\/\/www.calisi.rs\/wp-content\/uploads\/2022\/07\/restaurant-sq-bar.jpg\" class=\"attachment-full size-full wp-post-image\" alt=\"\" \/><\/div>\n<div class=\"qodef-pli-text-holder\">\n\t<div class=\"qodef-pli-text-wrapper\">\n\t\t<div class=\"qodef-pli-text\">\n\t\t\t\n            \n                \n                \n            \n            \t\t\t\n                \n            \n            \n\t\t<\/div>\n\t<\/div>\n<\/div>\t\t\n\t\t\t<\/div>\n<\/article><article class=\"qodef-pl-item qodef-item-space qodef-masonry-size-large-width qodef-portfolio-masonry-layout-default post-998 portfolio-item type-portfolio-item status-publish has-post-thumbnail hentry portfolio-category-restoran\">\n\t<div class=\"qodef-pl-item-inner\">\n\t\t<div class=\"qodef-pli-image\">\n\t<img loading=\"lazy\" decoding=\"async\" width=\"1100\" height=\"550\" src=\"https:\/\/www.calisi.rs\/wp-content\/uploads\/2022\/07\/calisi-homepage-wide-1100x550.jpg\" class=\"attachment-iver_select_landscape size-iver_select_landscape wp-post-image\" alt=\"\" srcset=\"https:\/\/www.calisi.rs\/wp-content\/uploads\/2022\/07\/calisi-homepage-wide-1100x550.jpg 1100w, https:\/\/www.calisi.rs\/wp-content\/uploads\/2022\/07\/calisi-homepage-wide-300x150.jpg 300w, https:\/\/www.calisi.rs\/wp-content\/uploads\/2022\/07\/calisi-homepage-wide-1024x512.jpg 1024w, https:\/\/www.calisi.rs\/wp-content\/uploads\/2022\/07\/calisi-homepage-wide-768x384.jpg 768w, https:\/\/www.calisi.rs\/wp-content\/uploads\/2022\/07\/calisi-homepage-wide.jpg 1500w\" sizes=\"auto, (max-width: 1100px) 100vw, 1100px\" \/><\/div>\n<div class=\"qodef-pli-text-holder\">\n\t<div class=\"qodef-pli-text-wrapper\">\n\t\t<div class=\"qodef-pli-text\">\n\t\t\t\n            \n                \n                \n            \n            \t\t\t\n                \n            \n            \n\t\t<\/div>\n\t<\/div>\n<\/div>\t\t\n\t\t\t<\/div>\n<\/article><article class=\"qodef-pl-item qodef-item-space  post-997 portfolio-item type-portfolio-item status-publish has-post-thumbnail hentry portfolio-category-restoran\">\n\t<div class=\"qodef-pl-item-inner\">\n\t\t<div class=\"qodef-pli-image\">\n\t<img loading=\"lazy\" decoding=\"async\" width=\"640\" height=\"1280\" src=\"https:\/\/www.calisi.rs\/wp-content\/uploads\/2022\/07\/restaurant-pr-restaurant-far.jpg\" class=\"attachment-full size-full wp-post-image\" alt=\"\" srcset=\"https:\/\/www.calisi.rs\/wp-content\/uploads\/2022\/07\/restaurant-pr-restaurant-far.jpg 640w, https:\/\/www.calisi.rs\/wp-content\/uploads\/2022\/07\/restaurant-pr-restaurant-far-150x300.jpg 150w, https:\/\/www.calisi.rs\/wp-content\/uploads\/2022\/07\/restaurant-pr-restaurant-far-512x1024.jpg 512w, https:\/\/www.calisi.rs\/wp-content\/uploads\/2022\/07\/restaurant-pr-restaurant-far-550x1100.jpg 550w, https:\/\/www.calisi.rs\/wp-content\/uploads\/2022\/07\/restaurant-pr-restaurant-far-600x1200.jpg 600w\" sizes=\"auto, (max-width: 640px) 100vw, 640px\" \/><\/div>\n<div class=\"qodef-pli-text-holder\">\n\t<div class=\"qodef-pli-text-wrapper\">\n\t\t<div class=\"qodef-pli-text\">\n\t\t\t\n            \n                \n                \n            \n            \t\t\t\n                \n            \n            \n\t\t<\/div>\n\t<\/div>\n<\/div>\t\t\n\t\t\t<\/div>\n<\/article><article class=\"qodef-pl-item qodef-item-space qodef-masonry-size-large-width qodef-portfolio-masonry-layout-description post-996 portfolio-item type-portfolio-item status-publish hentry portfolio-category-restoran\">\n\t<div class=\"qodef-pl-item-inner\">\n\t\t<div class=\"qodef-pli-image\">\n\t\t\t<img loading=\"lazy\" decoding=\"async\" itemprop=\"image\" class=\"qodef-pl-original-image\" width=\"800\" height=\"600\" src=\"https:\/\/www.calisi.rs\/wp-content\/plugins\/iver-core\/post-types\/portfolio\/assets\/img\/portfolio_featured_image.jpg\" alt=\"Portfolio Featured Image\" \/>\n\t<\/div>\n<div class=\"qodef-pli-text-holder\">\n\t<div class=\"qodef-pli-text-wrapper\">\n\t\t<div class=\"qodef-pli-text\">\n\t\t\t\n            \n            \n                \t<p itemprop=\"description\" class=\"qodef-pli-excerpt\">Svedocite pravoj magiji na\u0161ih velemajstora kulinarskog zanata, dok u\u017eivate u omiljenim koktelima.<\/p>\n\n            \n            \n                <a itemprop=\"url\" href=\"tel:+381116965800\" target=\"_blank\"  class=\"qodef-btn qodef-btn-medium qodef-btn-simple\"  >    <span class=\"qodef-btn-text-wrapper\">        <span class=\"qodef-btn-text\">Book Now<\/span>            <\/span>    <span class=\"qodef-btn-bgrnd-wrapper\">        <span class=\"qodef-btn-bgrnd-idle\" ><\/span>        <span class=\"qodef-btn-bgrnd-hover\" ><\/span>    <\/span><\/a>\n            \n\t\t<\/div>\n\t<\/div>\n<\/div>\t\t\n\t\t\t<\/div>\n<\/article>\t<\/div>\n\t\n\t<\/div>[\/vc_column_inner][\/vc_row_inner][\/vc_column][\/vc_row][vc_row el_id=&#8220;reservation&#8220; css=&#8220;.vc_custom_1693853625984{margin-top: 50px !important;}&#8220;][vc_column][vc_row_inner][vc_column_inner][vc_column_text]<\/p>\n<h2 style=\"text-align: center;\"><span style=\"color: #000000;\">REZERVACIJA<\/span><\/h2>\n<p>[\/vc_column_text][\/vc_column_inner][\/vc_row_inner][vc_row_inner][vc_column_inner]\n<div class=\"wpcf7 no-js\" id=\"wpcf7-f1044-o1\" lang=\"sr-RS\" dir=\"ltr\" data-wpcf7-id=\"1044\">\n<div class=\"screen-reader-response\"><p role=\"status\" aria-live=\"polite\" aria-atomic=\"true\"><\/p> <ul><\/ul><\/div>\n<form action=\"\/sr\/wp-json\/wp\/v2\/pages\/1976#wpcf7-f1044-o1\" method=\"post\" class=\"wpcf7-form init cf7_custom_style_3\" aria-label=\"Contact form\" novalidate=\"novalidate\" data-status=\"init\">\n<fieldset class=\"hidden-fields-container\"><input type=\"hidden\" name=\"_wpcf7\" value=\"1044\" \/><input type=\"hidden\" name=\"_wpcf7_version\" value=\"6.1.3\" \/><input type=\"hidden\" name=\"_wpcf7_locale\" value=\"sr_RS\" \/><input type=\"hidden\" name=\"_wpcf7_unit_tag\" value=\"wpcf7-f1044-o1\" \/><input type=\"hidden\" name=\"_wpcf7_container_post\" value=\"0\" \/><input type=\"hidden\" name=\"_wpcf7_posted_data_hash\" value=\"\" \/>\n<\/fieldset>\n<p><label> VA\u0160E IME:<br \/>\n<span class=\"wpcf7-form-control-wrap\" data-name=\"your-name\"><input size=\"40\" maxlength=\"400\" class=\"wpcf7-form-control wpcf7-text wpcf7-validates-as-required\" autocomplete=\"name\" aria-required=\"true\" aria-invalid=\"false\" value=\"\" type=\"text\" name=\"your-name\" \/><\/span> <\/label>\n<\/p>\n<p><label> VA\u0160 EMAIL:<br \/>\n<span class=\"wpcf7-form-control-wrap\" data-name=\"your-email\"><input size=\"40\" maxlength=\"400\" class=\"wpcf7-form-control wpcf7-email wpcf7-validates-as-required wpcf7-text wpcf7-validates-as-email\" autocomplete=\"email\" aria-required=\"true\" aria-invalid=\"false\" value=\"\" type=\"email\" name=\"your-email\" \/><\/span> <\/label><br \/>\n<label> TELEFON:<br \/>\n<span class=\"wpcf7-form-control-wrap\" data-name=\"text-telephone\"><input size=\"40\" maxlength=\"400\" class=\"wpcf7-form-control wpcf7-text wpcf7-validates-as-required\" aria-required=\"true\" aria-invalid=\"false\" value=\"\" type=\"text\" name=\"text-telephone\" \/><\/span><\/label><br \/>\n<label> DATUM:<br \/>\n<span class=\"wpcf7-form-control-wrap\" data-name=\"text-date-restaurant\"><input size=\"40\" maxlength=\"400\" class=\"wpcf7-form-control wpcf7-text wpcf7-validates-as-required\" aria-required=\"true\" aria-invalid=\"false\" value=\"\" type=\"text\" name=\"text-date-restaurant\" \/><\/span><\/label><br \/>\n<label> VREME:<br \/>\n<span class=\"wpcf7-form-control-wrap\" data-name=\"text-time\"><input size=\"40\" maxlength=\"400\" class=\"wpcf7-form-control wpcf7-text wpcf7-validates-as-required\" aria-required=\"true\" aria-invalid=\"false\" value=\"\" type=\"text\" name=\"text-time\" \/><\/span><\/label><br \/>\n<label> BROJ LJUDI:<br \/>\n<span class=\"wpcf7-form-control-wrap\" data-name=\"text-people\"><input size=\"40\" maxlength=\"400\" class=\"wpcf7-form-control wpcf7-text wpcf7-validates-as-required\" aria-required=\"true\" aria-invalid=\"false\" value=\"\" type=\"text\" name=\"text-people\" \/><\/span><\/label><br \/>\n<label> POSEBNI ZAHTEVI:<br \/>\n<span class=\"wpcf7-form-control-wrap\" data-name=\"textarea-specialrequests\"><textarea cols=\"40\" rows=\"10\" maxlength=\"2000\" class=\"wpcf7-form-control wpcf7-textarea\" aria-invalid=\"false\" name=\"textarea-specialrequests\"><\/textarea><\/span><\/label>\n<\/p>\n<p><input class=\"wpcf7-form-control wpcf7-submit has-spinner\" type=\"submit\" value=\"Po\u0161alji\" \/>\n<\/p><div class=\"wpcf7-response-output\" aria-hidden=\"true\"><\/div>\n<\/form>\n<\/div>\n[\/vc_column_inner][\/vc_row_inner][\/vc_column][\/vc_row]<\/p>\n<\/section>","protected":false},"excerpt":{"rendered":"<p>[vc_row full_width=&#8220;stretch_row_content_no_spaces&#8220; css=&#8220;.vc_custom_1693848148376{margin-bottom: 50px !important;}&#8220;][vc_column][\/vc_column][\/vc_row][vc_row css=&#8220;.vc_custom_1693853159272{margin-top: 50px !important;margin-bottom: 40px !important;}&#8220;][vc_column][vc_text_separator title=&#8220;MENI&#8220; color=&#8220;custom&#8220; el_class=&#8220;restaurant-calisi-sep&#8220; accent_color=&#8220;#000000&#8243;][\/vc_column][\/vc_row][vc_row][vc_column][vc_row_inner][vc_column_inner width=&#8220;1\/2&#8243;][vc_raw_html]JTNDZGl2JTIwY2xhc3MlM0QlMjJyZXMtY2FsLWJveCUyMiUzRSUwQSUyMCUyMCUzQ2ElMjBocmVmJTNEJTIyJTJGc3IlMkZqZWxvdm5payUyRiUyMiUzRSUzQ2ltZyUyMHNyYyUzRCUyMmh0dHBzJTNBJTJGJTJGd3d3LmNhbGlzaS5ycyUyRndwLWNvbnRlbnQlMkZ1cGxvYWRzJTJGMjAyMyUyRjA5JTJGY2FsaXNpX2Zvb2RfMWsuanBnJTIyJTIwc3R5bGUlM0QlMjJ3aWR0aCUzQTEwMCUyNSUzQiUyMiUzRSUzQ2RpdiUyMGNsYXNzJTNEJTIyY2VudGVyZWQtY2FsJTIyJTNFJTNDaDElM0VIUkFOQSUzQyUyRmgxJTNFJTNDJTJGZGl2JTNFJTNDJTJGYSUzRSUwQSUyMCUyMCUwQSUzQyUyRmRpdiUzRSUyMA==[\/vc_raw_html][\/vc_column_inner][vc_column_inner width=&#8220;1\/2&#8243;][vc_raw_html]JTNDZGl2JTIwY2xhc3MlM0QlMjJyZXMtY2FsLWJveCUyMiUzRSUwQSUyMCUyMCUzQ2ElMjBocmVmJTNEJTIyJTJGc3IlMkZwaWNhJTJGJTIyJTNFJTNDaW1nJTIwc3JjJTNEJTIyaHR0cHMlM0ElMkYlMkZjYWxpc2kuYi1jZG4ubmV0JTJGd3AtY29udGVudCUyRnVwbG9hZHMlMkYyMDIzJTJGMDklMkZjYWxpc2lfZHJpbmtzXzFrLmpwZyUyMiUyMHN0eWxlJTNEJTIyd2lkdGglM0ExMDAlMjUlM0IlMjIlM0UlM0NkaXYlMjBjbGFzcyUzRCUyMmNlbnRlcmVkLWNhbCUyMiUzRSUzQ2gxJTNFUEklQzQlODZFJTNDJTJGaDElM0UlM0MlMkZkaXYlM0UlM0MlMkZhJTNFJTBBJTIwJTIwJTBBJTNDJTJGZGl2JTNFJTIw[\/vc_raw_html][\/vc_column_inner][\/vc_row_inner][\/vc_column][\/vc_row][vc_row][vc_column][vc_row_inner][vc_column_inner][vc_column_text] Zakora\u010dite u svet kulinarske \u010darolije dok ve\u010derate u na\u0161em restoranu sa otvorenom kuhinjom u na\u0161em izvrsnom hotelu. Ovde \u0107ete imati jedinstvenu priliku da vidite [&hellip;]<\/p>\n","protected":false},"author":1,"featured_media":0,"parent":0,"menu_order":0,"comment_status":"closed","ping_status":"closed","template":"","meta":{"footnotes":""},"class_list":["post-1976","page","type-page","status-publish","hentry"],"_links":{"self":[{"href":"https:\/\/www.calisi.rs\/sr\/wp-json\/wp\/v2\/pages\/1976","targetHints":{"allow":["GET"]}}],"collection":[{"href":"https:\/\/www.calisi.rs\/sr\/wp-json\/wp\/v2\/pages"}],"about":[{"href":"https:\/\/www.calisi.rs\/sr\/wp-json\/wp\/v2\/types\/page"}],"author":[{"embeddable":true,"href":"https:\/\/www.calisi.rs\/sr\/wp-json\/wp\/v2\/users\/1"}],"replies":[{"embeddable":true,"href":"https:\/\/www.calisi.rs\/sr\/wp-json\/wp\/v2\/comments?post=1976"}],"version-history":[{"count":10,"href":"https:\/\/www.calisi.rs\/sr\/wp-json\/wp\/v2\/pages\/1976\/revisions"}],"predecessor-version":[{"id":1982,"href":"https:\/\/www.calisi.rs\/sr\/wp-json\/wp\/v2\/pages\/1976\/revisions\/1982"}],"wp:attachment":[{"href":"https:\/\/www.calisi.rs\/sr\/wp-json\/wp\/v2\/media?parent=1976"}],"curies":[{"name":"wp","href":"https:\/\/api.w.org\/{rel}","templated":true}]}}