{"id":2006,"date":"2023-11-30T18:35:06","date_gmt":"2023-11-30T18:35:06","guid":{"rendered":"https:\/\/www.calisi.rs\/%d1%82%d0%b8%d0%bc%d1%81%d0%ba%d0%b8-%d1%80%d0%b0%d0%b4\/"},"modified":"2025-04-04T17:30:20","modified_gmt":"2025-04-04T17:30:20","slug":"team-building","status":"publish","type":"page","link":"https:\/\/www.calisi.rs\/sr\/team-building\/","title":{"rendered":"Team building"},"content":{"rendered":"<section class=\"wpb-content-wrapper\"><p>[vc_row][vc_column][vc_row_inner el_class=&#8220;calisi-event-text mobile-reverse&#8220;][vc_column_inner width=&#8220;1\/2&#8243;][vc_column_text]<strong>Organizujte nezaboravan team building u Hotelu Calisi!<\/strong><\/p>\n<p>Dovedite svoj tim u jedinstveno iskustvo izgradnje tima u na\u0161em ekskluzivnom hotelu. O\u010dekuje vas trodnevni boravak, pun uzbu\u0111enja i zajedni\u010dkih aktivnosti koje \u0107e oja\u010dati koheziju va\u0161eg tima.<\/p>\n<p><strong>Detalji aran\u017emana:<\/strong><\/p>\n<ul>\n<li>Minimalni period boravka: dve no\u0107i, tri dana<\/li>\n<li>Kapacitet sme\u0161taja: 115 osoba u komfornim sobama<\/li>\n<\/ul>\n<p>[\/vc_column_text][\/vc_column_inner][vc_column_inner width=&#8220;1\/2&#8243;][vc_single_image image=&#8220;1877&#8243; img_size=&#8220;full&#8220; alignment=&#8220;center&#8220;][\/vc_column_inner][\/vc_row_inner][vc_row_inner el_class=&#8220;calisi-event-text&#8220; css=&#8220;.vc_custom_1701385718049{margin-top: 50px !important;}&#8220;][vc_column_inner width=&#8220;1\/2&#8243;][vc_single_image image=&#8220;1871&#8243; img_size=&#8220;full&#8220; alignment=&#8220;center&#8220;][\/vc_column_inner][vc_column_inner width=&#8220;1\/2&#8243;][vc_column_text]<strong>Paket uklju\u010duje<\/strong>:<\/p>\n<ul>\n<li>Moderan i luksuzan hotel sa 4 zvezdice Calisi, na atraktivnoj lokaciji u centru grada, na obali reke<\/li>\n<\/ul>\n<p><strong>Aktivnosti<\/strong>:<\/p>\n<ul>\n<li>2 no\u0107enja i 3 dana \u2013 savr\u0161en vikend odmor<\/li>\n<li>Polupansion \u2013 bogat doru\u010dak i ve\u010dera<\/li>\n<li>Radionica pravljenja koktela i kreativna<br \/>\n&#8222;Slikanje i cirkanje&#8220; radionica.<\/li>\n<\/ul>\n<p>[\/vc_column_text]<a itemprop=\"url\" href=\"https:\/\/www.calisi.rs\/wp-content\/uploads\/2025\/04\/brosura-srb-verzija.pdf\" target=\"_blank\" style=\"margin: 20px 0px 0px 0px\" class=\"qodef-btn qodef-btn-large qodef-btn-solid centered-button-mobile\"  >\n    <span class=\"qodef-btn-text-wrapper\">\n        <span class=\"qodef-btn-text\">BRO\u0160URA<\/span>\n            <\/span>\n    <span class=\"qodef-btn-bgrnd-wrapper\">\n        <span class=\"qodef-btn-bgrnd-idle\" ><\/span>\n        <span class=\"qodef-btn-bgrnd-hover\" ><\/span>\n    <\/span>\n<\/a>[\/vc_column_inner][\/vc_row_inner][vc_row_inner el_class=&#8220;calisi-event-text mobile-reverse&#8220; css=&#8220;.vc_custom_1743787818200{margin-top: 50px !important;}&#8220;][vc_column_inner width=&#8220;1\/2&#8243;][vc_column_text]<strong>\u0160ta vas o\u010dekuje<\/strong> : Beograd je grad bogate istorije, \u017eivopisnog no\u0107nog \u017eivota i brojnih kulturnih znamenitosti. Posetite Kalemegdan, pro\u0161etajte Skadarlijom i do\u017eivite<br \/>\njedinstvenu atmosferu ovog dinami\u010dnog grada. Nakon istra\u017eivanja, opustite se i prepustite kulinarskim i kreativnim radionicama koje \u0107e produbiti va\u0161u<br \/>\npovezanost sa lokalnom kulturom i tradicijom.<\/p>\n<p>Razvijte koheziju tima uz na\u0161u pomo\u0107 i ekskluzivne pogodnosti koje nudimo. Kontaktirajte nas danas da zajedno napravimo nezaboravan doga\u0111aj za va\u0161 tim u <strong>Hotelu Calisi!<\/strong>[\/vc_column_text]<a itemprop=\"url\" href=\"mailto:sales@calisi.rs\" target=\"_self\" style=\"margin: 20px 0px 0px 0px\" class=\"qodef-btn qodef-btn-large qodef-btn-solid centered-button-mobile\"  >\n    <span class=\"qodef-btn-text-wrapper\">\n        <span class=\"qodef-btn-text\">REZERVI\u0160ITE<\/span>\n            <\/span>\n    <span class=\"qodef-btn-bgrnd-wrapper\">\n        <span class=\"qodef-btn-bgrnd-idle\" ><\/span>\n        <span class=\"qodef-btn-bgrnd-hover\" ><\/span>\n    <\/span>\n<\/a>[vc_raw_html]PGJyPg==[\/vc_raw_html]<a itemprop=\"url\" href=\"tel:+381116965800\" target=\"_self\" style=\"margin: 10px 0px 0px 0px\" class=\"qodef-btn qodef-btn-large qodef-btn-solid centered-button-mobile\"  >\n    <span class=\"qodef-btn-text-wrapper\">\n        <span class=\"qodef-btn-text\">POZOVITE NAS<\/span>\n            <\/span>\n    <span class=\"qodef-btn-bgrnd-wrapper\">\n        <span class=\"qodef-btn-bgrnd-idle\" ><\/span>\n        <span class=\"qodef-btn-bgrnd-hover\" ><\/span>\n    <\/span>\n<\/a>[\/vc_column_inner][vc_column_inner width=&#8220;1\/2&#8243;][vc_single_image image=&#8220;1874&#8243; img_size=&#8220;full&#8220; alignment=&#8220;center&#8220;][\/vc_column_inner][\/vc_row_inner][\/vc_column][\/vc_row]<\/p>\n<\/section>","protected":false},"excerpt":{"rendered":"<p>[vc_row][vc_column][vc_row_inner el_class=&#8220;calisi-event-text mobile-reverse&#8220;][vc_column_inner width=&#8220;1\/2&#8243;][vc_column_text]Organizujte nezaboravan team building u Hotelu Calisi! Dovedite svoj tim u jedinstveno iskustvo izgradnje tima u na\u0161em ekskluzivnom hotelu. O\u010dekuje vas trodnevni boravak, pun uzbu\u0111enja i zajedni\u010dkih aktivnosti koje \u0107e oja\u010dati koheziju va\u0161eg tima. Detalji aran\u017emana: Minimalni [&hellip;]<\/p>\n","protected":false},"author":1,"featured_media":0,"parent":0,"menu_order":0,"comment_status":"closed","ping_status":"closed","template":"","meta":{"footnotes":""},"class_list":["post-2006","page","type-page","status-publish","hentry"],"_links":{"self":[{"href":"https:\/\/www.calisi.rs\/sr\/wp-json\/wp\/v2\/pages\/2006","targetHints":{"allow":["GET"]}}],"collection":[{"href":"https:\/\/www.calisi.rs\/sr\/wp-json\/wp\/v2\/pages"}],"about":[{"href":"https:\/\/www.calisi.rs\/sr\/wp-json\/wp\/v2\/types\/page"}],"author":[{"embeddable":true,"href":"https:\/\/www.calisi.rs\/sr\/wp-json\/wp\/v2\/users\/1"}],"replies":[{"embeddable":true,"href":"https:\/\/www.calisi.rs\/sr\/wp-json\/wp\/v2\/comments?post=2006"}],"version-history":[{"count":11,"href":"https:\/\/www.calisi.rs\/sr\/wp-json\/wp\/v2\/pages\/2006\/revisions"}],"predecessor-version":[{"id":3342,"href":"https:\/\/www.calisi.rs\/sr\/wp-json\/wp\/v2\/pages\/2006\/revisions\/3342"}],"wp:attachment":[{"href":"https:\/\/www.calisi.rs\/sr\/wp-json\/wp\/v2\/media?parent=2006"}],"curies":[{"name":"wp","href":"https:\/\/api.w.org\/{rel}","templated":true}]}}