{"id":2177,"date":"2024-01-16T23:15:25","date_gmt":"2024-01-16T23:15:25","guid":{"rendered":"https:\/\/www.calisi.rs\/dan-zaljubljenih-standard\/"},"modified":"2024-01-27T23:09:04","modified_gmt":"2024-01-27T23:09:04","slug":"dan-zaljubljenih-standard","status":"publish","type":"page","link":"https:\/\/www.calisi.rs\/sr\/dan-zaljubljenih-standard\/","title":{"rendered":"DAN ZALJUBLJENIH &#8211; STANDARD"},"content":{"rendered":"<section class=\"wpb-content-wrapper\"><p>[vc_row][vc_column][vc_row_inner el_class=&#8220;calisi-event-text&#8220; css=&#8220;.vc_custom_1703188623685{margin-top: 10px !important;}&#8220;][vc_column_inner width=&#8220;1\/2&#8243; css=&#8220;.vc_custom_1703188617478{margin-top: 10px !important;}&#8220;][vc_column_text]<strong>Proslavite ljubav<\/strong> u hotelu Calisi ovog Dana zaljubljenih!<br \/>\nPrepustite se vrhunskom romanti\u010dnom bekstvu uz na\u0161 ekskluzivni paket za Dan zaljubljenih u Hotel Calisi.<\/p>\n<p><strong>Uzdignite svoju ljubavnu pri\u010du<\/strong> o\u010daravaju\u0107im boravkom koji uklju\u010duje odli\u010dnu romanti\u010dnu ve\u010deru u na\u0161em renomiranom restoranu i besplatnu bocu izvrsnog pro\u0161eka koji vas \u010deka u udobnosti va\u0161e sobe.[\/vc_column_text][\/vc_column_inner][vc_column_inner width=&#8220;1\/2&#8243;][vc_single_image image=&#8220;2123&#8243; img_size=&#8220;full&#8220; alignment=&#8220;center&#8220;][\/vc_column_inner][\/vc_row_inner][vc_row_inner el_class=&#8220;calisi-event-text&#8220; css=&#8220;.vc_custom_1703188631533{margin-top: 10px !important;}&#8220;][vc_column_inner width=&#8220;1\/2&#8243; css=&#8220;.vc_custom_1703188627461{margin-top: 10px !important;}&#8220;][vc_single_image image=&#8220;2129&#8243; img_size=&#8220;full&#8220; alignment=&#8220;center&#8220;][\/vc_column_inner][vc_column_inner width=&#8220;1\/2&#8243;][vc_column_text]<strong>Paket sadr\u017ei:<\/strong><\/p>\n<ul>\n<li>Romanti\u010dna ve\u010dera: U\u017eivajte u ukusnom obroku od tri jela specijalno napravljenom za ovu priliku. Na\u0161i kuvari \u0107e odu\u0161eviti va\u0161a nepca simfonijom ukusa, daju\u0107i savr\u0161en ton za nezaboravno ve\u010de.<\/li>\n<li>Prosecco u va\u0161oj sobi: Nazdravite va\u0161oj ljubavi uz besplatnu bocu pro\u0161eka koja vas \u010deka u sobi po dolasku. Neka mehuri\u0107i dodaju dodatni sjaj va\u0161em romanti\u010dnom odmoru.<\/li>\n<li>Luksuzan sme\u0161taj: U\u017eivajte u no\u0107i bla\u017eenog opu\u0161tanja u na\u0161im promi\u0161ljeno ure\u0111enim standardnim sobama, dizajniranim da stvore ugodnu i intimnu atmosferu.<\/li>\n<li>Posebni dodiri: Uronite u romanti\u010dni ambijent uz posebne dodire<br \/>\nu celom hotelu, dizajniran da u\u010dini va\u0161u proslavu Dana zaljubljenih zaista nezaboravnom.<\/li>\n<\/ul>\n<p>[\/vc_column_text][\/vc_column_inner][\/vc_row_inner][vc_row_inner el_class=&#8220;calisi-event-text&#8220; css=&#8220;.vc_custom_1703188637189{margin-top: 10px !important;}&#8220;][vc_column_inner width=&#8220;1\/2&#8243; css=&#8220;.vc_custom_1703188557063{margin-bottom: 10px !important;}&#8220;][vc_column_text]Rezervi\u0161ite odmah da biste obezbedili svoje mesto za romanti\u010dni beg u Hotel Calisi.<\/p>\n<p>Iznenadite svoju voljenu osobu iskustvom koje prevazilazi uobi\u010dajena i stvorilo negovane uspomene koje \u0107e trajati do kraja \u017eivota.[\/vc_column_text]<a itemprop=\"url\" href=\"mailto:sales@calisi.rs\" target=\"_self\" style=\"margin: 10px 0px 0px 0px\" class=\"qodef-btn qodef-btn-large qodef-btn-solid centered-button-mobile\"  >\n    <span class=\"qodef-btn-text-wrapper\">\n        <span class=\"qodef-btn-text\">REZERVI\u0160ITE DANAS<\/span>\n            <\/span>\n    <span class=\"qodef-btn-bgrnd-wrapper\">\n        <span class=\"qodef-btn-bgrnd-idle\" ><\/span>\n        <span class=\"qodef-btn-bgrnd-hover\" ><\/span>\n    <\/span>\n<\/a>[vc_raw_html el_class=&#8220;calisi-br-promotion&#8220;]PGJyPg==[\/vc_raw_html]<a itemprop=\"url\" href=\"tel:+381116965800\" target=\"_self\" style=\"margin: 10px 0px 0px 0px\" class=\"qodef-btn qodef-btn-large qodef-btn-solid centered-button-mobile\"  >\n    <span class=\"qodef-btn-text-wrapper\">\n        <span class=\"qodef-btn-text\">POZOVITE NAS<\/span>\n            <\/span>\n    <span class=\"qodef-btn-bgrnd-wrapper\">\n        <span class=\"qodef-btn-bgrnd-idle\" ><\/span>\n        <span class=\"qodef-btn-bgrnd-hover\" ><\/span>\n    <\/span>\n<\/a>[vc_column_text]Ljubav je u vazduhu u Hotelu Calisi &#8211; gde svaki trenutak postaje proslava va\u0161e nesvakida\u0161nje ljubavne pri\u010de.[\/vc_column_text][\/vc_column_inner][vc_column_inner width=&#8220;1\/2&#8243; css=&#8220;.vc_custom_1703188549480{margin-top: 10px !important;margin-bottom: 10px !important;}&#8220;][vc_single_image image=&#8220;2129&#8243; img_size=&#8220;full&#8220; alignment=&#8220;center&#8220;][\/vc_column_inner][\/vc_row_inner][\/vc_column][\/vc_row]<\/p>\n<\/section>","protected":false},"excerpt":{"rendered":"<p>[vc_row][vc_column][vc_row_inner el_class=&#8220;calisi-event-text&#8220; css=&#8220;.vc_custom_1703188623685{margin-top: 10px !important;}&#8220;][vc_column_inner width=&#8220;1\/2&#8243; css=&#8220;.vc_custom_1703188617478{margin-top: 10px !important;}&#8220;][vc_column_text]Proslavite ljubav u hotelu Calisi ovog Dana zaljubljenih! Prepustite se vrhunskom romanti\u010dnom bekstvu uz na\u0161 ekskluzivni paket za Dan zaljubljenih u Hotel Calisi. Uzdignite svoju ljubavnu pri\u010du o\u010daravaju\u0107im boravkom koji uklju\u010duje odli\u010dnu [&hellip;]<\/p>\n","protected":false},"author":1,"featured_media":0,"parent":0,"menu_order":0,"comment_status":"closed","ping_status":"closed","template":"","meta":{"footnotes":""},"class_list":["post-2177","page","type-page","status-publish","hentry"],"_links":{"self":[{"href":"https:\/\/www.calisi.rs\/sr\/wp-json\/wp\/v2\/pages\/2177","targetHints":{"allow":["GET"]}}],"collection":[{"href":"https:\/\/www.calisi.rs\/sr\/wp-json\/wp\/v2\/pages"}],"about":[{"href":"https:\/\/www.calisi.rs\/sr\/wp-json\/wp\/v2\/types\/page"}],"author":[{"embeddable":true,"href":"https:\/\/www.calisi.rs\/sr\/wp-json\/wp\/v2\/users\/1"}],"replies":[{"embeddable":true,"href":"https:\/\/www.calisi.rs\/sr\/wp-json\/wp\/v2\/comments?post=2177"}],"version-history":[{"count":9,"href":"https:\/\/www.calisi.rs\/sr\/wp-json\/wp\/v2\/pages\/2177\/revisions"}],"predecessor-version":[{"id":2216,"href":"https:\/\/www.calisi.rs\/sr\/wp-json\/wp\/v2\/pages\/2177\/revisions\/2216"}],"wp:attachment":[{"href":"https:\/\/www.calisi.rs\/sr\/wp-json\/wp\/v2\/media?parent=2177"}],"curies":[{"name":"wp","href":"https:\/\/api.w.org\/{rel}","templated":true}]}}