{"id":2185,"date":"2024-01-16T23:48:37","date_gmt":"2024-01-16T23:48:37","guid":{"rendered":"https:\/\/www.calisi.rs\/%d0%b2%d0%b0%d0%bb%d0%b5%d0%bd%d1%82%d0%b8%d0%bd%d0%be%d0%b2%d0%be-%d0%bf%d1%80%d0%b5%d0%bc%d0%b8%d1%83%d0%bc\/"},"modified":"2024-01-27T23:09:15","modified_gmt":"2024-01-27T23:09:15","slug":"dan-zaljubljenih-premium","status":"publish","type":"page","link":"https:\/\/www.calisi.rs\/sr\/dan-zaljubljenih-premium\/","title":{"rendered":"DAN ZALJUBLJENIH &#8211; PREMIUM"},"content":{"rendered":"<section class=\"wpb-content-wrapper\"><p>[vc_row][vc_column][vc_row_inner el_class=&#8220;calisi-event-text&#8220; css=&#8220;.vc_custom_1703188623685{margin-top: 10px !important;}&#8220;][vc_column_inner width=&#8220;1\/2&#8243; css=&#8220;.vc_custom_1703188617478{margin-top: 10px !important;}&#8220;][vc_column_text]<strong>Zaplovite u ljubav<\/strong> : Ekstravaganca za Dan zaljubljenih u hotelu Calisi!<\/p>\n<p><strong>Ovog Dana zaljubljenih<\/strong> odvedite voljenu osobu na magi\u010dno iskustvo u Hotelu Calisi koje prevazilazi obi\u010dnu romantiku.<\/p>\n<p><strong>Na\u0161 ekskluzivni paket<\/strong> poziva vas da se prepustite romanti\u010dnoj ve\u010deri u na\u0161em cenjenom restoranu, besplatnoj boci pro\u0161eka koja vas \u010deka u udobnosti va\u0161e sobe i o\u010daravaju\u0107em krstarenju rekom Beogradom kako biste uveli\u010dali va\u0161u proslavu ljubavi.[\/vc_column_text][\/vc_column_inner][vc_column_inner width=&#8220;1\/2&#8243;][vc_single_image image=&#8220;2123&#8243; img_size=&#8220;full&#8220; alignment=&#8220;center&#8220;][\/vc_column_inner][\/vc_row_inner][vc_row_inner el_class=&#8220;calisi-event-text&#8220; css=&#8220;.vc_custom_1703188631533{margin-top: 10px !important;}&#8220;][vc_column_inner width=&#8220;1\/2&#8243; css=&#8220;.vc_custom_1703188627461{margin-top: 10px !important;}&#8220;][vc_single_image image=&#8220;2126&#8243; img_size=&#8220;full&#8220; alignment=&#8220;center&#8220;][\/vc_column_inner][vc_column_inner width=&#8220;1\/2&#8243;][vc_column_text]<strong>Paket sadr\u017ei:<\/strong><\/p>\n<ul>\n<li>Romanti\u010dna ve\u010dera: Uronite u kulinarsku simfoniju uz posebno napravljen obrok od tri jela. Na\u0161i kuvari su pripremili meni koji pali \u010dula, osiguravaju\u0107i nezaboravno iskustvo u restoranu.<\/li>\n<li>Prosecco u va\u0161oj sobi: Kada u\u0111ete u svoju sobu, otkrijte besplatnu bocu pro\u0161eka, spremnu da isko\u010dite i nazdravite lepim trenucima koji su pred vama.<\/li>\n<\/ul>\n<p>[\/vc_column_text][\/vc_column_inner][\/vc_row_inner][vc_row_inner el_class=&#8220;calisi-event-text&#8220; css=&#8220;.vc_custom_1703188637189{margin-top: 10px !important;}&#8220;][vc_column_inner width=&#8220;1\/2&#8243; css=&#8220;.vc_custom_1703188557063{margin-bottom: 10px !important;}&#8220;][vc_column_text]<\/p>\n<ul>\n<li>Krstarenje rekom Beogradom: Ukrcajte se na romanti\u010dno putovanje \u017eivopisnim obalama reke Beograda. Krstarenje nudi pogled koji oduzima dah, stvaraju\u0107i idili\u010dnu pozadinu za ve\u010de ispunjeno ljubavlju i vezom.<\/li>\n<li>Luksuzan sme\u0161taj: Povucite se u udobnost na\u0161ih elegantno opremljenih deluks soba sa pogledom na reku, gde je svaki detalj pa\u017eljivo razmotren kako bi se pobolj\u0161ao ambijent va\u0161eg romanti\u010dnog bekstva.<\/li>\n<li>Posebni detalji: Do\u017eivite romantiku na svakom koraku uz na\u0161e promi\u0161ljene ukrase po celom hotelu, osiguravaju\u0107i da svaki trenutak bude pro\u017eet \u010darolijom ljubavi.<\/li>\n<\/ul>\n<p>[\/vc_column_text][\/vc_column_inner][vc_column_inner width=&#8220;1\/2&#8243; css=&#8220;.vc_custom_1703188549480{margin-top: 10px !important;margin-bottom: 10px !important;}&#8220;][vc_single_image image=&#8220;2129&#8243; img_size=&#8220;full&#8220; alignment=&#8220;center&#8220;][\/vc_column_inner][\/vc_row_inner][vc_row_inner el_class=&#8220;calisi-event-text&#8220; css=&#8220;.vc_custom_1703188637189{margin-top: 10px !important;}&#8220;][vc_column_inner width=&#8220;1\/2&#8243; css=&#8220;.vc_custom_1703188557063{margin-bottom: 10px !important;}&#8220;][vc_single_image image=&#8220;2120&#8243; img_size=&#8220;full&#8220; alignment=&#8220;center&#8220;][\/vc_column_inner][vc_column_inner width=&#8220;1\/2&#8243; css=&#8220;.vc_custom_1703188549480{margin-top: 10px !important;margin-bottom: 10px !important;}&#8220;][vc_column_text]<strong>Rezervi\u0161ite svoj nezaboravan beg za Dan zaljubljenih<\/strong> u Hotel Calisi ve\u0107 danas. Ulep\u0161ajte svoju proslavu me\u0161avinom kulinarskih u\u017eitaka, penu\u0161avog pro\u0161eka i sanjivog krstarenja rekom, stvaraju\u0107i uspomene koje \u0107e trajati ceo \u017eivot.[\/vc_column_text]<a itemprop=\"url\" href=\"mailto:sales@calisi.rs\" target=\"_self\" style=\"margin: 10px 0px 0px 0px\" class=\"qodef-btn qodef-btn-large qodef-btn-solid centered-button-mobile\"  >\n    <span class=\"qodef-btn-text-wrapper\">\n        <span class=\"qodef-btn-text\">REZERVI\u0160ITE DANAS<\/span>\n            <\/span>\n    <span class=\"qodef-btn-bgrnd-wrapper\">\n        <span class=\"qodef-btn-bgrnd-idle\" ><\/span>\n        <span class=\"qodef-btn-bgrnd-hover\" ><\/span>\n    <\/span>\n<\/a>[vc_raw_html el_class=&#8220;calisi-br-promotion&#8220;]PGJyPg==[\/vc_raw_html]<a itemprop=\"url\" href=\"tel:+381116965800\" target=\"_self\" style=\"margin: 10px 0px 0px 0px\" class=\"qodef-btn qodef-btn-large qodef-btn-solid centered-button-mobile\"  >\n    <span class=\"qodef-btn-text-wrapper\">\n        <span class=\"qodef-btn-text\">POZOVITE NAS<\/span>\n            <\/span>\n    <span class=\"qodef-btn-bgrnd-wrapper\">\n        <span class=\"qodef-btn-bgrnd-idle\" ><\/span>\n        <span class=\"qodef-btn-bgrnd-hover\" ><\/span>\n    <\/span>\n<\/a>[vc_column_text]<strong>Zaplovite u ljubavni zagrljaj<\/strong> u Hotel Calisi, gde je svaki trenutak proslava izuzetne povezanosti koju delite.[\/vc_column_text][\/vc_column_inner][\/vc_row_inner][\/vc_column][\/vc_row]<\/p>\n<\/section>","protected":false},"excerpt":{"rendered":"<p>[vc_row][vc_column][vc_row_inner el_class=&#8220;calisi-event-text&#8220; css=&#8220;.vc_custom_1703188623685{margin-top: 10px !important;}&#8220;][vc_column_inner width=&#8220;1\/2&#8243; css=&#8220;.vc_custom_1703188617478{margin-top: 10px !important;}&#8220;][vc_column_text]Zaplovite u ljubav : Ekstravaganca za Dan zaljubljenih u hotelu Calisi! Ovog Dana zaljubljenih odvedite voljenu osobu na magi\u010dno iskustvo u Hotelu Calisi koje prevazilazi obi\u010dnu romantiku. Na\u0161 ekskluzivni paket poziva vas [&hellip;]<\/p>\n","protected":false},"author":1,"featured_media":0,"parent":0,"menu_order":0,"comment_status":"closed","ping_status":"closed","template":"","meta":{"footnotes":""},"class_list":["post-2185","page","type-page","status-publish","hentry"],"_links":{"self":[{"href":"https:\/\/www.calisi.rs\/sr\/wp-json\/wp\/v2\/pages\/2185","targetHints":{"allow":["GET"]}}],"collection":[{"href":"https:\/\/www.calisi.rs\/sr\/wp-json\/wp\/v2\/pages"}],"about":[{"href":"https:\/\/www.calisi.rs\/sr\/wp-json\/wp\/v2\/types\/page"}],"author":[{"embeddable":true,"href":"https:\/\/www.calisi.rs\/sr\/wp-json\/wp\/v2\/users\/1"}],"replies":[{"embeddable":true,"href":"https:\/\/www.calisi.rs\/sr\/wp-json\/wp\/v2\/comments?post=2185"}],"version-history":[{"count":9,"href":"https:\/\/www.calisi.rs\/sr\/wp-json\/wp\/v2\/pages\/2185\/revisions"}],"predecessor-version":[{"id":2214,"href":"https:\/\/www.calisi.rs\/sr\/wp-json\/wp\/v2\/pages\/2185\/revisions\/2214"}],"wp:attachment":[{"href":"https:\/\/www.calisi.rs\/sr\/wp-json\/wp\/v2\/media?parent=2185"}],"curies":[{"name":"wp","href":"https:\/\/api.w.org\/{rel}","templated":true}]}}