{"id":2512,"date":"2024-03-04T21:54:09","date_gmt":"2024-03-04T21:54:09","guid":{"rendered":"https:\/\/www.calisi.rs\/half-board-package\/"},"modified":"2024-03-04T22:25:59","modified_gmt":"2024-03-04T22:25:59","slug":"polupansion-paket","status":"publish","type":"page","link":"https:\/\/www.calisi.rs\/sr\/polupansion-paket\/","title":{"rendered":"Polupansion paket!"},"content":{"rendered":"<section class=\"wpb-content-wrapper\"><p>[vc_row][vc_column][vc_row_inner el_class=&#8220;calisi-event-text&#8220; css=&#8220;.vc_custom_1703188623685{margin-top: 10px !important;}&#8220;][vc_column_inner css=&#8220;.vc_custom_1703188617478{margin-top: 10px !important;}&#8220;][vc_column_text]<strong>Polupansion paket! Dostupno za period 08.04. \u2013 12.04.<\/strong><\/p>\n<p><strong>Priu\u0161tite sebi odmor ispunjen ukusnim iskustvima<\/strong> u restoranu u hotelu Calisi. Uz na\u0161u specijalnu promociju, rezervacija sobe vam ne daje samo luksuzan sme\u0161taj, vec\u0301 uklju\u010duje i doru\u010dak i ve\u010deru, osiguravajuc\u0301i da va\u0161 boravak bude podjednako zadovoljavajuc\u0301i koliko i nezaboravan.[\/vc_column_text][\/vc_column_inner][\/vc_row_inner][vc_row_inner el_class=&#8220;calisi-event-text&#8220; css=&#8220;.vc_custom_1703188631533{margin-top: 10px !important;}&#8220;][vc_column_inner css=&#8220;.vc_custom_1703188627461{margin-top: 10px !important;}&#8220;][vc_column_text]<strong>Evo \u0161ta mo\u017eete da o\u010dekujete:<\/strong><\/p>\n<ul>\n<li>Besplatan doru\u010dak: Zapo\u010dnite dan na pravi na\u010din uz ukusan doru\u010dak koji je uklju\u010den u rezervaciju sobe. Od sve\u017ee pe\u010denih peciva do slatkih jutarnjih klasika, dajte gorivo za svoje avanture unapred uz ukusan namaz koji se slu\u017ei pa\u017eljivo.<\/li>\n<li>Besplatna ve\u010dera: Uz ve\u010deru uklju\u010denu u va\u0161u rezervaciju, imac\u0301ete priliku da u\u017eivate u raznovrsnoj lepezi ukusa, od gurmanskih specijaliteta do klasi\u010dnih favorita, a sve se to servira u prijatnom ambijentu na\u0161eg restorana.<\/li>\n<\/ul>\n<p>[\/vc_column_text][\/vc_column_inner][\/vc_row_inner][vc_row_inner el_class=&#8220;calisi-event-text&#8220; css=&#8220;.vc_custom_1703188637189{margin-top: 10px !important;}&#8220;][vc_column_inner css=&#8220;.vc_custom_1703188557063{margin-bottom: 10px !important;}&#8220;][vc_column_text]<\/p>\n<ul>\n<li>Uz doru\u010dak i ve\u010deru uklju\u010dene u cenu sobe, mo\u017eete se fokusirati na stvaranje trajnih uspomena i u\u017eivanje u svakom trenutku svog boravka. Recite zbogom stresu planiranja obroka i pozdravite udobnost i u\u017eivanje na\u0161eg inkluzivnog paketa.<\/li>\n<\/ul>\n<p>[\/vc_column_text][\/vc_column_inner][\/vc_row_inner][vc_row_inner el_class=&#8220;calisi-event-text&#8220; css=&#8220;.vc_custom_1703188637189{margin-top: 10px !important;}&#8220;][vc_column_inner css=&#8220;.vc_custom_1703188557063{margin-bottom: 10px !important;}&#8220;][vc_column_text]Rezervi\u0161ite svoj boravak danas i dozvolite nam da vas razmazimo besprekornom uslugom, luksuznim sme\u0161tajem i kulinarskim u\u017eicima koji c\u0301e vas ostaviti u potrebi da nam se ponovo vratite.[\/vc_column_text]<a itemprop=\"url\" href=\"mailto:sales@calisi.rs\" target=\"_self\" style=\"margin: 10px 0px 0px 0px\" class=\"qodef-btn qodef-btn-large qodef-btn-solid centered-button-mobile\"  >\n    <span class=\"qodef-btn-text-wrapper\">\n        <span class=\"qodef-btn-text\">REZERVI\u0160ITE DANAS<\/span>\n            <\/span>\n    <span class=\"qodef-btn-bgrnd-wrapper\">\n        <span class=\"qodef-btn-bgrnd-idle\" ><\/span>\n        <span class=\"qodef-btn-bgrnd-hover\" ><\/span>\n    <\/span>\n<\/a>[vc_raw_html el_class=&#8220;calisi-br-promotion&#8220;]PGJyPg==[\/vc_raw_html]<a itemprop=\"url\" href=\"tel:+381116965800\" target=\"_self\" style=\"margin: 10px 0px 0px 0px\" class=\"qodef-btn qodef-btn-large qodef-btn-solid centered-button-mobile\"  >\n    <span class=\"qodef-btn-text-wrapper\">\n        <span class=\"qodef-btn-text\">POZOVITE NAS<\/span>\n            <\/span>\n    <span class=\"qodef-btn-bgrnd-wrapper\">\n        <span class=\"qodef-btn-bgrnd-idle\" ><\/span>\n        <span class=\"qodef-btn-bgrnd-hover\" ><\/span>\n    <\/span>\n<\/a>[vc_column_text]Va\u0161 savr\u0161en odmor vas \u010deka u hotelu Calisi![\/vc_column_text][\/vc_column_inner][\/vc_row_inner][\/vc_column][\/vc_row]<\/p>\n<\/section>","protected":false},"excerpt":{"rendered":"<p>[vc_row][vc_column][vc_row_inner el_class=&#8220;calisi-event-text&#8220; css=&#8220;.vc_custom_1703188623685{margin-top: 10px !important;}&#8220;][vc_column_inner css=&#8220;.vc_custom_1703188617478{margin-top: 10px !important;}&#8220;][vc_column_text]Polupansion paket! Dostupno za period 08.04. \u2013 12.04. Priu\u0161tite sebi odmor ispunjen ukusnim iskustvima u restoranu u hotelu Calisi. Uz na\u0161u specijalnu promociju, rezervacija sobe vam ne daje samo luksuzan sme\u0161taj, vec\u0301 uklju\u010duje [&hellip;]<\/p>\n","protected":false},"author":1,"featured_media":0,"parent":0,"menu_order":0,"comment_status":"closed","ping_status":"closed","template":"","meta":{"footnotes":""},"class_list":["post-2512","page","type-page","status-publish","hentry"],"_links":{"self":[{"href":"https:\/\/www.calisi.rs\/sr\/wp-json\/wp\/v2\/pages\/2512","targetHints":{"allow":["GET"]}}],"collection":[{"href":"https:\/\/www.calisi.rs\/sr\/wp-json\/wp\/v2\/pages"}],"about":[{"href":"https:\/\/www.calisi.rs\/sr\/wp-json\/wp\/v2\/types\/page"}],"author":[{"embeddable":true,"href":"https:\/\/www.calisi.rs\/sr\/wp-json\/wp\/v2\/users\/1"}],"replies":[{"embeddable":true,"href":"https:\/\/www.calisi.rs\/sr\/wp-json\/wp\/v2\/comments?post=2512"}],"version-history":[{"count":7,"href":"https:\/\/www.calisi.rs\/sr\/wp-json\/wp\/v2\/pages\/2512\/revisions"}],"predecessor-version":[{"id":2530,"href":"https:\/\/www.calisi.rs\/sr\/wp-json\/wp\/v2\/pages\/2512\/revisions\/2530"}],"wp:attachment":[{"href":"https:\/\/www.calisi.rs\/sr\/wp-json\/wp\/v2\/media?parent=2512"}],"curies":[{"name":"wp","href":"https:\/\/api.w.org\/{rel}","templated":true}]}}