{"id":2518,"date":"2024-03-04T21:46:55","date_gmt":"2024-03-04T21:46:55","guid":{"rendered":"https:\/\/www.calisi.rs\/romantic-getaway-for-two\/"},"modified":"2024-03-04T22:23:39","modified_gmt":"2024-03-04T22:23:39","slug":"romanticni-beg-za-dvoje","status":"publish","type":"page","link":"https:\/\/www.calisi.rs\/sr\/romanticni-beg-za-dvoje\/","title":{"rendered":"ROMANTI\u010cNI BEG ZA DVOJE"},"content":{"rendered":"<section class=\"wpb-content-wrapper\"><p>[vc_row][vc_column][vc_row_inner el_class=&#8220;calisi-event-text&#8220; css=&#8220;.vc_custom_1703188623685{margin-top: 10px !important;}&#8220;][vc_column_inner css=&#8220;.vc_custom_1703188617478{margin-top: 10px !important;}&#8220;][vc_column_text]<strong>Pobegnite u luksuz<\/strong> i priu\u0161tite sebi nezaboravan odmor uz na\u0161u uzbudljivu promociju u hotelu Calisi. Rezervi\u0161ite svoju sobu sada i u\u017eivajte u nizu divnih pogodnosti koje c\u0301e podic\u0301i va\u0161 boravak na nove visine u\u017eivanja.<\/p>\n<p><strong>Evo \u0161ta vas o\u010dekuje:<\/strong><\/p>\n<ul>\n<li>Besplatan doru\u010dak: Zapo\u010dnite dan na pravi na\u010din sa ukusnim doru\u010dkom uklju\u010denim u rezervaciju sobe. Od sve\u017ee pe\u010denih peciva do slatkih jutarnjih klasika, dajte gorivo za svoje avanture unapred uz ukusan namaz koji se slu\u017ei pa\u017eljivo.<\/li>\n<\/ul>\n<p>[\/vc_column_text][\/vc_column_inner][\/vc_row_inner][vc_row_inner el_class=&#8220;calisi-event-text&#8220; css=&#8220;.vc_custom_1703188631533{margin-top: 10px !important;}&#8220;][vc_column_inner css=&#8220;.vc_custom_1703188627461{margin-top: 10px !important;}&#8220;][vc_column_text]<\/p>\n<ul>\n<li>20% popusta na ve\u010deru: U\u017eivajte u ukusima kulinarske izvrsnosti uz ekskluzivni popust od 20% na ve\u010deru u na\u0161em cenjenom restoranu La Mirage. Odu\u0161evite svoje nepce gurmanskim iskustvom koje su kreirali na\u0161i talentovani kuvari.<\/li>\n<li>Boca proseka u sobi: Nazdravite svom bekstvu uz besplatnu bocu proseka koja vas \u010deka u va\u0161oj sobi po dolasku. Otvorite \u010dep i podignite \u010da\u0161u za opu\u0161tanje, slavlje i radost stvaranja nezaboravnih uspomena.<\/li>\n<\/ul>\n<p>[\/vc_column_text][\/vc_column_inner][\/vc_row_inner][vc_row_inner el_class=&#8220;calisi-event-text&#8220; css=&#8220;.vc_custom_1703188637189{margin-top: 10px !important;}&#8220;][vc_column_inner css=&#8220;.vc_custom_1703188557063{margin-bottom: 10px !important;}&#8220;][vc_column_text]<\/p>\n<ul>\n<li>Selekcija sira u sobi: Prepustite se sofisticiranoj poslastici uz odabrani izbor sira koji vas \u010deka u va\u0161oj sobi. Od starih \u010dedara do kremastog brija, krenite na ukusno putovanje zanatskih u\u017eitaka koji savr\u0161eno dopunjuju va\u0161 boravak.<\/li>\n<li>Bilo da tra\u017eite romanti\u010dno uto\u010di\u0161te ili zaslu\u017eeni odmor od svakodnevne gu\u017eve, na\u0161a promocija obec\u0301ava da c\u0301e prema\u0161iti va\u0161a o\u010dekivanja i stvoriti trenutke \u010distog bla\u017eenstva. Ne propustite ovu priliku da do\u017eivite luksuz kao nikada ranije.<\/li>\n<\/ul>\n<p>[\/vc_column_text][\/vc_column_inner][\/vc_row_inner][vc_row_inner el_class=&#8220;calisi-event-text&#8220; css=&#8220;.vc_custom_1703188637189{margin-top: 10px !important;}&#8220;][vc_column_inner css=&#8220;.vc_custom_1703188557063{margin-bottom: 10px !important;}&#8220;][vc_column_text]Rezervi\u0161ite svoj boravak danas i dozvolite nam da vas razmazimo velikom udobno\u0161c\u0301u, besprekornom uslugom i toplim gostoprimstvom koje c\u0301e vas ostaviti u \u017eelji da nam se ponovo vratite.[\/vc_column_text]<a itemprop=\"url\" href=\"mailto:sales@calisi.rs\" target=\"_self\" style=\"margin: 10px 0px 0px 0px\" class=\"qodef-btn qodef-btn-large qodef-btn-solid centered-button-mobile\"  >\n    <span class=\"qodef-btn-text-wrapper\">\n        <span class=\"qodef-btn-text\">REZERVI\u0160ITE DANAS<\/span>\n            <\/span>\n    <span class=\"qodef-btn-bgrnd-wrapper\">\n        <span class=\"qodef-btn-bgrnd-idle\" ><\/span>\n        <span class=\"qodef-btn-bgrnd-hover\" ><\/span>\n    <\/span>\n<\/a>[vc_raw_html el_class=&#8220;calisi-br-promotion&#8220;]PGJyPg==[\/vc_raw_html]<a itemprop=\"url\" href=\"tel:+381116965800\" target=\"_self\" style=\"margin: 10px 0px 0px 0px\" class=\"qodef-btn qodef-btn-large qodef-btn-solid centered-button-mobile\"  >\n    <span class=\"qodef-btn-text-wrapper\">\n        <span class=\"qodef-btn-text\">POZOVITE NAS<\/span>\n            <\/span>\n    <span class=\"qodef-btn-bgrnd-wrapper\">\n        <span class=\"qodef-btn-bgrnd-idle\" ><\/span>\n        <span class=\"qodef-btn-bgrnd-hover\" ><\/span>\n    <\/span>\n<\/a>[vc_column_text]Va\u0161e bekstvo iz snova \u010deka vas u hotelu Calisi![\/vc_column_text][\/vc_column_inner][\/vc_row_inner][\/vc_column][\/vc_row]<\/p>\n<\/section>","protected":false},"excerpt":{"rendered":"<p>[vc_row][vc_column][vc_row_inner el_class=&#8220;calisi-event-text&#8220; css=&#8220;.vc_custom_1703188623685{margin-top: 10px !important;}&#8220;][vc_column_inner css=&#8220;.vc_custom_1703188617478{margin-top: 10px !important;}&#8220;][vc_column_text]Pobegnite u luksuz i priu\u0161tite sebi nezaboravan odmor uz na\u0161u uzbudljivu promociju u hotelu Calisi. Rezervi\u0161ite svoju sobu sada i u\u017eivajte u nizu divnih pogodnosti koje c\u0301e podic\u0301i va\u0161 boravak na nove visine [&hellip;]<\/p>\n","protected":false},"author":1,"featured_media":0,"parent":0,"menu_order":0,"comment_status":"closed","ping_status":"closed","template":"","meta":{"footnotes":""},"class_list":["post-2518","page","type-page","status-publish","hentry"],"_links":{"self":[{"href":"https:\/\/www.calisi.rs\/sr\/wp-json\/wp\/v2\/pages\/2518","targetHints":{"allow":["GET"]}}],"collection":[{"href":"https:\/\/www.calisi.rs\/sr\/wp-json\/wp\/v2\/pages"}],"about":[{"href":"https:\/\/www.calisi.rs\/sr\/wp-json\/wp\/v2\/types\/page"}],"author":[{"embeddable":true,"href":"https:\/\/www.calisi.rs\/sr\/wp-json\/wp\/v2\/users\/1"}],"replies":[{"embeddable":true,"href":"https:\/\/www.calisi.rs\/sr\/wp-json\/wp\/v2\/comments?post=2518"}],"version-history":[{"count":7,"href":"https:\/\/www.calisi.rs\/sr\/wp-json\/wp\/v2\/pages\/2518\/revisions"}],"predecessor-version":[{"id":2527,"href":"https:\/\/www.calisi.rs\/sr\/wp-json\/wp\/v2\/pages\/2518\/revisions\/2527"}],"wp:attachment":[{"href":"https:\/\/www.calisi.rs\/sr\/wp-json\/wp\/v2\/media?parent=2518"}],"curies":[{"name":"wp","href":"https:\/\/api.w.org\/{rel}","templated":true}]}}