{"id":2547,"date":"2024-03-05T18:43:45","date_gmt":"2024-03-05T18:43:45","guid":{"rendered":"https:\/\/www.calisi.rs\/?page_id=2547"},"modified":"2024-11-18T23:43:29","modified_gmt":"2024-11-18T23:43:29","slug":"organizacija-vencanja","status":"publish","type":"page","link":"https:\/\/www.calisi.rs\/sr\/organizacija-vencanja\/","title":{"rendered":"Vencanje"},"content":{"rendered":"<section class=\"wpb-content-wrapper\"><p>[vc_row full_width=&#8220;stretch_row_content_no_spaces&#8220; css=&#8220;.vc_custom_1709728731326{margin-top: -59px !important;}&#8220;][vc_column][vc_row_inner][vc_column_inner]\n\t\t\t\t<p class=\"rs-p-wp-fix\"><\/p>\n\t\t\t\t<sr7-module data-alias=\"slider-4\" data-id=\"21\" id=\"SR7_21_1\" class=\"rs-ov-hidden\" data-version=\"6.7.4\">\n\t\t\t\t\t<sr7-adjuster><\/sr7-adjuster>\n\t\t\t\t\t<sr7-content>\n\t\t\t\t\t\t<sr7-slide id=\"SR7_21_1-43\" data-key=\"43\">\n\t\t\t\t\t\t\t<sr7-bg id=\"SR7_21_1-43-2\" class=\"sr7-layer\"><noscript><img decoding=\"async\" src=\"https:\/\/www.calisi.rs\/wp-content\/uploads\/2024\/03\/1920x1080-calisi-vencanja-1w.jpg\" alt=\"\" title=\"1920&#215;1080-calisi-vencanja-1w\"><\/noscript><\/sr7-bg>\n\t\t\t\t\t\t\t<sr7-txt id=\"SR7_21_1-43-1\" class=\"sr7-layer\">ORGANIZACIJA VEN\u010cANJA<\/sr7-txt>\n\t\t\t\t\t\t<\/sr7-slide>\n\t\t\t\t\t\t<sr7-slide id=\"SR7_21_1-58\" data-key=\"58\">\n\t\t\t\t\t\t<\/sr7-slide>\n\t\t\t\t\t<\/sr7-content>\n\t\t\t\t\t<image_lists style=\"display:none\">\n\t\t\t\t\t\t<img data-src=\"\/\/www.calisi.rs\/wp-content\/uploads\/2024\/03\/1920x1080-calisi-vencanja-1w.jpg\" alt=\"cdn_helper\" data-libid=\"2594\" data-lib=\"medialibrary\" width=\"0\" height=\"0\" data-dbsrc=\"Ly93d3cuY2FsaXNpLnJzL3dwLWNvbnRlbnQvdXBsb2Fkcy8yMDI0LzAzLzE5MjB4MTA4MC1jYWxpc2ktdmVuY2FuamEtMXcuanBn\"\/>\n\t\t\t\t\t<\/image_lists>\n\t\t\t\t<\/sr7-module>\n\t\t\t\t<script>\n\t\t\t\t\tSR7.PMH ??={}; SR7.PMH[\"SR7_21_1\"] = {cn:0,state:false,fn: function() { if (_tpt!==undefined && _tpt.prepareModuleHeight !== undefined) {  _tpt.prepareModuleHeight({id:\"SR7_21_1\",el:[900,900,768,960,720],type:'standard',shdw:'0',gh:[900,900,743,565,349],gw:[1240,1240,1024,778,480],vpt:['100px'],size:{fullWidth:true, fullHeight:false},mh:'0',onh:0,onw:0,bg:{color:'{\"orig\":\"transparent\",\"type\":\"solid\",\"string\":\"transparent\"}'}});   SR7.PMH[\"SR7_21_1\"].state=true;} else if((SR7.PMH[\"SR7_21_1\"].cn++)<100)\tsetTimeout( SR7.PMH[\"SR7_21_1\"].fn,19);}};SR7.PMH[\"SR7_21_1\" ].fn();\n\t\t\t\t<\/script>\n[\/vc_column_inner][\/vc_row_inner][\/vc_column][\/vc_row][vc_row css=&#8220;.vc_custom_1709728910410{margin-top: 30px !important;}&#8220;][vc_column][vc_row_inner css=&#8220;.vc_custom_1709729046706{margin-bottom: 50px !important;}&#8220; el_class=&#8220;calisi-fix-h2-margin&#8220;][vc_column_inner][vc_column_text]<\/p>\n<h2 style=\"text-align: center;\">Recite \u201eDa\u201c sa stilom u restoranu<\/h2>\n<h2 style=\"text-align: center;\">La Mirage u hotelu Calisi<\/h2>\n<p>[\/vc_column_text][\/vc_column_inner][\/vc_row_inner][vc_row_inner css=&#8220;.vc_custom_1709725196965{margin-bottom: 50px !important;}&#8220;][vc_column_inner][vc_column_text]<\/p>\n<h3 style=\"text-align: center;\">Kreirajte ven\u010danje iz snova u srcu Beograda uz na\u0161e izuzetne svadbene pakete, pa\u017eljivo izra\u0111ene da udovolje svakoj Va\u0161oj \u017eelji. Bez obzira da li zami\u0161ljate intimnu ceremoniju ili veliku proslavu, na\u0161 restoran, sme\u0161ten u okviru hotela, pru\u017ea savr\u0161enu postavku za va\u0161 poseban dan.<\/h3>\n<p>[\/vc_column_text][\/vc_column_inner][\/vc_row_inner][\/vc_column][\/vc_row][vc_row][vc_column][vc_row_inner css=&#8220;.vc_custom_1709725209540{margin-bottom: 30px !important;}&#8220;][vc_column_inner][vc_column_text]<\/p>\n<h2 style=\"text-align: center;\">PAKETI ZA VEN\u010cANJA<\/h2>\n<p>[\/vc_column_text][\/vc_column_inner][\/vc_row_inner][vc_row_inner gap=&#8220;5&#8243; el_class=&#8220;wed-center-button wed-packets-calisi&#8220; css=&#8220;.vc_custom_1709728005109{margin-bottom: 50px !important;}&#8220;][vc_column_inner el_class=&#8220;calisi-wedding-button&#8220; width=&#8220;1\/3&#8243; css=&#8220;.vc_custom_1709727901207{margin-top: 30px !important;}&#8220;][\/vc_column_inner][vc_column_inner el_class=&#8220;calisi-wedding-button&#8220; width=&#8220;1\/3&#8243; css=&#8220;.vc_custom_1709727897968{margin-top: 30px !important;}&#8220;][vc_single_image image=&#8220;2625&#8243; img_size=&#8220;400&#215;400&#8243; alignment=&#8220;center&#8220;][vc_column_text]<\/p>\n<h2 style=\"text-align: center;\">PREMIUM PAKET<\/h2>\n<p>[\/vc_column_text][vc_column_text]<\/p>\n<p style=\"text-align: center;\">70e<\/p>\n<p>[\/vc_column_text]<a itemprop=\"url\" href=\"https:\/\/www.calisi.rs\/wp-content\/uploads\/2024\/11\/svecani-set-premium-.pdf\" target=\"_blank\" style=\"margin: 20px 0px 0px 0px\" class=\"qodef-btn qodef-btn-large qodef-btn-outline\"  >\n    <span class=\"qodef-btn-text-wrapper\">\n        <span class=\"qodef-btn-text\">SAZNAJ VI\u0160E<\/span>\n            <\/span>\n    <span class=\"qodef-btn-bgrnd-wrapper\">\n        <span class=\"qodef-btn-bgrnd-idle\" ><\/span>\n        <span class=\"qodef-btn-bgrnd-hover\" ><\/span>\n    <\/span>\n<\/a>[\/vc_column_inner][vc_column_inner el_class=&#8220;calisi-wedding-button&#8220; width=&#8220;1\/3&#8243; css=&#8220;.vc_custom_1709727905359{margin-top: 30px !important;}&#8220;][\/vc_column_inner][\/vc_row_inner][\/vc_column][\/vc_row][vc_row][vc_column][vc_row_inner css=&#8220;.vc_custom_1709725231084{margin-bottom: 50px !important;}&#8220;][vc_column_inner][vc_column_text]<\/p>\n<h3 style=\"text-align: center;\">Uz na\u0161 asortiman prilagodljivih paketa, stru\u010dnu pomoc\u0301 u planiranju doga\u0111aja i besprekornu uslugu, mi osiguravamo da svaki detalj va\u0161eg posebnog dana bude besprekorno izveden, ostavljajuc\u0301i vam slobodu da u\u017eivate u svakom trenutku radosti i romantike.<\/h3>\n<p>[\/vc_column_text][\/vc_column_inner][\/vc_row_inner][\/vc_column][\/vc_row][vc_row full_width=&#8220;stretch_row&#8220; css=&#8220;.vc_custom_1709729207427{margin-bottom: 50px !important;padding-bottom: 50px !important;background-color: #0a0a0a !important;}&#8220;][vc_column][vc_row_inner el_class=&#8220;calisi-wedding-button&#8220;][vc_column_inner][vc_column_text css=&#8220;.vc_custom_1709725241389{margin-bottom: 30px !important;}&#8220;]<\/p>\n<h3 style=\"text-align: center;\"><span style=\"color: #ffffff;\">Kontaktirajte na\u0161e posvec\u0301ene stru\u010dnjake za svadbe vec\u0301 danas da zapo\u010dnete planiranje ven\u010danja iz snova u restoranu La Mirage i Hotelu Calisi.<\/span><\/h3>\n<p>[\/vc_column_text]<a itemprop=\"url\" href=\"mailto:sales@calisi.rs\" target=\"_self\" style=\"color: #ffffff;border-color: #ffffff\" class=\"qodef-btn qodef-btn-large qodef-btn-outline qodef-btn-custom-hover-bg qodef-btn-custom-hover-color\" data-hover-color=\"#ffffff\" >\n    <span class=\"qodef-btn-text-wrapper\">\n        <span class=\"qodef-btn-text\">sales@calisi.rs<\/span>\n            <\/span>\n    <span class=\"qodef-btn-bgrnd-wrapper\">\n        <span class=\"qodef-btn-bgrnd-idle\" ><\/span>\n        <span class=\"qodef-btn-bgrnd-hover\" ><\/span>\n    <\/span>\n<\/a>[\/vc_column_inner][\/vc_row_inner][\/vc_column][\/vc_row][vc_row][vc_column][vc_row_inner][vc_column_inner][vc_single_image image=&#8220;2578&#8243; img_size=&#8220;full&#8220; alignment=&#8220;center&#8220; el_class=&#8220;wedding-flip-img&#8220;][\/vc_column_inner][\/vc_row_inner][vc_row_inner equal_height=&#8220;yes&#8220; css=&#8220;.vc_custom_1709727181379{margin-top: 30px !important;margin-bottom: 30px !important;}&#8220;][vc_column_inner width=&#8220;1\/3&#8243; offset=&#8220;vc_col-lg-4 vc_hidden-md vc_hidden-sm vc_hidden-xs&#8220;][vc_single_image image=&#8220;2585&#8243; img_size=&#8220;267&#215;400&#8243; alignment=&#8220;right&#8220; el_class=&#8220;wed-side-img&#8220;][\/vc_column_inner][vc_column_inner offset=&#8220;vc_col-lg-4 vc_col-md-12 vc_col-xs-12&#8243;][vc_single_image image=&#8220;2588&#8243; img_size=&#8220;full&#8220; alignment=&#8220;center&#8220;][vc_single_image image=&#8220;2591&#8243; img_size=&#8220;full&#8220; alignment=&#8220;center&#8220; css=&#8220;.vc_custom_1709726265740{margin-top: 30px !important;}&#8220;][\/vc_column_inner][vc_column_inner width=&#8220;1\/3&#8243; offset=&#8220;vc_col-lg-4 vc_hidden-md vc_hidden-sm vc_hidden-xs&#8220;][vc_single_image image=&#8220;2597&#8243; img_size=&#8220;267&#215;400&#8243; el_class=&#8220;wed-side-img&#8220;][\/vc_column_inner][\/vc_row_inner][vc_row_inner][vc_column_inner][vc_single_image image=&#8220;2578&#8243; img_size=&#8220;full&#8220; alignment=&#8220;center&#8220;][\/vc_column_inner][\/vc_row_inner][\/vc_column][\/vc_row][vc_row css=&#8220;.vc_custom_1709727743997{margin-top: 50px !important;margin-bottom: 50px !important;}&#8220;][vc_column][vc_row_inner el_class=&#8220;calisi-wedding-button&#8220;][vc_column_inner][vc_column_text css=&#8220;.vc_custom_1709725280460{margin-bottom: 30px !important;}&#8220;]<\/p>\n<h3 style=\"text-align: center;\">Dozvolite nam da pretvorimo va\u0161u viziju u stvarnost i stvorimo uspomene koje c\u0301e trajati ceo \u017eivot.<\/h3>\n<p>[\/vc_column_text]<a itemprop=\"url\" href=\"mailto:sales@calisi.rs\" target=\"_self\"  class=\"qodef-btn qodef-btn-large qodef-btn-outline\"  >\n    <span class=\"qodef-btn-text-wrapper\">\n        <span class=\"qodef-btn-text\">sales@calisi.rs<\/span>\n            <\/span>\n    <span class=\"qodef-btn-bgrnd-wrapper\">\n        <span class=\"qodef-btn-bgrnd-idle\" ><\/span>\n        <span class=\"qodef-btn-bgrnd-hover\" ><\/span>\n    <\/span>\n<\/a>[\/vc_column_inner][\/vc_row_inner][\/vc_column][\/vc_row]<\/p>\n<\/section>","protected":false},"excerpt":{"rendered":"<p>[vc_row full_width=&#8220;stretch_row_content_no_spaces&#8220; css=&#8220;.vc_custom_1709728731326{margin-top: -59px !important;}&#8220;][vc_column][vc_row_inner][vc_column_inner][\/vc_column_inner][\/vc_row_inner][\/vc_column][\/vc_row][vc_row css=&#8220;.vc_custom_1709728910410{margin-top: 30px !important;}&#8220;][vc_column][vc_row_inner css=&#8220;.vc_custom_1709729046706{margin-bottom: 50px !important;}&#8220; el_class=&#8220;calisi-fix-h2-margin&#8220;][vc_column_inner][vc_column_text] Recite \u201eDa\u201c sa stilom u restoranu La Mirage u hotelu Calisi [\/vc_column_text][\/vc_column_inner][\/vc_row_inner][vc_row_inner css=&#8220;.vc_custom_1709725196965{margin-bottom: 50px !important;}&#8220;][vc_column_inner][vc_column_text] Kreirajte ven\u010danje iz snova u srcu Beograda uz na\u0161e izuzetne svadbene pakete, pa\u017eljivo [&hellip;]<\/p>\n","protected":false},"author":1,"featured_media":0,"parent":0,"menu_order":0,"comment_status":"closed","ping_status":"closed","template":"","meta":{"footnotes":""},"class_list":["post-2547","page","type-page","status-publish","hentry"],"_links":{"self":[{"href":"https:\/\/www.calisi.rs\/sr\/wp-json\/wp\/v2\/pages\/2547","targetHints":{"allow":["GET"]}}],"collection":[{"href":"https:\/\/www.calisi.rs\/sr\/wp-json\/wp\/v2\/pages"}],"about":[{"href":"https:\/\/www.calisi.rs\/sr\/wp-json\/wp\/v2\/types\/page"}],"author":[{"embeddable":true,"href":"https:\/\/www.calisi.rs\/sr\/wp-json\/wp\/v2\/users\/1"}],"replies":[{"embeddable":true,"href":"https:\/\/www.calisi.rs\/sr\/wp-json\/wp\/v2\/comments?post=2547"}],"version-history":[{"count":64,"href":"https:\/\/www.calisi.rs\/sr\/wp-json\/wp\/v2\/pages\/2547\/revisions"}],"predecessor-version":[{"id":2965,"href":"https:\/\/www.calisi.rs\/sr\/wp-json\/wp\/v2\/pages\/2547\/revisions\/2965"}],"wp:attachment":[{"href":"https:\/\/www.calisi.rs\/sr\/wp-json\/wp\/v2\/media?parent=2547"}],"curies":[{"name":"wp","href":"https:\/\/api.w.org\/{rel}","templated":true}]}}