{"id":2690,"date":"2024-03-20T22:55:04","date_gmt":"2024-03-20T22:55:04","guid":{"rendered":"https:\/\/www.calisi.rs\/?page_id=2690"},"modified":"2024-03-20T22:55:04","modified_gmt":"2024-03-20T22:55:04","slug":"dorucak-u-krevetu","status":"publish","type":"page","link":"https:\/\/www.calisi.rs\/sr\/dorucak-u-krevetu\/","title":{"rendered":"DORU\u010cAK U KREVETU"},"content":{"rendered":"<section class=\"wpb-content-wrapper\"><p>[vc_row][vc_column][vc_row_inner el_class=&#8220;calisi-event-text&#8220; css=&#8220;.vc_custom_1703188623685{margin-top: 10px !important;}&#8220;][vc_column_inner css=&#8220;.vc_custom_1703188617478{margin-top: 10px !important;}&#8220;][vc_column_text]<strong>U\u017eivajte u luksuznom iskustvu<\/strong> uz na\u0161u ekskluzivnu ponudu: rasko\u0161an boravak u apartmanu u na\u0161em hotelu, zajedno sa doru\u010dkom koji se servira u krevetu za vas i va\u0161u dragu osobu.<\/p>\n<p><strong>Provedite svoj odmor uz posebnu udobnost<\/strong>, upakovano u jedan divan paket.[\/vc_column_text][\/vc_column_inner][\/vc_row_inner][vc_row_inner el_class=&#8220;calisi-event-text&#8220; css=&#8220;.vc_custom_1703188631533{margin-top: 10px !important;}&#8220;][vc_column_inner css=&#8220;.vc_custom_1703188627461{margin-top: 10px !important;}&#8220;][vc_column_text]<strong>Evo \u010demu mo\u017eete da se radujete:<\/strong><\/p>\n<ul>\n<li>Luksuzan boravak u apartmanu: Zakora\u010dite u svet elegancije i sofisticiranosti sa na\u0161im predivno dizajniranim apartmanom, gde je svaki detalj skrojen da nadma\u0161i va\u0161a o\u010dekivanja. Od prostranih enterijera do modernih sadr\u017eaja, va\u0161a udobnost je na\u0161 glavni prioritet.<\/li>\n<\/ul>\n<p>[\/vc_column_text][\/vc_column_inner][\/vc_row_inner][vc_row_inner el_class=&#8220;calisi-event-text&#8220; css=&#8220;.vc_custom_1703188637189{margin-top: 10px !important;}&#8220;][vc_column_inner css=&#8220;.vc_custom_1703188557063{margin-bottom: 10px !important;}&#8220;][vc_column_text]<\/p>\n<ul>\n<li>Doru\u010dak u krevetu: Po\u010dastite sebe i svog partnera bogatim doru\u010dkom koji se servira direktno u krevet. Zapo\u010dnite svoj dan sa stilom sa ukusnim namazom sve\u017ee pripremljenih u\u017eitaka, a sve to dok u\u017eivate u vrhunskom opu\u0161tanju u udobnom sme\u0161taju u svom luksuznom uto\u010di\u0161tu.<\/li>\n<li>Uklju\u010deno kasno odjavljivanje: Nemojte \u017euriti u odlasku. Uz na\u0161u specijalnu promociju, mo\u017eete u\u017eivati u svakom trenutku malo du\u017ee uz besplatnu kasnu odjavu do 13h. Odvojite vreme da se opustite, utoplite u mirnom ambijentu i maksimalno iskoristite svoj boravak kod nas.<\/li>\n<\/ul>\n<p>[\/vc_column_text][\/vc_column_inner][\/vc_row_inner][vc_row_inner el_class=&#8220;calisi-event-text&#8220; css=&#8220;.vc_custom_1703188637189{margin-top: 10px !important;}&#8220;][vc_column_inner css=&#8220;.vc_custom_1703188557063{margin-bottom: 10px !important;}&#8220;][vc_column_text]Bez obzira da li slavite posebnu priliku ili jednostavno \u017eudite za zaslu\u017eenim odmorom, na\u0161a promocija obec\u0301ava da c\u0301e va\u0161e iskustvo podic\u0301i na nove visine u\u017eivanja i opu\u0161tanja.[\/vc_column_text]<a itemprop=\"url\" href=\"mailto:sales@calisi.rs\" target=\"_self\" style=\"margin: 10px 0px 0px 0px\" class=\"qodef-btn qodef-btn-large qodef-btn-solid centered-button-mobile\"  >\n    <span class=\"qodef-btn-text-wrapper\">\n        <span class=\"qodef-btn-text\">REZERVI\u0160ITE DANAS<\/span>\n            <\/span>\n    <span class=\"qodef-btn-bgrnd-wrapper\">\n        <span class=\"qodef-btn-bgrnd-idle\" ><\/span>\n        <span class=\"qodef-btn-bgrnd-hover\" ><\/span>\n    <\/span>\n<\/a>[vc_raw_html el_class=&#8220;calisi-br-promotion&#8220;]PGJyPg==[\/vc_raw_html]<a itemprop=\"url\" href=\"tel:+381116965800\" target=\"_self\" style=\"margin: 10px 0px 0px 0px\" class=\"qodef-btn qodef-btn-large qodef-btn-solid centered-button-mobile\"  >\n    <span class=\"qodef-btn-text-wrapper\">\n        <span class=\"qodef-btn-text\">POZOVITE NAS<\/span>\n            <\/span>\n    <span class=\"qodef-btn-bgrnd-wrapper\">\n        <span class=\"qodef-btn-bgrnd-idle\" ><\/span>\n        <span class=\"qodef-btn-bgrnd-hover\" ><\/span>\n    <\/span>\n<\/a>[vc_column_text]Ne propustite ovu ograni\u010denu ponudu \u2013 rezervi\u0161ite svoj nezaboravan boravak vec\u0301 danas![\/vc_column_text][\/vc_column_inner][\/vc_row_inner][\/vc_column][\/vc_row]<\/p>\n<\/section>","protected":false},"excerpt":{"rendered":"<p>[vc_row][vc_column][vc_row_inner el_class=&#8220;calisi-event-text&#8220; css=&#8220;.vc_custom_1703188623685{margin-top: 10px !important;}&#8220;][vc_column_inner css=&#8220;.vc_custom_1703188617478{margin-top: 10px !important;}&#8220;][vc_column_text]U\u017eivajte u luksuznom iskustvu uz na\u0161u ekskluzivnu ponudu: rasko\u0161an boravak u apartmanu u na\u0161em hotelu, zajedno sa doru\u010dkom koji se servira u krevetu za vas i va\u0161u dragu osobu. Provedite svoj odmor uz [&hellip;]<\/p>\n","protected":false},"author":1,"featured_media":0,"parent":0,"menu_order":0,"comment_status":"closed","ping_status":"closed","template":"","meta":{"footnotes":""},"class_list":["post-2690","page","type-page","status-publish","hentry"],"_links":{"self":[{"href":"https:\/\/www.calisi.rs\/sr\/wp-json\/wp\/v2\/pages\/2690","targetHints":{"allow":["GET"]}}],"collection":[{"href":"https:\/\/www.calisi.rs\/sr\/wp-json\/wp\/v2\/pages"}],"about":[{"href":"https:\/\/www.calisi.rs\/sr\/wp-json\/wp\/v2\/types\/page"}],"author":[{"embeddable":true,"href":"https:\/\/www.calisi.rs\/sr\/wp-json\/wp\/v2\/users\/1"}],"replies":[{"embeddable":true,"href":"https:\/\/www.calisi.rs\/sr\/wp-json\/wp\/v2\/comments?post=2690"}],"version-history":[{"count":2,"href":"https:\/\/www.calisi.rs\/sr\/wp-json\/wp\/v2\/pages\/2690\/revisions"}],"predecessor-version":[{"id":2692,"href":"https:\/\/www.calisi.rs\/sr\/wp-json\/wp\/v2\/pages\/2690\/revisions\/2692"}],"wp:attachment":[{"href":"https:\/\/www.calisi.rs\/sr\/wp-json\/wp\/v2\/media?parent=2690"}],"curies":[{"name":"wp","href":"https:\/\/api.w.org\/{rel}","templated":true}]}}