{"id":2763,"date":"2024-10-23T20:53:08","date_gmt":"2024-10-23T20:53:08","guid":{"rendered":"https:\/\/www.calisi.rs\/?page_id=2763"},"modified":"2025-11-10T23:33:32","modified_gmt":"2025-11-10T23:33:32","slug":"korporativne-proslave","status":"publish","type":"page","link":"https:\/\/www.calisi.rs\/sr\/korporativne-proslave\/","title":{"rendered":"Korporativne proslave"},"content":{"rendered":"<section class=\"wpb-content-wrapper\"><p>[vc_row full_width=&#8220;stretch_row_content_no_spaces&#8220; el_class=&#8220;corp-img&#8220; css=&#8220;.vc_custom_1729804459285{margin-top: -59px !important;}&#8220;][vc_column]\n\t\t\t\t<p class=\"rs-p-wp-fix\"><\/p>\n\t\t\t\t<sr7-module data-alias=\"slider-6\" data-id=\"40\" id=\"SR7_40_1\" class=\"rs-ov-hidden\" data-version=\"6.7.4\">\n\t\t\t\t\t<sr7-adjuster><\/sr7-adjuster>\n\t\t\t\t\t<sr7-content>\n\t\t\t\t\t\t<sr7-slide id=\"SR7_40_1-101\" data-key=\"101\">\n\t\t\t\t\t\t\t<sr7-bg id=\"SR7_40_1-101-1\" class=\"sr7-layer\"><noscript><img decoding=\"async\" src=\"https:\/\/www.calisi.rs\/wp-content\/uploads\/2025\/11\/korporativne-proslave-bg.jpg\" alt=\"\" title=\"korporativne-proslave-bg\"><\/noscript><\/sr7-bg>\n\t\t\t\t\t\t<\/sr7-slide>\n\t\t\t\t\t\t<sr7-slide id=\"SR7_40_1-103\" data-key=\"103\">\n\t\t\t\t\t\t\t<sr7-bg id=\"SR7_40_1-103-1\" class=\"sr7-layer\"><noscript><img decoding=\"async\" src=\"https:\/\/www.calisi.rs\/wp-content\/uploads\/2025\/11\/corp-slide-1.jpg\" alt=\"\" title=\"corp-slide-1\"><\/noscript><\/sr7-bg>\n\t\t\t\t\t\t<\/sr7-slide>\n\t\t\t\t\t\t<sr7-slide id=\"SR7_40_1-104\" data-key=\"104\">\n\t\t\t\t\t\t\t<sr7-bg id=\"SR7_40_1-104-1\" class=\"sr7-layer\"><noscript><img decoding=\"async\" src=\"https:\/\/www.calisi.rs\/wp-content\/uploads\/2025\/11\/corp-slide-2.jpg\" alt=\"\" title=\"corp-slide-2\"><\/noscript><\/sr7-bg>\n\t\t\t\t\t\t<\/sr7-slide>\n\t\t\t\t\t\t<sr7-slide id=\"SR7_40_1-105\" data-key=\"105\">\n\t\t\t\t\t\t\t<sr7-bg id=\"SR7_40_1-105-1\" class=\"sr7-layer\"><noscript><img decoding=\"async\" src=\"https:\/\/www.calisi.rs\/wp-content\/uploads\/2025\/11\/corp-slide-3.jpg\" alt=\"\" title=\"corp-slide-3\"><\/noscript><\/sr7-bg>\n\t\t\t\t\t\t<\/sr7-slide>\n\t\t\t\t\t\t<sr7-slide id=\"SR7_40_1-102\" data-key=\"102\">\n\t\t\t\t\t\t<\/sr7-slide>\n\t\t\t\t\t<\/sr7-content>\n\t\t\t\t\t<image_lists style=\"display:none\">\n\t\t\t\t\t\t<img data-src=\"\/\/www.calisi.rs\/wp-content\/uploads\/2025\/11\/korporativne-proslave-bg.jpg\" alt=\"cdn_helper\" data-libid=\"3563\" data-lib=\"medialibrary\" width=\"0\" height=\"0\" data-dbsrc=\"Ly93d3cuY2FsaXNpLnJzL3dwLWNvbnRlbnQvdXBsb2Fkcy8yMDI1LzExL2tvcnBvcmF0aXZuZS1wcm9zbGF2ZS1iZy5qcGc=\"\/>\n\t\t\t\t\t\t<img data-src=\"\/\/www.calisi.rs\/wp-content\/uploads\/2025\/11\/corp-slide-1.jpg\" alt=\"cdn_helper\" data-libid=\"3625\" data-lib=\"medialibrary\" width=\"0\" height=\"0\" data-dbsrc=\"Ly93d3cuY2FsaXNpLnJzL3dwLWNvbnRlbnQvdXBsb2Fkcy8yMDI1LzExL2NvcnAtc2xpZGUtMS5qcGc=\"\/>\n\t\t\t\t\t\t<img data-src=\"\/\/www.calisi.rs\/wp-content\/uploads\/2025\/11\/corp-slide-2.jpg\" alt=\"cdn_helper\" data-libid=\"3628\" data-lib=\"medialibrary\" width=\"0\" height=\"0\" data-dbsrc=\"Ly93d3cuY2FsaXNpLnJzL3dwLWNvbnRlbnQvdXBsb2Fkcy8yMDI1LzExL2NvcnAtc2xpZGUtMi5qcGc=\"\/>\n\t\t\t\t\t\t<img data-src=\"\/\/www.calisi.rs\/wp-content\/uploads\/2025\/11\/corp-slide-3.jpg\" alt=\"cdn_helper\" data-libid=\"3622\" data-lib=\"medialibrary\" width=\"0\" height=\"0\" data-dbsrc=\"Ly93d3cuY2FsaXNpLnJzL3dwLWNvbnRlbnQvdXBsb2Fkcy8yMDI1LzExL2NvcnAtc2xpZGUtMy5qcGc=\"\/>\n\t\t\t\t\t<\/image_lists>\n\t\t\t\t<\/sr7-module>\n\t\t\t\t<script>\n\t\t\t\t\tSR7.PMH ??={}; SR7.PMH[\"SR7_40_1\"] = {cn:0,state:false,fn: function() { if (_tpt!==undefined && _tpt.prepareModuleHeight !== undefined) {  _tpt.prepareModuleHeight({id:\"SR7_40_1\",el:[500,500,768,960,720],type:'standard',shdw:'0',gh:[500,500,,,],gw:[1240,1240,1024,778,480],vpt:['100px'],size:{fullWidth:true, fullHeight:false},mh:'0',onh:0,onw:0,bg:{color:'{\"orig\":\"transparent\",\"type\":\"solid\",\"string\":\"transparent\"}'}});   SR7.PMH[\"SR7_40_1\"].state=true;} else if((SR7.PMH[\"SR7_40_1\"].cn++)<100)\tsetTimeout( SR7.PMH[\"SR7_40_1\"].fn,19);}};SR7.PMH[\"SR7_40_1\" ].fn();\n\t\t\t\t<\/script>\n[\/vc_column][\/vc_row][vc_row][vc_column][vc_row_inner css=&#8220;.vc_custom_1729804568496{margin-top: 50px !important;}&#8220;][vc_column_inner][vc_column_text]<\/p>\n<h1 style=\"text-align: center;\">Korporativne proslave<\/h1>\n<p>[\/vc_column_text][\/vc_column_inner][\/vc_row_inner][vc_row_inner css=&#8220;.vc_custom_1729804563456{margin-top: 50px !important;margin-bottom: 30px !important;}&#8220;][vc_column_inner][vc_column_text el_class=&#8220;corp-bullets&#8220;]<\/p>\n<p style=\"text-align: center;\">Hotel Calisi, u svom sklopu nudi Restoran &amp; Bar La Mirage, na savr\u0161enoj lokaciji, Kara\u0111or\u0111eva 35, kod Brankovog mosta, sa pogledom na reku Savu i u neposrednoj blizini Beton hale, idealno je mesto za kompanije koje \u017eele da kraj godine obele\u017ee uz stil, dobru energiju i besprekoran do\u017eivljaj.<br \/>\nModeran i urban prostor savr\u0161en za proslave, team buildinge i poslovne radionice.<br \/>\nO\u010dekuje vas pa\u017eljivo osmi\u0161ljen meni sa bogatom selekcijom specijaliteta i pi\u0107a, kreiran tako da svaki va\u0161 poslovni partner u\u017eiva u vrhunskom gastronomskom iskustvu.<\/p>\n<ul>\n<li style=\"text-align: center;\">\u0160vedski sto sa uklju\u010denim pi\u0107em ve\u0107 od 50 EUR po osobi<\/li>\n<li style=\"text-align: center;\">Dostupni termini u novembru i decembru<\/li>\n<li style=\"text-align: center;\">Mogu\u0107nost organizacije autenti\u010dne srpske ve\u010deri uz nastup folklornog ansambla<\/li>\n<\/ul>\n<p>[\/vc_column_text][\/vc_column_inner][\/vc_row_inner][\/vc_column][\/vc_row][vc_row equal_height=&#8220;yes&#8220; row_content_width=&#8220;grid&#8220; css=&#8220;.vc_custom_1762813035836{margin-top: 50px !important;}&#8220; el_class=&#8220;corp-row-calisi&#8220;][vc_column width=&#8220;1\/2&#8243; el_class=&#8220;corp-box-calisi&#8220;][vc_single_image image=&#8220;3093&#8243; img_size=&#8220;full&#8220;][\/vc_column][vc_column css_animation=&#8220;slideInRight&#8220; width=&#8220;1\/2&#8243; el_class=&#8220;corp-box-calisi&#8220; css=&#8220;.vc_custom_1762813115879{margin-top: 50px !important;margin-bottom: 50px !important;}&#8220;][vc_column_text]<\/p>\n<h2 style=\"text-align: center;\">Korporativne proslave<\/h2>\n<p>[\/vc_column_text][vc_column_text]<\/p>\n<p style=\"text-align: center;\">Kliknite na link da pregedate \u017eeljeni meni<\/p>\n<p>[\/vc_column_text][vc_single_image image=&#8220;2904&#8243; img_size=&#8220;full&#8220; alignment=&#8220;center&#8220; el_class=&#8220;svg-cal&#8220; css=&#8220;.vc_custom_1729855030049{margin-top: 10px !important;}&#8220;][vc_column_text]<\/p>\n<p style=\"text-align: center;\"><a href=\"https:\/\/www.calisi.rs\/wp-content\/uploads\/2025\/11\/STANDARD-KORPO-PROSLAVE-.pdf\">STANDARD<\/a><\/p>\n<p>[\/vc_column_text][vc_single_image image=&#8220;2904&#8243; img_size=&#8220;full&#8220; alignment=&#8220;center&#8220; el_class=&#8220;svg-cal&#8220; css=&#8220;.vc_custom_1729855030049{margin-top: 10px !important;}&#8220;][vc_column_text]<\/p>\n<p style=\"text-align: center;\"><a href=\"https:\/\/www.calisi.rs\/wp-content\/uploads\/2025\/11\/PREMIUM-KORPO-PROSLAVE.pdf\">PREMIUM<\/a><\/p>\n<p>[\/vc_column_text][vc_single_image image=&#8220;2904&#8243; img_size=&#8220;full&#8220; alignment=&#8220;center&#8220; el_class=&#8220;svg-cal&#8220; css=&#8220;.vc_custom_1729855034009{margin-top: 10px !important;}&#8220;][vc_column_text]<\/p>\n<p style=\"text-align: center;\"><a href=\"https:\/\/www.calisi.rs\/wp-content\/uploads\/2025\/11\/PICE-KORPO-PROSLAVE.pdf\">PI\u0106E<\/a><\/p>\n<p>[\/vc_column_text][\/vc_column][\/vc_row][vc_row equal_height=&#8220;yes&#8220; row_content_width=&#8220;grid&#8220; css=&#8220;.vc_custom_1762813032082{margin-top: 0px !important;}&#8220; el_class=&#8220;corp-row-calisi&#8220;][vc_column css_animation=&#8220;slideInLeft&#8220; width=&#8220;1\/2&#8243; el_class=&#8220;corp-box-calisi corp-ord-10&#8243; css=&#8220;.vc_custom_1762813127617{margin-top: 50px !important;margin-bottom: 50px !important;}&#8220;][vc_column_text css=&#8220;.vc_custom_1762812849975{margin-bottom: 50px !important;}&#8220;]<\/p>\n<p style=\"text-align: center;\">Uz na\u0161e profesionalno ozvu\u010denje i mogu\u0107nost anga\u017eovanja benda ili DJ-a, svaka proslava postaje savr\u0161eno organizovan doga\u0111aj.<br \/>\nZahvaljuju\u0107i na\u0161em smart rasvetnom sistemu, restoran se mo\u017ee u potpunosti prilagoditi atmosferi koju \u017eelite, od sve\u010dane ve\u010dere do dinami\u010dne atmosfere.<\/p>\n<p>[\/vc_column_text][vc_column_text]<\/p>\n<h3 style=\"text-align: center;\">SPECIJALNE POGODNOSTI<\/h3>\n<p>[\/vc_column_text][vc_column_text css=&#8220;.vc_custom_1762812854297{margin-bottom: 50px !important;}&#8220;]<\/p>\n<ul>\n<li style=\"text-align: center;\">Besplatna konferencijska sala \u201eGalerija\u201c za prvi slede\u0107i dogadjaj<\/li>\n<li style=\"text-align: center;\">Vau\u010der za no\u0107enje sa doru\u010dkom u TWIN\/DOUBLE sobi<\/li>\n<li style=\"text-align: center;\">Korporativne stati\u010dne cene za poslovne partnere<\/li>\n<\/ul>\n<p>[\/vc_column_text][vc_column_text]<\/p>\n<h3 style=\"text-align: center;\">Nudimo fleksibilnu postavku prostora:<\/h3>\n<p>[\/vc_column_text][vc_column_text]<\/p>\n<ul>\n<li style=\"text-align: center;\">Do 90 sede\u0107ih mesta u standardnoj restoranskoj postavci<\/li>\n<li style=\"text-align: center;\">Do 120 sede\u0107ih mesta uz okrugle stolove<\/li>\n<li style=\"text-align: center;\">\u00a0Do 150 mesta za koktel ve\u010deri, uz kori\u0161\u0107enje barskih i polu-barskih stolova<\/li>\n<\/ul>\n<p>[\/vc_column_text][\/vc_column][vc_column width=&#8220;1\/2&#8243; el_class=&#8220;corp-box-calisi corp-ord-9&#8243;][vc_single_image image=&#8220;3090&#8243; img_size=&#8220;full&#8220; alignment=&#8220;center&#8220;][\/vc_column][\/vc_row][vc_row css=&#8220;.vc_custom_1730163346399{margin-top: 20px !important;}&#8220;][vc_column][vc_row_inner][vc_column_inner][vc_column_text]<\/p>\n<h2 style=\"text-align: center;\">Zadovoljni klijenti<\/h2>\n<p>[\/vc_column_text][\/vc_column_inner][\/vc_row_inner][vc_row_inner][vc_column_inner]<div class=\"qodef-clients-carousel-holder qodef-cc-hover-switch-images\">\n\t<div class=\"qodef-cc-inner qodef-owl-slider\" data-number-of-items=\"6\" data-enable-loop=\"yes\" data-enable-autoplay=\"yes\" data-slider-speed=\"3000\" data-slider-speed-animation=\"600\" data-enable-navigation=\"no\" data-enable-pagination=\"no\">\n\t\t<div class=\"qodef-cc-item\">\n\t\t\t\t\t\t<img decoding=\"async\" itemprop=\"image\" class=\"qodef-cc-image\" src=\"https:\/\/www.calisi.rs\/wp-content\/uploads\/2025\/11\/salomon-logo.png\" alt=\"\" \/>\n\t\t\t\t\t\t\t<img decoding=\"async\" itemprop=\"image\" class=\"qodef-cc-hover-image\" src=\"https:\/\/www.calisi.rs\/wp-content\/uploads\/2025\/11\/salomon-logo.png\" alt=\"\" \/>\n\t\t\t<\/div><div class=\"qodef-cc-item\">\n\t\t\t\t\t\t<img decoding=\"async\" itemprop=\"image\" class=\"qodef-cc-image\" src=\"https:\/\/www.calisi.rs\/wp-content\/uploads\/2025\/11\/loreal-balkan-adria-logo.png\" alt=\"\" \/>\n\t\t\t\t\t\t\t<img decoding=\"async\" itemprop=\"image\" class=\"qodef-cc-hover-image\" src=\"https:\/\/www.calisi.rs\/wp-content\/uploads\/2025\/11\/loreal-balkan-adria-logo.png\" alt=\"\" \/>\n\t\t\t<\/div><div class=\"qodef-cc-item\">\n\t\t\t\t\t\t<img decoding=\"async\" itemprop=\"image\" class=\"qodef-cc-image\" src=\"https:\/\/www.calisi.rs\/wp-content\/uploads\/2025\/11\/knjaz-milos-logo.png\" alt=\"\" \/>\n\t\t\t\t\t\t\t<img decoding=\"async\" itemprop=\"image\" class=\"qodef-cc-hover-image\" src=\"https:\/\/www.calisi.rs\/wp-content\/uploads\/2025\/11\/knjaz-milos-logo.png\" alt=\"\" \/>\n\t\t\t<\/div><div class=\"qodef-cc-item\">\n\t\t\t\t\t\t<img decoding=\"async\" itemprop=\"image\" class=\"qodef-cc-image\" src=\"https:\/\/www.calisi.rs\/wp-content\/uploads\/2025\/11\/jti-logo.png\" alt=\"\" \/>\n\t\t\t\t\t\t\t<img decoding=\"async\" itemprop=\"image\" class=\"qodef-cc-hover-image\" src=\"https:\/\/www.calisi.rs\/wp-content\/uploads\/2025\/11\/jti-logo.png\" alt=\"\" \/>\n\t\t\t<\/div><div class=\"qodef-cc-item\">\n\t\t\t\t\t\t<img decoding=\"async\" itemprop=\"image\" class=\"qodef-cc-image\" src=\"https:\/\/www.calisi.rs\/wp-content\/uploads\/2025\/11\/imlek-logo.png\" alt=\"\" \/>\n\t\t\t\t\t\t\t<img decoding=\"async\" itemprop=\"image\" class=\"qodef-cc-hover-image\" src=\"https:\/\/www.calisi.rs\/wp-content\/uploads\/2025\/11\/imlek-logo.png\" alt=\"\" \/>\n\t\t\t<\/div><div class=\"qodef-cc-item\">\n\t\t\t\t\t\t<img decoding=\"async\" itemprop=\"image\" class=\"qodef-cc-image\" src=\"https:\/\/www.calisi.rs\/wp-content\/uploads\/2025\/11\/canon-logo.png\" alt=\"\" \/>\n\t\t\t\t\t\t\t<img decoding=\"async\" itemprop=\"image\" class=\"qodef-cc-hover-image\" src=\"https:\/\/www.calisi.rs\/wp-content\/uploads\/2025\/11\/canon-logo.png\" alt=\"\" \/>\n\t\t\t<\/div><div class=\"qodef-cc-item\">\n\t\t\t\t\t\t<img decoding=\"async\" itemprop=\"image\" class=\"qodef-cc-image\" src=\"https:\/\/www.calisi.rs\/wp-content\/uploads\/2025\/11\/Winterhalter-logo.png\" alt=\"\" \/>\n\t\t\t\t\t\t\t<img decoding=\"async\" itemprop=\"image\" class=\"qodef-cc-hover-image\" src=\"https:\/\/www.calisi.rs\/wp-content\/uploads\/2025\/11\/Winterhalter-logo.png\" alt=\"\" \/>\n\t\t\t<\/div><div class=\"qodef-cc-item\">\n\t\t\t\t\t\t<img decoding=\"async\" itemprop=\"image\" class=\"qodef-cc-image\" src=\"https:\/\/www.calisi.rs\/wp-content\/uploads\/2025\/11\/wienerberger-logo.png\" alt=\"\" \/>\n\t\t\t\t\t\t\t<img decoding=\"async\" itemprop=\"image\" class=\"qodef-cc-hover-image\" src=\"https:\/\/www.calisi.rs\/wp-content\/uploads\/2025\/11\/wienerberger-logo.png\" alt=\"\" \/>\n\t\t\t<\/div><div class=\"qodef-cc-item\">\n\t\t\t\t\t\t<img decoding=\"async\" itemprop=\"image\" class=\"qodef-cc-image\" src=\"https:\/\/www.calisi.rs\/wp-content\/uploads\/2025\/11\/scania-logo.png\" alt=\"\" \/>\n\t\t\t\t\t\t\t<img decoding=\"async\" itemprop=\"image\" class=\"qodef-cc-hover-image\" src=\"https:\/\/www.calisi.rs\/wp-content\/uploads\/2025\/11\/scania-logo.png\" alt=\"\" \/>\n\t\t\t<\/div>\t<\/div>\n<\/div>[\/vc_column_inner][\/vc_row_inner][\/vc_column][\/vc_row][vc_row full_width=&#8220;stretch_row_content&#8220; equal_height=&#8220;yes&#8220; css=&#8220;.vc_custom_1729805794243{margin-top: 20px !important;}&#8220;][vc_column css=&#8220;.vc_custom_1729805789929{margin-top: 30px !important;padding-top: -15% !important;padding-bottom: -15% !important;}&#8220;][vc_row_inner el_class=&#8220;calisi-wedding-button&#8220;][vc_column_inner][vc_column_text]<\/p>\n<h2 style=\"text-align: center;\">Vi\u0161e informacija i rezervacije na:<\/h2>\n<p>[\/vc_column_text]<a itemprop=\"url\" href=\"tel:+38163288833\" target=\"_self\" style=\"margin: 20px\" class=\"qodef-btn qodef-btn-large qodef-btn-outline\"  >\n    <span class=\"qodef-btn-text-wrapper\">\n        <span class=\"qodef-btn-text\">POZOVITE NAS<\/span>\n            <\/span>\n    <span class=\"qodef-btn-bgrnd-wrapper\">\n        <span class=\"qodef-btn-bgrnd-idle\" ><\/span>\n        <span class=\"qodef-btn-bgrnd-hover\" ><\/span>\n    <\/span>\n<\/a><a itemprop=\"url\" href=\"mailto:hotel@calisi.rs\" target=\"_self\" style=\"margin: 20px\" class=\"qodef-btn qodef-btn-large qodef-btn-outline\"  >\n    <span class=\"qodef-btn-text-wrapper\">\n        <span class=\"qodef-btn-text\">hotel@calisi.rs<\/span>\n            <\/span>\n    <span class=\"qodef-btn-bgrnd-wrapper\">\n        <span class=\"qodef-btn-bgrnd-idle\" ><\/span>\n        <span class=\"qodef-btn-bgrnd-hover\" ><\/span>\n    <\/span>\n<\/a>[\/vc_column_inner][\/vc_row_inner][\/vc_column][\/vc_row][vc_row full_width=&#8220;stretch_row_content&#8220; equal_height=&#8220;yes&#8220; css=&#8220;.vc_custom_1729805794243{margin-top: 20px !important;}&#8220;][vc_column width=&#8220;1\/4&#8243; css=&#8220;.vc_custom_1729805789929{margin-top: 30px !important;padding-top: -15% !important;padding-bottom: -15% !important;}&#8220;][vc_video link=&#8220;https:\/\/youtube.com\/shorts\/6aORVxDYY0k&#8220; el_aspect=&#8220;1235&#8243; align=&#8220;center&#8220;][\/vc_column][vc_column width=&#8220;1\/2&#8243; css=&#8220;.vc_custom_1729816925173{margin-top: 30px !important;background-position: center !important;background-repeat: no-repeat !important;background-size: cover !important;}&#8220; el_class=&#8220;corp-box-calisi&#8220;][vc_single_image image=&#8220;3102&#8243; img_size=&#8220;full&#8220; alignment=&#8220;center&#8220;][\/vc_column][vc_column width=&#8220;1\/4&#8243; css=&#8220;.vc_custom_1729805777292{margin-top: 30px !important;}&#8220;][vc_video link=&#8220;https:\/\/youtube.com\/shorts\/uLs5UakgTaA&#8220; el_aspect=&#8220;1235&#8243; align=&#8220;center&#8220;][\/vc_column][\/vc_row]<\/p>\n<\/section>","protected":false},"excerpt":{"rendered":"<p>[vc_row full_width=&#8220;stretch_row_content_no_spaces&#8220; el_class=&#8220;corp-img&#8220; css=&#8220;.vc_custom_1729804459285{margin-top: -59px !important;}&#8220;][vc_column][\/vc_column][\/vc_row][vc_row][vc_column][vc_row_inner css=&#8220;.vc_custom_1729804568496{margin-top: 50px !important;}&#8220;][vc_column_inner][vc_column_text] Korporativne proslave [\/vc_column_text][\/vc_column_inner][\/vc_row_inner][vc_row_inner css=&#8220;.vc_custom_1729804563456{margin-top: 50px !important;margin-bottom: 30px !important;}&#8220;][vc_column_inner][vc_column_text el_class=&#8220;corp-bullets&#8220;] Hotel Calisi, u svom sklopu nudi Restoran &amp; Bar La Mirage, na savr\u0161enoj lokaciji, Kara\u0111or\u0111eva 35, kod Brankovog mosta, sa pogledom na [&hellip;]<\/p>\n","protected":false},"author":1,"featured_media":0,"parent":0,"menu_order":0,"comment_status":"closed","ping_status":"closed","template":"","meta":{"footnotes":""},"class_list":["post-2763","page","type-page","status-publish","hentry"],"_links":{"self":[{"href":"https:\/\/www.calisi.rs\/sr\/wp-json\/wp\/v2\/pages\/2763","targetHints":{"allow":["GET"]}}],"collection":[{"href":"https:\/\/www.calisi.rs\/sr\/wp-json\/wp\/v2\/pages"}],"about":[{"href":"https:\/\/www.calisi.rs\/sr\/wp-json\/wp\/v2\/types\/page"}],"author":[{"embeddable":true,"href":"https:\/\/www.calisi.rs\/sr\/wp-json\/wp\/v2\/users\/1"}],"replies":[{"embeddable":true,"href":"https:\/\/www.calisi.rs\/sr\/wp-json\/wp\/v2\/comments?post=2763"}],"version-history":[{"count":104,"href":"https:\/\/www.calisi.rs\/sr\/wp-json\/wp\/v2\/pages\/2763\/revisions"}],"predecessor-version":[{"id":3635,"href":"https:\/\/www.calisi.rs\/sr\/wp-json\/wp\/v2\/pages\/2763\/revisions\/3635"}],"wp:attachment":[{"href":"https:\/\/www.calisi.rs\/sr\/wp-json\/wp\/v2\/media?parent=2763"}],"curies":[{"name":"wp","href":"https:\/\/api.w.org\/{rel}","templated":true}]}}