{"id":3474,"date":"2025-04-19T19:51:18","date_gmt":"2025-04-19T19:51:18","guid":{"rendered":"https:\/\/www.calisi.rs\/?page_id=3474"},"modified":"2025-04-22T21:38:26","modified_gmt":"2025-04-22T21:38:26","slug":"ketering","status":"publish","type":"page","link":"https:\/\/www.calisi.rs\/sr\/ketering\/","title":{"rendered":"Ketering"},"content":{"rendered":"<section class=\"wpb-content-wrapper\"><p>[vc_row css=&#8220;.vc_custom_1745357902399{margin-top: -58px !important;}&#8220;][vc_column][vc_row_inner][vc_column_inner]\n\t\t\t\t<p class=\"rs-p-wp-fix\"><\/p>\n\t\t\t\t<sr7-module data-alias=\"mainhp25rs-11\" data-id=\"37\" id=\"SR7_37_1\" class=\"rs-ov-hidden\" data-version=\"6.7.4\">\n\t\t\t\t\t<sr7-adjuster><\/sr7-adjuster>\n\t\t\t\t\t<sr7-content>\n\t\t\t\t\t\t<sr7-slide id=\"SR7_37_1-90\" data-key=\"90\">\n\t\t\t\t\t\t\t<sr7-txt id=\"SR7_37_1-90-1\" class=\"sr7-layer\">KETERING<\/sr7-txt>\n\t\t\t\t\t\t\t<sr7-txt id=\"SR7_37_1-90-2\" class=\"sr7-layer\">Svakodnevna priprema obroka za zaposlene<\/sr7-txt>\n\t\t\t\t\t\t\t<sr7-txt id=\"SR7_37_1-90-3\" class=\"sr7-layer\">PO\u0160ALJITE UPIT<\/sr7-txt>\n\t\t\t\t\t\t<\/sr7-slide>\n\t\t\t\t\t\t<sr7-slide id=\"SR7_37_1-91\" data-key=\"91\">\n\t\t\t\t\t\t<\/sr7-slide>\n\t\t\t\t\t<\/sr7-content>\n\t\t\t\t\t<image_lists style=\"display:none\">\n\t\t\t\t\t\t<img data-src=\"\/\/www.calisi.rs\/wp-content\/uploads\/2025\/04\/Loreal-01474-copy-1.jpg\" alt=\"cdn_helper\" data-libid=\"3503\" width=\"0\" height=\"0\" data-dbsrc=\"Ly93d3cuY2FsaXNpLnJzL3dwLWNvbnRlbnQvdXBsb2Fkcy8yMDI1LzA0L0xvcmVhbC0wMTQ3NC1jb3B5LTEuanBn\"\/>\n\t\t\t\t\t\t<img data-src=\"\/\/www.calisi.rs\/wp-content\/uploads\/2025\/04\/Loreal-01474-xcopy.jpg\" alt=\"cdn_helper\" data-libid=\"3507\" width=\"0\" height=\"0\" data-dbsrc=\"Ly93d3cuY2FsaXNpLnJzL3dwLWNvbnRlbnQvdXBsb2Fkcy8yMDI1LzA0L0xvcmVhbC0wMTQ3NC14Y29weS5qcGc=\"\/>\n\t\t\t\t\t<\/image_lists>\n\t\t\t\t<\/sr7-module>\n\t\t\t\t<script>\n\t\t\t\t\tSR7.PMH ??={}; SR7.PMH[\"SR7_37_1\"] = {cn:0,state:false,fn: function() { if (_tpt!==undefined && _tpt.prepareModuleHeight !== undefined) {  _tpt.prepareModuleHeight({id:\"SR7_37_1\",el:[600,600,495,376,720],type:'standard',shdw:'0',gh:[600,600,495,376,720],gw:[1240,1240,1024,778,480],vpt:['100px&#039;,&#039;100px&#039;,&#039;100px&#039;,&#039;100px&#039;,&#039;100px'],size:{fullWidth:true, fullHeight:false},mh:'0',onh:0,onw:0,bg:{color:'{\"orig\":\"transparent\",\"type\":\"solid\",\"string\":\"transparent\"}'}});   SR7.PMH[\"SR7_37_1\"].state=true;} else if((SR7.PMH[\"SR7_37_1\"].cn++)<100)\tsetTimeout( SR7.PMH[\"SR7_37_1\"].fn,19);}};SR7.PMH[\"SR7_37_1\" ].fn();\n\t\t\t\t<\/script>\n[\/vc_column_inner][\/vc_row_inner][\/vc_column][\/vc_row][vc_row][vc_column][vc_row_inner css=&#8220;.vc_custom_1745092307421{margin-bottom: 50px !important;}&#8220;][vc_column_inner][vc_column_text]<\/p>\n<h2 style=\"text-align: center;\">Usluga keteringa<\/h2>\n<h3 style=\"text-align: center;\">Sve\u017ee, ukusno, brzo<\/h3>\n<p>[\/vc_column_text][\/vc_column_inner][\/vc_row_inner][vc_row_inner css=&#8220;.vc_custom_1745092312046{margin-bottom: 50px !important;}&#8220;][vc_column_inner][vc_column_text]Na\u0161a misija je pru\u017eanje vrhunskih ketering usluga klijentima koji cene kvalitet. Upravo iz tog razloga, posebno smo se fokusirali na izgradnju sna\u017ene infrastrukture i efikasnu organizaciju poslovanja. Raspola\u017eemo modernom kuhinjom velikog kapaciteta, opremljenom vrhunskom profesionalnom opremom, koja u potpunosti ispunjava sve HACCP standarde za bezbednu pripremu hrane.[\/vc_column_text][\/vc_column_inner][\/vc_row_inner][vc_row_inner css=&#8220;.vc_custom_1745093689364{margin-bottom: 50px !important;}&#8220;][vc_column_inner][vc_column_text]<\/p>\n<h3 style=\"text-align: left;\">Za vas organizujemo i kuvamo, kada vama odgovara:<\/h3>\n<p>[\/vc_column_text][vc_column_text]<\/p>\n<ul>\n<li style=\"text-align: left;\">Specijalizovani smo za organizaciju koktela, proslava, poslovnih ru\u010dkova i sve\u010danih ve\u010dera na lokacijama po izboru klijenata. Na\u0161 tim profesionalnih i uniformisanih konobara brine o svakom detalju, obezbe\u0111uju\u0107i vrhunsku uslugu i prijatno iskustvo za sve goste.<\/li>\n<li>Pru\u017eamo usluge organizacije ishrane zaposlenih na dnevnom nivou \u2013 bilo da se radi o pripremi obroka u na\u0161oj kuhinji za manji broj ljudi, ili o kuvanju direktno na lokaciji klijenta kada je u pitanju ve\u0107i broj zaposlenih.<\/li>\n<li>Organizujemo dnevnu dostavu pi\u0107a, sokova, kafe, sanitarnih i drugih potrep\u0161tina sa maloprodajnih lokacija klijenata, po va\u017ee\u0107im maloprodajnim cenama \u2013 brzo, pouzdano i bez dodatnih tro\u0161kova.<\/li>\n<\/ul>\n<p>[\/vc_column_text][\/vc_column_inner][\/vc_row_inner][\/vc_column][\/vc_row][vc_row][vc_column][vc_row_inner equal_height=&#8220;yes&#8220; css=&#8220;.vc_custom_1745093795647{margin-bottom: 50px !important;}&#8220;][vc_column_inner width=&#8220;1\/3&#8243;][vc_single_image image=&#8220;3511&#8243; img_size=&#8220;full&#8220; alignment=&#8220;center&#8220;][vc_column_text]<\/p>\n<h3>Korporativni ketering i ishrana zaposlenih<\/h3>\n<p>[\/vc_column_text][vc_column_text]Ukoliko va\u0161a firma ima potrebu za svakodnevnom isporukom hrane, mi se bavimo i pripremanjem obroka za zaposlene.[\/vc_column_text][\/vc_column_inner][vc_column_inner width=&#8220;1\/3&#8243;][vc_single_image image=&#8220;3520&#8243; img_size=&#8220;full&#8220; alignment=&#8220;center&#8220;][vc_column_text]<\/p>\n<h3 style=\"text-align: left;\">Ketering za ven\u010danja i slave<\/h3>\n<p>[\/vc_column_text][vc_column_text]Da Va\u0161 najsre\u0107niji dan napravimo jo\u0161 lep\u0161im. Tu smo da sa vama isplaniramo svaki detalj i da vam pomognemo u organizaciji ven\u010danja.[\/vc_column_text][\/vc_column_inner][vc_column_inner width=&#8220;1\/3&#8243;][vc_single_image image=&#8220;3514&#8243; img_size=&#8220;full&#8220; alignment=&#8220;center&#8220;][vc_column_text]<\/p>\n<h3 style=\"text-align: left;\">Ketering za de\u010dije ro\u0111endane i igraonice<\/h3>\n<p>[\/vc_column_text][vc_column_text]Bilo da rodjendan proslavljate u igraonici ili u svom domu nudimo veliki izbor hrane za va\u0161e mali\u0161ane i njihove mame i tate.[\/vc_column_text][\/vc_column_inner][\/vc_row_inner][vc_row_inner css=&#8220;.vc_custom_1745093968623{margin-bottom: 50px !important;}&#8220;][vc_column_inner width=&#8220;1\/2&#8243;][vc_single_image image=&#8220;3523&#8243; img_size=&#8220;full&#8220; alignment=&#8220;center&#8220;][vc_column_text]<\/p>\n<h3>Organizacija koktela i proslava<\/h3>\n<p>[\/vc_column_text][vc_column_text]Nudimo kompletne usluge pripreme, dostave i poslu\u017eivanja hrane i pi\u0107a, uz punu organizaciju koktela \u2013 bilo da se radi o manjim, intimnim okupljanjima ili velikim doga\u0111ajima sa preko 1.000 zvanica.[\/vc_column_text][\/vc_column_inner][vc_column_inner width=&#8220;1\/2&#8243;][vc_single_image image=&#8220;3517&#8243; img_size=&#8220;full&#8220; alignment=&#8220;center&#8220;][vc_column_text]<\/p>\n<h3>Party box<\/h3>\n<p>[\/vc_column_text][vc_column_text]Idealno re\u0161enje za sve va\u0161e proslave \u2013 pa\u017eljivo dekorisana i ukusno pripremljena hrana sti\u017ee direktno na va\u0161u adresu. Sve je ve\u0107 spremno za poslu\u017eenje \u2013 samo otvorite kutiju i u\u017eivanje mo\u017ee da po\u010dne.[\/vc_column_text][\/vc_column_inner][\/vc_row_inner][\/vc_column][\/vc_row][vc_row full_width=&#8220;stretch_row_content_no_spaces&#8220; css=&#8220;.vc_custom_1745094875953{margin-bottom: 50px !important;padding-bottom: 50px !important;background-image: url(https:\/\/www.calisi.rs\/wp-content\/uploads\/2025\/04\/Loreal-01474-copy-1.jpg?id=3503) !important;background-position: center !important;background-repeat: no-repeat !important;background-size: cover !important;}&#8220; el_class=&#8220;calisi-catering&#8220;][vc_column][vc_column_text]<\/p>\n<h3 class=\"heading heading-1 strong-400 c-white mb-4\" style=\"text-align: center;\"><span style=\"color: #000000;\">Poru\u010dite ketering online<\/span><\/h3>\n<p>[\/vc_column_text][vc_column_text css=&#8220;.vc_custom_1745094778929{margin-bottom: 50px !important;}&#8220;]<\/p>\n<p style=\"text-align: center;\"><span style=\"color: #000000;\">Ketering bez stresa \u2013 iz udobnosti va\u0161e fotelje.<\/span><\/p>\n<p style=\"text-align: center;\"><span style=\"color: #000000;\">Dovoljno je da u nekoliko jednostavnih koraka popunite zahtev za dostavu, a mi se brinemo za sve ostalo.<\/span><\/p>\n<p style=\"text-align: center;\"><span style=\"color: #000000;\">Na\u0161 tim vam je na raspolaganju svakog radnog dana, od 09 do 17 \u010dasova, spreman da odgovori na sve va\u0161e potrebe.<\/span><\/p>\n<p>[\/vc_column_text]<a itemprop=\"url\" href=\"mailto:hotel@calisi.rs\" target=\"_self\"  class=\"qodef-btn qodef-btn-large qodef-btn-solid\"  >\n    <span class=\"qodef-btn-text-wrapper\">\n        <span class=\"qodef-btn-text\">PO\u0160ALJITE UPIT<\/span>\n            <\/span>\n    <span class=\"qodef-btn-bgrnd-wrapper\">\n        <span class=\"qodef-btn-bgrnd-idle\" ><\/span>\n        <span class=\"qodef-btn-bgrnd-hover\" ><\/span>\n    <\/span>\n<\/a>[\/vc_column][\/vc_row]<\/p>\n<\/section>","protected":false},"excerpt":{"rendered":"<p>[vc_row css=&#8220;.vc_custom_1745357902399{margin-top: -58px !important;}&#8220;][vc_column][vc_row_inner][vc_column_inner][\/vc_column_inner][\/vc_row_inner][\/vc_column][\/vc_row][vc_row][vc_column][vc_row_inner css=&#8220;.vc_custom_1745092307421{margin-bottom: 50px !important;}&#8220;][vc_column_inner][vc_column_text] Usluga keteringa Sve\u017ee, ukusno, brzo [\/vc_column_text][\/vc_column_inner][\/vc_row_inner][vc_row_inner css=&#8220;.vc_custom_1745092312046{margin-bottom: 50px !important;}&#8220;][vc_column_inner][vc_column_text]Na\u0161a misija je pru\u017eanje vrhunskih ketering usluga klijentima koji cene kvalitet. Upravo iz tog razloga, posebno smo se fokusirali na izgradnju sna\u017ene infrastrukture i efikasnu [&hellip;]<\/p>\n","protected":false},"author":1,"featured_media":0,"parent":0,"menu_order":0,"comment_status":"closed","ping_status":"closed","template":"","meta":{"footnotes":""},"class_list":["post-3474","page","type-page","status-publish","hentry"],"_links":{"self":[{"href":"https:\/\/www.calisi.rs\/sr\/wp-json\/wp\/v2\/pages\/3474","targetHints":{"allow":["GET"]}}],"collection":[{"href":"https:\/\/www.calisi.rs\/sr\/wp-json\/wp\/v2\/pages"}],"about":[{"href":"https:\/\/www.calisi.rs\/sr\/wp-json\/wp\/v2\/types\/page"}],"author":[{"embeddable":true,"href":"https:\/\/www.calisi.rs\/sr\/wp-json\/wp\/v2\/users\/1"}],"replies":[{"embeddable":true,"href":"https:\/\/www.calisi.rs\/sr\/wp-json\/wp\/v2\/comments?post=3474"}],"version-history":[{"count":24,"href":"https:\/\/www.calisi.rs\/sr\/wp-json\/wp\/v2\/pages\/3474\/revisions"}],"predecessor-version":[{"id":3545,"href":"https:\/\/www.calisi.rs\/sr\/wp-json\/wp\/v2\/pages\/3474\/revisions\/3545"}],"wp:attachment":[{"href":"https:\/\/www.calisi.rs\/sr\/wp-json\/wp\/v2\/media?parent=3474"}],"curies":[{"name":"wp","href":"https:\/\/api.w.org\/{rel}","templated":true}]}}