{"id":503,"date":"2023-01-18T01:19:01","date_gmt":"2023-01-18T01:19:01","guid":{"rendered":"https:\/\/www.calisi.rs\/jelovnik\/"},"modified":"2024-12-27T22:32:00","modified_gmt":"2024-12-27T22:32:00","slug":"jelovnik","status":"publish","type":"page","link":"https:\/\/www.calisi.rs\/sr\/jelovnik\/","title":{"rendered":"JELOVNIK"},"content":{"rendered":"<section class=\"wpb-content-wrapper\"><p>[vc_row css=&#8220;.vc_custom_1699561819437{margin-bottom: 50px !important;}&#8220;][vc_column][vc_row_inner][vc_column_inner][vc_column_text]<\/p>\n<h2 style=\"text-align: center;\">FRANCUSKI ZA\u010cIN NA NA\u0160 NA\u010cIN<\/h2>\n<p>[\/vc_column_text][\/vc_column_inner][\/vc_row_inner][\/vc_column][\/vc_row][vc_row][vc_column][vc_row_inner css=&#8220;.vc_custom_1699564688001{margin-top: 30px !important;margin-bottom: 50px !important;}&#8220;][vc_column_inner][vc_column_text]<\/p>\n<h2 style=\"text-align: center;\">PREDJELA<\/h2>\n<p>[\/vc_column_text][\/vc_column_inner][\/vc_row_inner][vc_row_inner][vc_column_inner width=&#8220;1\/2&#8243;]<div class=\"qodef-section-title-holder calisi-menu-title qodef-st-standard qodef-st-title-left  qodef-st-normal-space  \" >\n\t<div class=\"qodef-st-inner\">\n        \t\t\t\t\t<h2 class=\"qodef-st-title\" >\n\t\t\t\tHLADNA PREDJELA\t\t\t<\/h2>\n\t\t\t\t\t<\/div>\n<\/div>[ucaddon_simple_food_menu admin_lbl=&#8220;PREDJELA&#8220; uc_items_data=&#8220;JTVCJTdCJTIydGl0bGUlMjIlM0ElMjJQTEFUQSUyMCU1QyUyMkNBTElTSSU1QyUyMiUyMFpBJTIwRFZFJTIwT1NPQkUlMjIlMkMlMjJ0ZXh0JTIyJTNBJTIyc3Zpbmpza2ElMjBwciVDNSVBMXV0YSUyQyUyMGJ1JUM0JTkxb2xhJTJDJTIwZ292ZSVDNCU5MWElMjBwciVDNSVBMXV0YSUyQyUyMGtvemlqaSUyMHNpciUyMHNhJTIwdGFydHVmaW1hJTJDJTIwa29ybmklQzUlQTFvbmklMkMlMjBjcnZlbmklMjBsdWslMjBpJTIwJUM0JThEZXJpJTIwcGFyYWRhanolMjIlMkMlMjJwaXJjZSUyMiUzQSUyMjIxMDAlMjIlN0QlMkMlN0IlMjJ0aXRsZSUyMiUzQSUyMlNFTEVLQ0lKQSUyMFNUUkFOSUglMjBTSVJFVkElMjIlMkMlMjJ0ZXh0JTIyJTNBJTIyZ29yZ29uem9sYSUyQyUyMGJyaSUyQyUyMHBhcm1lemFuJTJDJTIwZW1lbnRhbGVyJTJDJTIwY2FtYW1iZXIlMjIlMkMlMjJwaXJjZSUyMiUzQSUyMjEyMDAlMjIlN0QlMkMlN0IlMjJ0aXRsZSUyMiUzQSUyMktBUlBBJUM0JTg2TyUyME9EJTIwR09WRSVDNCU5MEVHJTIwRklMRUElMjIlMkMlMjJ0ZXh0JTIyJTNBJTIyZ292ZSVDNCU5MWklMjBmaWxlJTIwc2ElMjBzdmUlQzUlQkVvbSUyMHJ1a29sb20lMkMlMjBwaW5qb2xpbWElMjBpJTIwZGklQzUlQkVvbiUyMHNlbmZvbSUyMiUyQyUyMnBpcmNlJTIyJTNBJTIyMTk1MCUyMiU3RCUyQyU3QiUyMnRpdGxlJTIyJTNBJTIyVEFUQVIlMjBCSUZURUslMjBOQSUyME5BJUM1JUEwJTIwTkElQzQlOENJTiUyMiUyQyUyMnRleHQlMjIlM0ElMjJnb3ZlJUM0JTkxaSUyMGZpbGUlMjBzYSUyMHphJUM0JThEaW5pbWElMkMlMjBob21lJTIwbWFkZSUyMHB1dGVyJTIwaSUyMHRvc3RpcmFuaSUyMGJyaW8lQzUlQTElMjBobGViJTIyJTJDJTIycGlyY2UlMjIlM0ElMjIyMzUwJTIyJTdEJTJDJTdCJTIydGl0bGUlMjIlM0ElMjJMT1NPUyUyMFRBVEFSJTIyJTJDJTIydGV4dCUyMiUzQSUyMmxvc29zJTJDJTIwa2FwYXIlMkMlMjBjcnZlbmklMjBsdWslMkMlMjBtaXJvJUM0JTkxaWphJTJDJTIwa3JlbSUyMGZyZXNoJTIwbmFtYXolMkMlMjBpJTIwdG9zdGlyYW5pJTIwYnJpbyVDNSVBMSUyMGhsZWIlMjIlMkMlMjJwaXJjZSUyMiUzQSUyMjExMDAlMjIlN0QlNUQ=&#8220; uc_fonts_data=&#8220;JTdCJTdE&#8220;][\/vc_column_inner][vc_column_inner width=&#8220;1\/2&#8243;]<div class=\"qodef-section-title-holder calisi-menu-title qodef-st-standard qodef-st-title-left  qodef-st-normal-space  \" >\n\t<div class=\"qodef-st-inner\">\n        \t\t\t\t\t<h2 class=\"qodef-st-title\" >\n\t\t\t\tTOPLA PREDJELA\t\t\t<\/h2>\n\t\t\t\t\t<\/div>\n<\/div>[ucaddon_simple_food_menu admin_lbl=&#8220;TOPLA PREDJELA&#8220; uc_items_data=&#8220;JTVCJTdCJTIydGl0bGUlMjIlM0ElMjJHUklMT1ZBTkklMjBTSVIlMjBTQSUyMEQlQzUlQkRFTU9NJTIwT0QlMjBLQUpTSUpBJTIwSSUyMEtBUkFNRUxJWk9WQU5JTSUyME9SQUhPTSUyMiUyQyUyMnRleHQlMjIlM0ElMjIlMjIlMkMlMjJwaXJjZSUyMiUzQSUyMjU1MCUyMiU3RCUyQyU3QiUyMnRpdGxlJTIyJTNBJTIyRkFMQUZFTCUyMFNBJTIwSFVNVVNPTSUyMEklMjBCQUxLQU5TS09NJTIwU0FMU09NJTIyJTJDJTIydGV4dCUyMiUzQSUyMiUyMiUyQyUyMnBpcmNlJTIyJTNBJTIyNjAwJTIyJTdEJTJDJTdCJTIydGl0bGUlMjIlM0ElMjJTVVZFJTIwJUM1JUEwTEpJVkUlMjBQVU5KRU5FJTIwS09aSUpJTSUyMFNJUk9NJTIwUk9MT1ZBTkUlMjBVJTIwU0xBTklOSSUyMC0lMjBTRVJCSUElMjBESVNIJTIyJTJDJTIydGV4dCUyMiUzQSUyMiUyMiUyQyUyMnBpcmNlJTIyJTNBJTIyNzUwJTIyJTdEJTJDJTdCJTIydGl0bGUlMjIlM0ElMjJDRUxFUiUyMFUlMjBIUlNLQVZPSiUyMEtPUklDSSUyMFNBJTIwTEpVVElNJTIwSSUyMEtSRU0lMjBGUkVTSCUyME5BTUFaT00lMjIlMkMlMjJ0ZXh0JTIyJTNBJTIyJTIyJTJDJTIycGlyY2UlMjIlM0ElMjI1MDAlMjIlN0QlNUQ=&#8220; uc_fonts_data=&#8220;JTdCJTdE&#8220;][\/vc_column_inner][\/vc_row_inner][\/vc_column][\/vc_row][vc_row][vc_column][vc_row_inner css=&#8220;.vc_custom_1699564688001{margin-top: 30px !important;margin-bottom: 50px !important;}&#8220;][vc_column_inner][vc_column_text]<\/p>\n<h2 style=\"text-align: center;\">SUPE, PASTE I RI\u017dOTA<\/h2>\n<p>[\/vc_column_text][\/vc_column_inner][\/vc_row_inner][vc_row_inner][vc_column_inner width=&#8220;1\/2&#8243;]<div class=\"qodef-section-title-holder calisi-menu-title qodef-st-standard qodef-st-title-left  qodef-st-normal-space  \" >\n\t<div class=\"qodef-st-inner\">\n        \t\t\t\t\t<h2 class=\"qodef-st-title\" >\n\t\t\t\tSUPE - POTA\u017dI\t\t\t<\/h2>\n\t\t\t\t\t<\/div>\n<\/div>[ucaddon_simple_food_menu admin_lbl=&#8220;SUPE &#8211; POTA\u017dI&#8220; uc_items_data=&#8220;JTVCJTdCJTIydGl0bGUlMjIlM0ElMjJUUkFESUNJT05BTE5BJTIwVEVMRSVDNCU4NkElMjBSQUdVJTIwJUM0JThDT1JCQSUyMiUyQyUyMnRleHQlMjIlM0ElMjJkb21hJUM0JTg3aSUyMG1pbGVyYW0lMjBpJTIwdmxhJUM1JUExYWMlMjIlMkMlMjJwaXJjZSUyMiUzQSUyMjM1MCUyMiU3RCUyQyU3QiUyMnRpdGxlJTIyJTNBJTIyR09WRSVDNCU5MEElMjBTVVBBJTIyJTJDJTIydGV4dCUyMiUzQSUyMmRvbWElQzQlODdhJTIwa25lZGxhJTJDJTIwJUM1JUExYXJnYXJlcGElMjBpJTIwbWVzbyUyMiUyQyUyMnBpcmNlJTIyJTNBJTIyMzAwJTIyJTdEJTJDJTdCJTIydGl0bGUlMjIlM0ElMjJQT1RBJUM1JUJEJTIwREFOQSUyMiUyQyUyMnRleHQlMjIlM0ElMjIlMjIlMkMlMjJwaXJjZSUyMiUzQSUyMjMwMCUyMiU3RCU1RA==&#8220; uc_fonts_data=&#8220;JTdCJTdE&#8220;][\/vc_column_inner][vc_column_inner width=&#8220;1\/2&#8243;]<div class=\"qodef-section-title-holder calisi-menu-title qodef-st-standard qodef-st-title-left  qodef-st-normal-space  \" >\n\t<div class=\"qodef-st-inner\">\n        \t\t\t\t\t<h2 class=\"qodef-st-title\" >\n\t\t\t\tPASTE I RI\u017dOTA\t\t\t<\/h2>\n\t\t\t\t\t<\/div>\n<\/div>[ucaddon_simple_food_menu admin_lbl=&#8220;PASTA &#8211; RI\u017dOTA&#8220; uc_items_data=&#8220;JTVCJTdCJTIydGl0bGUlMjIlM0ElMjJUQUxKQVRFTEUlMjBTQSUyMEZSVSVDNSVBMEtPR09SU0tJTSUyMFRBUlRVRklNQSUyMEklMjBQUiVDNSVBMFVUT00lMjAtJTIwU0VSQklBJTIwRElTSCUyMiUyQyUyMnRleHQlMjIlM0ElMjIlMjIlMkMlMjJwaXJjZSUyMiUzQSUyMjEyMDAlMjIlN0QlMkMlN0IlMjJ0aXRsZSUyMiUzQSUyMiVDNSVBMFBBR0VURSUyMEJPTE9OSkVaJTIyJTJDJTIydGV4dCUyMiUzQSUyMiUyMiUyQyUyMnBpcmNlJTIyJTNBJTIyOTAwJTIyJTdEJTJDJTdCJTIydGl0bGUlMjIlM0ElMjJQRU5FJTIwTkFQT0xJVEFOQSUyMiUyQyUyMnRleHQlMjIlM0ElMjIlMjIlMkMlMjJwaXJjZSUyMiUzQSUyMjgwMCUyMiU3RCUyQyU3QiUyMnRpdGxlJTIyJTNBJTIyUkklQzUlQkRPVE8lMjBTQSUyMEdBTUJPUklNQSUyMEklMjAlQzUlQTBBRlJBTk9NJTIyJTJDJTIydGV4dCUyMiUzQSUyMiUyMiUyQyUyMnBpcmNlJTIyJTNBJTIyMTIwMCUyMiU3RCUyQyU3QiUyMnRpdGxlJTIyJTNBJTIyUkklQzUlQkRPVE8lMjBTQSUyMFNQQU5BJUM0JTg2RU0lMkMlMjBHUkElQzUlQTBLT00lMjBJJTIwUElMRVRJTk9NJTIyJTJDJTIydGV4dCUyMiUzQSUyMiUyMiUyQyUyMnBpcmNlJTIyJTNBJTIyOTUwJTIyJTdEJTVE&#8220; uc_fonts_data=&#8220;JTdCJTdE&#8220;][\/vc_column_inner][\/vc_row_inner][\/vc_column][\/vc_row][vc_row][vc_column][vc_row_inner css=&#8220;.vc_custom_1699564688001{margin-top: 30px !important;margin-bottom: 50px !important;}&#8220;][vc_column_inner][vc_column_text]<\/p>\n<h2 style=\"text-align: center;\">GLAVNA JELA<\/h2>\n<p>[\/vc_column_text][\/vc_column_inner][\/vc_row_inner][vc_row_inner][vc_column_inner width=&#8220;1\/2&#8243;]<div class=\"qodef-section-title-holder calisi-menu-title qodef-st-standard qodef-st-title-left  qodef-st-normal-space  \" >\n\t<div class=\"qodef-st-inner\">\n        \t\t\t\t\t<h2 class=\"qodef-st-title\" >\n\t\t\t\tPILETINA I \u0106URETINA\t\t\t<\/h2>\n\t\t\t\t\t<\/div>\n<\/div>[ucaddon_simple_food_menu admin_lbl=&#8220;PILETINA I \u0106URETINA&#8220; uc_items_data=&#8220;JTVCJTdCJTIydGl0bGUlMjIlM0ElMjJQSUxFJUM0JTg2SSUyMEZJTEUlMjBVJTIwU1VQUklNJTIwU09TVSUyMiUyQyUyMnRleHQlMjIlM0ElMjJwaWxlJUM0JTg3aSUyMGZpbGUlMkMlMjBncmlsb3Zhbm8lMjBwb3ZyJUM0JTg3ZSUyMiUyQyUyMnBpcmNlJTIyJTNBJTIyMTE1MCUyMiU3RCUyQyU3QiUyMnRpdGxlJTIyJTNBJTIyJUM0JTg2VVJFJUM0JTg2QSUyMFJPTE5JQ0ElMjIlMkMlMjJ0ZXh0JTIyJTNBJTIyJUM0JTg3dXJlJUM0JTg3aSUyMGZpbGUlMjBwdW5qZW4lMjBwciVDNSVBMXV0b20lMkMlMjBzcGFuYSVDNCU4N2VtJTJDJTIwbW9jYXJlbG9tJTIwaSUyMHNvcyUyMG9kJTIwZG9tYSVDNCU4N2VnJTIwcGVzdGElMjIlMkMlMjJwaXJjZSUyMiUzQSUyMjE3MDAlMjIlN0QlNUQ=&#8220; uc_fonts_data=&#8220;JTdCJTdE&#8220;]<div class=\"qodef-section-title-holder calisi-menu-title qodef-st-standard qodef-st-title-left  qodef-st-normal-space  \" >\n\t<div class=\"qodef-st-inner\">\n        \t\t\t\t\t<h2 class=\"qodef-st-title\" >\n\t\t\t\tSVINJETINA\t\t\t<\/h2>\n\t\t\t\t\t<\/div>\n<\/div>[ucaddon_simple_food_menu admin_lbl=&#8220;SVINJETINA&#8220; uc_items_data=&#8220;JTVCJTdCJTIydGl0bGUlMjIlM0ElMjJLQVJBJUM0JTkwT1IlQzQlOTBFVkElMjAlQzUlQTBOSUNMQSUyMC0lMjBTRVJCSUElMjBESVNIJTIyJTJDJTIydGV4dCUyMiUzQSUyMnN2aW5qc2tpJTIwZmlsZSUyQyUyMHBvbWZyaXQlMkMlMjB0YXJ0YXIlMjBzb3MlMjIlMkMlMjJwaXJjZSUyMiUzQSUyMjE2MDAlMjIlN0QlMkMlN0IlMjJ0aXRsZSUyMiUzQSUyMlZSQVQlMjBPRCUyME1BTkdVTElDRSUyMiUyQyUyMnRleHQlMjIlM0ElMjJzdmluanNraSUyMHZyYXQlMjBvZCUyMG1hbmd1bGljZSUyQyUyMHBpcmUlMjBrcm9tcGlyJTJDJTIwa2FyYW1lbGl6b3ZhbmklMjBsdWslMjIlMkMlMjJwaXJjZSUyMiUzQSUyMjE3NTAlMjIlN0QlNUQ=&#8220; uc_fonts_data=&#8220;JTdCJTdE&#8220;]<div class=\"qodef-section-title-holder calisi-menu-title qodef-st-standard qodef-st-title-left  qodef-st-normal-space  \" >\n\t<div class=\"qodef-st-inner\">\n        \t\t\t\t\t<h2 class=\"qodef-st-title\" >\n\t\t\t\tRIBA\t\t\t<\/h2>\n\t\t\t\t\t<\/div>\n<\/div>[ucaddon_simple_food_menu admin_lbl=&#8220;RIBA&#8220; uc_items_data=&#8220;JTVCJTdCJTIydGl0bGUlMjIlM0ElMjJHUklMT1ZBTkklMjBTTVUlQzQlOTAlMjAtJTIwU0VSQklBJTIwRElTSCUyMiUyQyUyMnRleHQlMjIlM0ElMjJzbXUlQzQlOTElMkMlMjBwaXJlJTIwb2QlMjBncmElQzUlQTFrYSUyQyUyMHNvdGlyYW5pJTIwZ3JhJUM1JUExYWslMjBpJTIwbWxhZGljZSUyMGdyYSVDNSVBMWthJTIyJTJDJTIycGlyY2UlMjIlM0ElMjIyMTAwJTIyJTdEJTJDJTdCJTIydGl0bGUlMjIlM0ElMjJMT1NPUyUyMiUyQyUyMnRleHQlMjIlM0ElMjJsb3NvcyUyQyUyMGJhdGF0JTIwcGlyZSUyQyUyMGJyb2tvbGklMkMlMjBvcmlnYW5vJTIwc29zJTJDJTIwbWFyaW5pcmFuaSUyMGtyYXN0c2F2YWMlMjBkb21hJUM0JTg3ZWclMjBwZXN0YSUyMiUyQyUyMnBpcmNlJTIyJTNBJTIyMjI1MCUyMiU3RCUyQyU3QiUyMnRpdGxlJTIyJTNBJTIyRklMRVRJJTIwQlJBTkNJTkElMjIlMkMlMjJ0ZXh0JTIyJTNBJTIyZmlsZXRpJTIwYnJhbmNpbmElMkMlMjBrdXZhbmklMjBrcm9tcGlyJTJDJTIwcGlyZSUyMHNwYW5hJUM0JTg3JTJDJTIwbmFyJTIyJTJDJTIycGlyY2UlMjIlM0ElMjIyNTUwJTIyJTdEJTVE&#8220; uc_fonts_data=&#8220;JTdCJTdE&#8220;][\/vc_column_inner][vc_column_inner width=&#8220;1\/2&#8243;]<div class=\"qodef-section-title-holder calisi-menu-title qodef-st-standard qodef-st-title-left  qodef-st-normal-space  \" >\n\t<div class=\"qodef-st-inner\">\n        \t\t\t\t\t<h2 class=\"qodef-st-title\" >\n\t\t\t\tJUNETINA I TELETINA\t\t\t<\/h2>\n\t\t\t\t\t<\/div>\n<\/div>[ucaddon_simple_food_menu admin_lbl=&#8220;JUNETINA I TELETINA&#8220; uc_items_data=&#8220;JTVCJTdCJTIydGl0bGUlMjIlM0ElMjJUQUxKQVRBJTIwQklGVEVLJTIyJTJDJTIydGV4dCUyMiUzQSUyMmJsYWNrJTIwYW5ndXMlMjBmaWxlJTJDJTIwcnVrb2xhJTJDJTIwY3J2ZW5pJTIwbHVrJTJDJTIwcGFybWV6YW4lMkMlMjBocnNrYXZhJTIwc2xhbmluYSUyMiUyQyUyMnBpcmNlJTIyJTNBJTIyMzU1MCUyMiU3RCUyQyU3QiUyMnRpdGxlJTIyJTNBJTIyQkxBQ0slMjBBTkdVUyUyMEJJRlRFSyUyMiUyQyUyMnRleHQlMjIlM0ElMjJibGFjayUyMGFuZ3VzJTIwZmlsZSUyQyUyMHB1dGVyJTIwa3JvbXBpciUyQyUyMHNvcyUyMG9kJTIwYmliZXJhJTIyJTJDJTIycGlyY2UlMjIlM0ElMjIzNjUwJTIyJTdEJTJDJTdCJTIydGl0bGUlMjIlM0ElMjJCTEFDSyUyMEFOR1VTJTIwUklCRVlFJTIyJTJDJTIydGV4dCUyMiUzQSUyMmJsYWNrJTIwYW5ndXMlMjByaWJlemUlMkMlMjBicm9rb2xpJTJDJTIwJUM1JUExYXJnYXJlcGElMkMlMjBhcm9tYXRpem92YW5pJTIwcHV0ZXIlMjIlMkMlMjJwaXJjZSUyMiUzQSUyMjQ1MDAlMjIlN0QlMkMlN0IlMjJ0aXRsZSUyMiUzQSUyMlJPTE9WQU5BJTIwVEVMRVRJTkElMjIlMkMlMjJ0ZXh0JTIyJTNBJTIydGVsZXRpbmElMkMlMjBnbGF6aXJhbmElMjAlQzUlQTFhcmdhcmVwYSUyQyUyMHJlbiUyMHNvcyUyMiUyQyUyMnBpcmNlJTIyJTNBJTIyMjcwMCUyMiU3RCUyQyU3QiUyMnRpdGxlJTIyJTNBJTIyQkxBQ0slMjBBTkdVUyUyMCVDNCU4NkVWQVBJJTIwLSUyMFNFUkJJQSUyMERJU0glMjIlMkMlMjJ0ZXh0JTIyJTNBJTIyYmxhY2slMjBhbmd1cyUyMCVDNCU4N2V2YXAlMkMlMjBsZXBpbmphJTJDJTIwa2FqbWFrJTJDJTIwa29ybmklQzUlQTFvbmklMkMlMjBjcnZlbmklMjBsdWslMkMlMjBrcm9tcGlyJTIyJTJDJTIycGlyY2UlMjIlM0ElMjIxODAwJTIyJTdEJTVE&#8220; uc_fonts_data=&#8220;JTdCJTdE&#8220;]<div class=\"qodef-section-title-holder calisi-menu-title qodef-st-standard qodef-st-title-left  qodef-st-normal-space  \" >\n\t<div class=\"qodef-st-inner\">\n        \t\t\t\t\t<h2 class=\"qodef-st-title\" >\n\t\t\t\tJAGNJETINA\t\t\t<\/h2>\n\t\t\t\t\t<\/div>\n<\/div>[ucaddon_simple_food_menu admin_lbl=&#8220;JAGNJETINA&#8220; uc_items_data=&#8220;JTVCJTdCJTIydGl0bGUlMjIlM0ElMjJQUkVTT1ZBTkElMjBQRSVDNSVBMFRFUlNLQSUyMEpBR05KRVRJTkElMjAtJTIwU0VSQklBJTIwRElTSCUyMiUyQyUyMnRleHQlMjIlM0ElMjJqYWduamV0aW5hJTJDJTIwbWxhZGklMjBrcm9tcGlyJTJDJTIwc3BhbmElQzQlODclMkMlMjBkZW1pJTIwZ2xhcyUyMHNvcyUyMiUyQyUyMnBpcmNlJTIyJTNBJTIyMjEwMCUyMiU3RCUyQyU3QiUyMnRpdGxlJTIyJTNBJTIyJUM0JTg2VUZUSUNFJTIwT0QlMjBKQUdOSkVUSU5FJTIyJTJDJTIydGV4dCUyMiUzQSUyMmphZ25qZXRpbmElMkMlMjB0emF0emlraSUyMHNvcyUyQyUyMHNhbGF0YSUyMG9kJTIwemElQzQlOERpbnNrb2clMjBiaWxqYSUyMGklMjBtYXJpbmlyYW5pJTIwa3Jhc3RhdmFjJTIwZG9tYSVDNCU4N2VnJTIwcGVzdGElMjIlMkMlMjJwaXJjZSUyMiUzQSUyMjE3NTAlMjIlN0QlNUQ=&#8220; uc_fonts_data=&#8220;JTdCJTdE&#8220;][\/vc_column_inner][\/vc_row_inner][\/vc_column][\/vc_row][vc_row][vc_column][vc_row_inner css=&#8220;.vc_custom_1699564688001{margin-top: 30px !important;margin-bottom: 50px !important;}&#8220;][vc_column_inner][vc_column_text]<\/p>\n<h2 style=\"text-align: center;\">SALATE I GRICKALICE<\/h2>\n<p>[\/vc_column_text][\/vc_column_inner][\/vc_row_inner][vc_row_inner][vc_column_inner width=&#8220;1\/2&#8243;]<div class=\"qodef-section-title-holder calisi-menu-title qodef-st-standard qodef-st-title-left  qodef-st-normal-space  \" >\n\t<div class=\"qodef-st-inner\">\n        \t\t\t\t\t<h2 class=\"qodef-st-title\" >\n\t\t\t\tOBROK SALATE\t\t\t<\/h2>\n\t\t\t\t\t<\/div>\n<\/div>[ucaddon_simple_food_menu admin_lbl=&#8220;OBROK SALATE&#8220; uc_items_data=&#8220;JTVCJTdCJTIydGl0bGUlMjIlM0ElMjJDRVpBUiUyMFNBTEFUQSUyMiUyQyUyMnRleHQlMjIlM0ElMjJwaWxlJUM0JTg3aSUyMGZpbGUlMkMlMjBpY2ViZXJnJTIwc2FsYXRhJTJDJTIwcGFyYWRhanolMkMlMjBrcnV0b25pJTJDJTIwY2V6YXIlMjBkcmVzaW5nJTIyJTJDJTIycGlyY2UlMjIlM0ElMjIxMTAwJTIyJTdEJTJDJTdCJTIydGl0bGUlMjIlM0ElMjJESU1MSkVOSSUyMExPU09TJTIwU0ElMjBLSU5PT00lMjIlMkMlMjJ0ZXh0JTIyJTNBJTIyZGltbGplbmklMjBsb3NvcyUyQyUyMGtpbm9hJTJDJTIwa3Jhc3RhdmFjJTJDJTIwcGFyYWRhanolMkMlMjBzZW5mJTIwZHJlc2luZyUyMiUyQyUyMnBpcmNlJTIyJTNBJTIyMTU1MCUyMiU3RCUyQyU3QiUyMnRpdGxlJTIyJTNBJTIyS0FSUEVaRSUyMFNBTEFUQSUyMiUyQyUyMnRleHQlMjIlM0ElMjJidXJhdGElMkMlMjBwYXJhZGFqeiUyQyUyMGRvbWElQzQlODdpJTIwcGVzdG8lMkMlMjBwaW5qb2xpJTJDJTIwYm9zaWxqYWslMjIlMkMlMjJwaXJjZSUyMiUzQSUyMjEwMDAlMjIlN0QlNUQ=&#8220; uc_fonts_data=&#8220;JTdCJTdE&#8220;]<div class=\"qodef-section-title-holder calisi-menu-title qodef-st-standard qodef-st-title-left  qodef-st-normal-space  \" >\n\t<div class=\"qodef-st-inner\">\n        \t\t\t\t\t<h2 class=\"qodef-st-title\" >\n\t\t\t\tSNACK\t\t\t<\/h2>\n\t\t\t\t\t<\/div>\n<\/div>[ucaddon_simple_food_menu admin_lbl=&#8220;SNACK&#8220; uc_items_data=&#8220;JTVCJTdCJTIydGl0bGUlMjIlM0ElMjJDUk9RVUUlMjBNQURBTUUlMjIlMkMlMjJ0ZXh0JTIyJTNBJTIydG9zdCUyMGhsZWIlMkMlMjAlQzUlQTF1bmthJTJDJTIwa2ElQzQlOERrYXZhbGolMkMlMjBqYWphJTJDJTIwcG9tcml0JTJDJTIwa2UlQzQlOERhcCUyMiUyQyUyMnBpcmNlJTIyJTNBJTIyNjAwJTIyJTdEJTJDJTdCJTIydGl0bGUlMjIlM0ElMjJDTFVCJTIwU0VORFZJJUM0JThDJTIyJTJDJTIydGV4dCUyMiUzQSUyMnRvc3QlMjBobGViJTJDJTIwaWNlYmVyZyUyMHNhbGF0YSUyQyUyMHBpbGUlQzQlODdpJTIwZmlsZSUyQyUyMGphamElMkMlMjBkaW1samVuYSUyMHNsYW5pbmElMkMlMjAlQzUlQTF1bmthJTJDJTIwa2ElQzQlOERrYXZhbGolMkMlMjBwYXJhZGFqeiUyQyUyMHBvbWZyaXQlMjIlMkMlMjJwaXJjZSUyMiUzQSUyMjc1MCUyMiU3RCUyQyU3QiUyMnRpdGxlJTIyJTNBJTIyQkxBQ0slMjBBTkdVUyUyMEJVUkdFUiUyMiUyQyUyMnRleHQlMjIlM0ElMjJibGFjayUyMGFuZ3VzJTJDJTIwYnVyZ2VyJTIwemVtaSVDNCU4RGthJTJDJTIwc2xhbmluaWNhJTJDJTIwaWNlYmVyZyUyMHNhbGF0YSUyQyUyMGtpc2VsaSUyMGtyYXN0YXYlQzQlOERpJUM0JTg3aSUyQyUyMHBhcmFkYWp6JTJDJTIwbWFqb25leiUyQyUyMGtlJUM0JThEYXAlMkMlMjBwb21mcml0JTIyJTJDJTIycGlyY2UlMjIlM0ElMjIxNDAwJTIyJTdEJTJDJTdCJTIydGl0bGUlMjIlM0ElMjJQQVNUUkFNSSUyMFNFTkRWSSVDNCU4QyUyMiUyQyUyMnRleHQlMjIlM0ElMjJyYW1zdGVrJTJDJTIwY3J2ZW5pJTIwbHVrJTJDJTIwa2lmbGElMkMlMjBzZW5mJTJDJTIwa2lzZWxhJTIwcGF2bGFrYSUyQyUyMHB1dGVyJTIyJTJDJTIycGlyY2UlMjIlM0ElMjI5MDAlMjIlN0QlMkMlN0IlMjJ0aXRsZSUyMiUzQSUyMkJVUklUTyUyMFNBJTIwUElMRVRJTk9NJTIyJTJDJTIydGV4dCUyMiUzQSUyMnRvcnRpbGphJTJDJTIwaWNlYmVyZyUyMHNhbGF0YSUyQyUyMHBpbGUlQzQlODdpJTIwZmlsZSUyQyUyMCVDNCU4RGVyaSUyMHBhcmFkYWp6JTJDJTIwbWFqb25leiUyQyUyMGthcGFyJTIwaW4lQzQlODd1bmklMkMlMjBwYXJtZXphbiUyQyUyMHBvbWZyaXQlMkMlMjBrZSVDNCU4RGFwJTIyJTJDJTIycGlyY2UlMjIlM0ElMjI4MDAlMjIlN0QlNUQ=&#8220; uc_fonts_data=&#8220;JTdCJTdE&#8220;][\/vc_column_inner][vc_column_inner width=&#8220;1\/2&#8243;]<div class=\"qodef-section-title-holder calisi-menu-title qodef-st-standard qodef-st-title-left  qodef-st-normal-space  \" >\n\t<div class=\"qodef-st-inner\">\n        \t\t\t\t\t<h2 class=\"qodef-st-title\" >\n\t\t\t\tSALATE\t\t\t<\/h2>\n\t\t\t\t\t<\/div>\n<\/div>[ucaddon_simple_food_menu admin_lbl=&#8220;SALATE&#8220; uc_items_data=&#8220;JTVCJTdCJTIydGl0bGUlMjIlM0ElMjJTUlBTS0ElMjBTQUxBVEElMjAtJTIwU0VSQklBJTIwRElTSCUyMiUyQyUyMnRleHQlMjIlM0ElMjIlMjIlMkMlMjJwaXJjZSUyMiUzQSUyMjQ2NSUyMiU3RCUyQyU3QiUyMnRpdGxlJTIyJTNBJTIyJUM1JUEwT1BTS0ElMjIlMkMlMjJ0ZXh0JTIyJTNBJTIyJTIyJTJDJTIycGlyY2UlMjIlM0ElMjI0ODAlMjIlN0QlMkMlN0IlMjJ0aXRsZSUyMiUzQSUyMlBBUkFEQUpaJTIwU0lSJTIwU0FMQVRBJTIyJTJDJTIydGV4dCUyMiUzQSUyMiUyMiUyQyUyMnBpcmNlJTIyJTNBJTIyNDY1JTIyJTdEJTJDJTdCJTIydGl0bGUlMjIlM0ElMjJLUkFTVEFWQUMlMjBTSVIlMjBTQUxBVEElMjIlMkMlMjJ0ZXh0JTIyJTNBJTIyJTIyJTJDJTIycGlyY2UlMjIlM0ElMjI0NjUlMjIlN0QlMkMlN0IlMjJ0aXRsZSUyMiUzQSUyMlJVS09MQSUyMFNBTEFUQSUyMiUyQyUyMnRleHQlMjIlM0ElMjIlMjIlMkMlMjJwaXJjZSUyMiUzQSUyMjQ4MCUyMiU3RCUyQyU3QiUyMnRpdGxlJTIyJTNBJTIyTUUlQzUlQTBBTkUlMjBaRUxFTkUlMjBTQUxBVEUlMjIlMkMlMjJ0ZXh0JTIyJTNBJTIyJTIyJTJDJTIycGlyY2UlMjIlM0ElMjI0NjUlMjIlN0QlMkMlN0IlMjJ0aXRsZSUyMiUzQSUyMlZJVEFNSU5TS0ElMjBTQUxBVEElMjIlMkMlMjJ0ZXh0JTIyJTNBJTIyJTIyJTJDJTIycGlyY2UlMjIlM0ElMjI0NjUlMjIlN0QlMkMlN0IlMjJ0aXRsZSUyMiUzQSUyMkdSJUM0JThDS0ElMjBTQUxBVEElMjIlMkMlMjJ0ZXh0JTIyJTNBJTIyJTIyJTJDJTIycGlyY2UlMjIlM0ElMjI1MTAlMjIlN0QlNUQ=&#8220; uc_fonts_data=&#8220;JTdCJTdE&#8220;][\/vc_column_inner][\/vc_row_inner][\/vc_column][\/vc_row][vc_row disable_element=&#8220;yes&#8220; css=&#8220;.vc_custom_1735338261387{margin-bottom: 50px !important;}&#8220;][vc_column][vc_row_inner css=&#8220;.vc_custom_1699565845410{margin-top: 30px !important;margin-bottom: 50px !important;}&#8220;][vc_column_inner][vc_column_text]<\/p>\n<h4 style=\"text-align: center;\">Prepustite se u\u017eivanju uz na\u0161e slatke dezerte!<\/h4>\n<h4 style=\"text-align: center;\">Svaki zalogaj ima ukus raja!<\/h4>\n<p>[\/vc_column_text][\/vc_column_inner][\/vc_row_inner][vc_row_inner][vc_column_inner]<div class=\"qodef-section-title-holder calisi-menu-title qodef-st-standard qodef-st-title-left  qodef-st-normal-space  \" style=\"text-align: center\">\n\t<div class=\"qodef-st-inner\">\n        \t\t\t\t\t<h2 class=\"qodef-st-title\" >\n\t\t\t\tBELGIJSKI WAFFLE SLATKI\t\t\t<\/h2>\n\t\t\t\t\t<\/div>\n<\/div>[\/vc_column_inner][\/vc_row_inner][vc_row_inner][vc_column_inner][ucaddon_simple_food_menu admin_lbl=&#8220;BELGIJSKI WAFFLE SLATKI&#8220; uc_items_data=&#8220;JTVCJTdCJTIydGl0bGUlMjIlM0ElMjJPUkVPJTIwV0FGRkxFJTIyJTJDJTIydGV4dCUyMiUzQSUyMm9yZW8lMjBrZWtzJTJDJTIwbnV0ZWxhJTJDJTIwc2xhZG9sZWQlMkMlMjAlQzUlQTFsYWclMjIlMkMlMjJwaXJjZSUyMiUzQSUyMjQ3MCUyMiU3RCUyQyU3QiUyMnRpdGxlJTIyJTNBJTIyU05JQ0tFUlMlMjBXQUZGTEUlMjIlMkMlMjJ0ZXh0JTIyJTNBJTIybnV0ZWxhJTJDJTIwa2FyYW1lbGElMkMlMjBraWtpcmlraSUyQyUyMHNsYWRvbGVkJTJDJTIwJUM1JUExbGFnJTIyJTJDJTIycGlyY2UlMjIlM0ElMjI0NTUlMjIlN0QlMkMlN0IlMjJ0aXRsZSUyMiUzQSUyMkJPVU5UWSUyMFdBRkZMRSUyMiUyQyUyMnRleHQlMjIlM0ElMjJudXRlbGElMkMlMjBiZWxhJTIwJUM0JThEb2tvbGFkYSUyQyUyMGtva29zJTJDJTIwbWxla28lMkMlMjBzbGFkb2xlZCUyQyUyMCVDNSVBMWxhZyUyMiUyQyUyMnBpcmNlJTIyJTNBJTIyNDU1JTIyJTdEJTVE&#8220; uc_fonts_data=&#8220;JTdCJTdE&#8220;][\/vc_column_inner][\/vc_row_inner][vc_row_inner][vc_column_inner]<div class=\"qodef-section-title-holder calisi-menu-title qodef-st-standard qodef-st-title-left  qodef-st-normal-space  \" style=\"text-align: center\">\n\t<div class=\"qodef-st-inner\">\n        \t\t\t\t\t<h2 class=\"qodef-st-title\" >\n\t\t\t\tDEZERTI\t\t\t<\/h2>\n\t\t\t\t\t<\/div>\n<\/div>[\/vc_column_inner][\/vc_row_inner][vc_row_inner][vc_column_inner][ucaddon_simple_food_menu admin_lbl=&#8220;DEZERTI&#8220; uc_items_data=&#8220;JTVCJTdCJTIydGl0bGUlMjIlM0ElMjJTb3VmZmwlQzMlQTklMjIlMkMlMjJ0ZXh0JTIyJTNBJTIyYmVsZ2lqc2thJTIwJUM0JThEb2tvbGFkYSUyQyUyMHNsYWRvbGVkJTIyJTJDJTIycGlyY2UlMjIlM0ElMjI1NTAlMjIlN0QlMkMlN0IlMjJ0aXRsZSUyMiUzQSUyMlRJUkFNSVNVJTIyJTJDJTIydGV4dCUyMiUzQSUyMiUyMiUyQyUyMnBpcmNlJTIyJTNBJTIyNDUwJTIyJTdEJTJDJTdCJTIydGl0bGUlMjIlM0ElMjJQQU5OQSUyMENPVFRBJTIyJTJDJTIydGV4dCUyMiUzQSUyMiUyMiUyQyUyMnBpcmNlJTIyJTNBJTIyNDAwJTIyJTdEJTJDJTdCJTIydGl0bGUlMjIlM0ElMjJQQUxBJUM0JThDSU5LRSUyMiUyQyUyMnRleHQlMjIlM0ElMjJqYWJ1a2UlMkMlMjBjaW1ldCUyQyUyMGtyZW0lMjBrYXJhbWVsJTIyJTJDJTIycGlyY2UlMjIlM0ElMjI0NTAlMjIlN0QlMkMlN0IlMjJ0aXRsZSUyMiUzQSUyMlBBTEElQzQlOENJTktFJTIwQ1JORSUyMiUyQyUyMnRleHQlMjIlM0ElMjIlMjIlMkMlMjJwaXJjZSUyMiUzQSUyMjQ1MCUyMiU3RCUyQyU3QiUyMnRpdGxlJTIyJTNBJTIyS0FEQVlJRiUyMiUyQyUyMnRleHQlMjIlM0ElMjIlMjIlMkMlMjJwaXJjZSUyMiUzQSUyMjQ1MCUyMiU3RCUyQyU3QiUyMnRpdGxlJTIyJTNBJTIyQkFOQU5BJTIwU1BMSVQlMjIlMkMlMjJ0ZXh0JTIyJTNBJTIyJTIyJTJDJTIycGlyY2UlMjIlM0ElMjI1NTAlMjIlN0QlNUQ=&#8220; uc_fonts_data=&#8220;JTdCJTdE&#8220;][\/vc_column_inner][\/vc_row_inner][\/vc_column][\/vc_row]<\/p>\n<\/section>","protected":false},"excerpt":{"rendered":"<p>[vc_row css=&#8220;.vc_custom_1699561819437{margin-bottom: 50px !important;}&#8220;][vc_column][vc_row_inner][vc_column_inner][vc_column_text] FRANCUSKI ZA\u010cIN NA NA\u0160 NA\u010cIN [\/vc_column_text][\/vc_column_inner][\/vc_row_inner][\/vc_column][\/vc_row][vc_row][vc_column][vc_row_inner css=&#8220;.vc_custom_1699564688001{margin-top: 30px !important;margin-bottom: 50px !important;}&#8220;][vc_column_inner][vc_column_text] PREDJELA [\/vc_column_text][\/vc_column_inner][\/vc_row_inner][vc_row_inner][vc_column_inner width=&#8220;1\/2&#8243;][ucaddon_simple_food_menu admin_lbl=&#8220;PREDJELA&#8220; uc_items_data=&#8220;JTVCJTdCJTIydGl0bGUlMjIlM0ElMjJQTEFUQSUyMCU1QyUyMkNBTElTSSU1QyUyMiUyMFpBJTIwRFZFJTIwT1NPQkUlMjIlMkMlMjJ0ZXh0JTIyJTNBJTIyc3Zpbmpza2ElMjBwciVDNSVBMXV0YSUyQyUyMGJ1JUM0JTkxb2xhJTJDJTIwZ292ZSVDNCU5MWElMjBwciVDNSVBMXV0YSUyQyUyMGtvemlqaSUyMHNpciUyMHNhJTIwdGFydHVmaW1hJTJDJTIwa29ybmklQzUlQTFvbmklMkMlMjBjcnZlbmklMjBsdWslMjBpJTIwJUM0JThEZXJpJTIwcGFyYWRhanolMjIlMkMlMjJwaXJjZSUyMiUzQSUyMjIxMDAlMjIlN0QlMkMlN0IlMjJ0aXRsZSUyMiUzQSUyMlNFTEVLQ0lKQSUyMFNUUkFOSUglMjBTSVJFVkElMjIlMkMlMjJ0ZXh0JTIyJTNBJTIyZ29yZ29uem9sYSUyQyUyMGJyaSUyQyUyMHBhcm1lemFuJTJDJTIwZW1lbnRhbGVyJTJDJTIwY2FtYW1iZXIlMjIlMkMlMjJwaXJjZSUyMiUzQSUyMjEyMDAlMjIlN0QlMkMlN0IlMjJ0aXRsZSUyMiUzQSUyMktBUlBBJUM0JTg2TyUyME9EJTIwR09WRSVDNCU5MEVHJTIwRklMRUElMjIlMkMlMjJ0ZXh0JTIyJTNBJTIyZ292ZSVDNCU5MWklMjBmaWxlJTIwc2ElMjBzdmUlQzUlQkVvbSUyMHJ1a29sb20lMkMlMjBwaW5qb2xpbWElMjBpJTIwZGklQzUlQkVvbiUyMHNlbmZvbSUyMiUyQyUyMnBpcmNlJTIyJTNBJTIyMTk1MCUyMiU3RCUyQyU3QiUyMnRpdGxlJTIyJTNBJTIyVEFUQVIlMjBCSUZURUslMjBOQSUyME5BJUM1JUEwJTIwTkElQzQlOENJTiUyMiUyQyUyMnRleHQlMjIlM0ElMjJnb3ZlJUM0JTkxaSUyMGZpbGUlMjBzYSUyMHphJUM0JThEaW5pbWElMkMlMjBob21lJTIwbWFkZSUyMHB1dGVyJTIwaSUyMHRvc3RpcmFuaSUyMGJyaW8lQzUlQTElMjBobGViJTIyJTJDJTIycGlyY2UlMjIlM0ElMjIyMzUwJTIyJTdEJTJDJTdCJTIydGl0bGUlMjIlM0ElMjJMT1NPUyUyMFRBVEFSJTIyJTJDJTIydGV4dCUyMiUzQSUyMmxvc29zJTJDJTIwa2FwYXIlMkMlMjBjcnZlbmklMjBsdWslMkMlMjBtaXJvJUM0JTkxaWphJTJDJTIwa3JlbSUyMGZyZXNoJTIwbmFtYXolMkMlMjBpJTIwdG9zdGlyYW5pJTIwYnJpbyVDNSVBMSUyMGhsZWIlMjIlMkMlMjJwaXJjZSUyMiUzQSUyMjExMDAlMjIlN0QlNUQ=&#8220; uc_fonts_data=&#8220;JTdCJTdE&#8220;][\/vc_column_inner][vc_column_inner width=&#8220;1\/2&#8243;][ucaddon_simple_food_menu admin_lbl=&#8220;TOPLA PREDJELA&#8220; uc_items_data=&#8220;JTVCJTdCJTIydGl0bGUlMjIlM0ElMjJHUklMT1ZBTkklMjBTSVIlMjBTQSUyMEQlQzUlQkRFTU9NJTIwT0QlMjBLQUpTSUpBJTIwSSUyMEtBUkFNRUxJWk9WQU5JTSUyME9SQUhPTSUyMiUyQyUyMnRleHQlMjIlM0ElMjIlMjIlMkMlMjJwaXJjZSUyMiUzQSUyMjU1MCUyMiU3RCUyQyU3QiUyMnRpdGxlJTIyJTNBJTIyRkFMQUZFTCUyMFNBJTIwSFVNVVNPTSUyMEklMjBCQUxLQU5TS09NJTIwU0FMU09NJTIyJTJDJTIydGV4dCUyMiUzQSUyMiUyMiUyQyUyMnBpcmNlJTIyJTNBJTIyNjAwJTIyJTdEJTJDJTdCJTIydGl0bGUlMjIlM0ElMjJTVVZFJTIwJUM1JUEwTEpJVkUlMjBQVU5KRU5FJTIwS09aSUpJTSUyMFNJUk9NJTIwUk9MT1ZBTkUlMjBVJTIwU0xBTklOSSUyMC0lMjBTRVJCSUElMjBESVNIJTIyJTJDJTIydGV4dCUyMiUzQSUyMiUyMiUyQyUyMnBpcmNlJTIyJTNBJTIyNzUwJTIyJTdEJTJDJTdCJTIydGl0bGUlMjIlM0ElMjJDRUxFUiUyMFUlMjBIUlNLQVZPSiUyMEtPUklDSSUyMFNBJTIwTEpVVElNJTIwSSUyMEtSRU0lMjBGUkVTSCUyME5BTUFaT00lMjIlMkMlMjJ0ZXh0JTIyJTNBJTIyJTIyJTJDJTIycGlyY2UlMjIlM0ElMjI1MDAlMjIlN0QlNUQ=&#8220; uc_fonts_data=&#8220;JTdCJTdE&#8220;][\/vc_column_inner][\/vc_row_inner][\/vc_column][\/vc_row][vc_row][vc_column][vc_row_inner css=&#8220;.vc_custom_1699564688001{margin-top: 30px !important;margin-bottom: 50px !important;}&#8220;][vc_column_inner][vc_column_text] SUPE, PASTE I RI\u017dOTA [\/vc_column_text][\/vc_column_inner][\/vc_row_inner][vc_row_inner][vc_column_inner width=&#8220;1\/2&#8243;][ucaddon_simple_food_menu admin_lbl=&#8220;SUPE &#8211; POTA\u017dI&#8220; [&hellip;]<\/p>\n","protected":false},"author":1,"featured_media":0,"parent":0,"menu_order":0,"comment_status":"closed","ping_status":"closed","template":"","meta":{"footnotes":""},"class_list":["post-503","page","type-page","status-publish","hentry"],"_links":{"self":[{"href":"https:\/\/www.calisi.rs\/sr\/wp-json\/wp\/v2\/pages\/503","targetHints":{"allow":["GET"]}}],"collection":[{"href":"https:\/\/www.calisi.rs\/sr\/wp-json\/wp\/v2\/pages"}],"about":[{"href":"https:\/\/www.calisi.rs\/sr\/wp-json\/wp\/v2\/types\/page"}],"author":[{"embeddable":true,"href":"https:\/\/www.calisi.rs\/sr\/wp-json\/wp\/v2\/users\/1"}],"replies":[{"embeddable":true,"href":"https:\/\/www.calisi.rs\/sr\/wp-json\/wp\/v2\/comments?post=503"}],"version-history":[{"count":18,"href":"https:\/\/www.calisi.rs\/sr\/wp-json\/wp\/v2\/pages\/503\/revisions"}],"predecessor-version":[{"id":3106,"href":"https:\/\/www.calisi.rs\/sr\/wp-json\/wp\/v2\/pages\/503\/revisions\/3106"}],"wp:attachment":[{"href":"https:\/\/www.calisi.rs\/sr\/wp-json\/wp\/v2\/media?parent=503"}],"curies":[{"name":"wp","href":"https:\/\/api.w.org\/{rel}","templated":true}]}}